{"id":153998,"date":"2023-11-23T09:56:32","date_gmt":"2023-11-23T08:56:32","guid":{"rendered":"https:\/\/secureus.se\/kombidetektor-ir-mv-dt8012f4\/"},"modified":"2026-04-08T16:40:06","modified_gmt":"2026-04-08T14:40:06","slug":"kombidetektor-ir-mv-dt8012f4","status":"publish","type":"product","link":"https:\/\/secureus.se\/pl\/kombidetektor-ir-mv-dt8012f4\/","title":{"rendered":"Honeywell COMBINED IR\/MV DETECTOR DT8012F4 - klasa alarmu 2"},"content":{"rendered":"<h1>Honeywell IR\/MV COMBID DETECTOR DT8012F4<\/h1>\n<p data-start=\"324\" data-end=\"1290\">Honeywell DT8012F4 IR\/MV COMBINED DETECTOR to wysokiej jako\u015bci czujka, kt\u00f3ra \u0142\u0105czy w sobie technologi\u0119 PIR (lustrzan\u0105) i mikrofalow\u0105, aby zapewni\u0107 niezawodn\u0105 ochron\u0119 w \u015brodowiskach komercyjnych, w kt\u00f3rych mo\u017ce by\u0107 wymagany system klasy 2.<\/p>\n<p data-start=\"324\" data-end=\"1290\">Zapewnia zwi\u0119kszon\u0105 odporno\u015b\u0107 na fa\u0142szywe alarmy dzi\u0119ki opatentowanym rozwi\u0105zaniom, w tym przetwarzaniu sygna\u0142u DualCore\u2122, dzi\u0119ki czemu idealnie nadaje si\u0119 do obszar\u00f3w, kt\u00f3re s\u0105 trudne do ochrony za pomoc\u0105 standardowych produkt\u00f3w.<br data-start=\"750\" data-end=\"753\" \/>Czujnik ten jest \u0142atwy w instalacji dzi\u0119ki funkcji wtyczki mi\u0119dzy doln\u0105 cz\u0119\u015bci\u0105 a cz\u0119\u015bci\u0105 czujnika, co skraca czas instalacji i zmniejsza jej z\u0142o\u017cono\u015b\u0107.<\/p>\n<p data-start=\"324\" data-end=\"1290\">DT8012F4 ma zasi\u0119g 12 x 17 m i technologi\u0119 mikrofalow\u0105 X-Band na cz\u0119stotliwo\u015bci 10,525 GHz, zapewniaj\u0105c optymaln\u0105 wydajno\u015b\u0107 w celu ochrony przestrzeni.<br data-start=\"1057\" data-end=\"1060\" \/>Ponadto ma odporno\u015b\u0107 na \u015bwiat\u0142o bia\u0142e wynosz\u0105c\u0105 6500 luks\u00f3w i odporno\u015b\u0107 na zwierz\u0119ta o wadze 45 kg, dzi\u0119ki czemu nadaje si\u0119 do \u015brodowisk, w kt\u00f3rych przebywaj\u0105 zwierz\u0119ta.<\/p>\n<p data-start=\"324\" data-end=\"1290\">Detektor oferuje r\u00f3wnie\u017c zatwierdzenia EN50131-2-4 Grade 2 Class II dla bezpiecznej instalacji.<\/p>\n<p data-start=\"1292\" data-end=\"1322\"><strong data-start=\"1292\" data-end=\"1320\">Funkcje i zalety:<\/strong><\/p>\n<ul data-start=\"1323\" data-end=\"1617\">\n<li data-start=\"1323\" data-end=\"1375\">\n<p data-start=\"1325\" data-end=\"1375\">Po\u0142\u0105czenie PIR i mikrofal zapewnia wysoki poziom bezpiecze\u0144stwa<\/p>\n<\/li>\n<li data-start=\"1376\" data-end=\"1444\">\n<p data-start=\"1378\" data-end=\"1444\">Ulepszona odporno\u015b\u0107 na fa\u0142szywe alarmy dzi\u0119ki przetwarzaniu sygna\u0142u DualCore\u2122<\/p>\n<\/li>\n<li data-start=\"1445\" data-end=\"1488\">\n<p data-start=\"1447\" data-end=\"1488\">\u0141atwa instalacja dzi\u0119ki funkcji wtyczki<\/p>\n<\/li>\n<li data-start=\"1489\" data-end=\"1519\">\n<p data-start=\"1491\" data-end=\"1519\">Odporno\u015b\u0107 na zwierz\u0119ta do 45 kg<\/p>\n<\/li>\n<li data-start=\"1520\" data-end=\"1551\">\n<p data-start=\"1522\" data-end=\"1551\">Optymalny zasi\u0119g: 12 x 17 m<\/p>\n<\/li>\n<li data-start=\"1552\" data-end=\"1617\">\n<p data-start=\"1554\" data-end=\"1617\">Odporno\u015b\u0107 na \u015bwiat\u0142o bia\u0142e wynosz\u0105ca 6500 luks\u00f3w zapewnia wysok\u0105 wydajno\u015b\u0107 w jasnym otoczeniu.<\/p>\n<\/li>\n<\/ul>\n<p data-start=\"1619\" data-end=\"1650\"><strong data-start=\"1619\" data-end=\"1648\">Dane techniczne:<\/strong><\/p>\n<ul data-start=\"1651\" data-end=\"2238\">\n<li data-start=\"1651\" data-end=\"1689\">\n<p data-start=\"1653\" data-end=\"1689\">Typ detekcji: PIR + mikrofale<\/p>\n<\/li>\n<li data-start=\"1690\" data-end=\"1713\">\n<p data-start=\"1692\" data-end=\"1713\">Strefy wykrywania: 36<\/p>\n<\/li>\n<li data-start=\"1714\" data-end=\"1737\">\n<p data-start=\"1716\" data-end=\"1737\">Zasi\u0119g: 12 x 17 m<\/p>\n<\/li>\n<li data-start=\"1738\" data-end=\"1771\">\n<p data-start=\"1740\" data-end=\"1771\">Cz\u0119stotliwo\u015b\u0107 mikrofal: 10,525 GHz<\/p>\n<\/li>\n<li data-start=\"1772\" data-end=\"1833\">\n<p data-start=\"1774\" data-end=\"1833\">Odporno\u015b\u0107 na zak\u0142\u00f3cenia RFI: 20 V\/m (10-1000 MHz), 15 V\/m (1000-2700 MHz)<\/p>\n<\/li>\n<li data-start=\"1834\" data-end=\"1866\">\n<p data-start=\"1836\" data-end=\"1866\">Zasilanie: 9 - 15 V DC<\/p>\n<\/li>\n<li data-start=\"1867\" data-end=\"1912\">\n<p data-start=\"1869\" data-end=\"1912\">Pob\u00f3r mocy: 14 mA (maks. przy 12 V DC)<\/p>\n<\/li>\n<li data-start=\"1913\" data-end=\"1948\">\n<p data-start=\"1915\" data-end=\"1948\">Wysoko\u015b\u0107 monta\u017cu: 2,3 m (optymalna)<\/p>\n<\/li>\n<li data-start=\"1949\" data-end=\"1978\">\n<p data-start=\"1951\" data-end=\"1978\">Przeka\u017anik alarmowy: 30 mA przy 25 V DC<\/p>\n<\/li>\n<li data-start=\"1979\" data-end=\"2008\">\n<p data-start=\"1981\" data-end=\"2008\">Sabota\u017c: 30 mA przy 25 V DC<\/p>\n<\/li>\n<li data-start=\"2009\" data-end=\"2037\">\n<p data-start=\"2011\" data-end=\"2037\">Odporno\u015b\u0107 na zwierz\u0119ta: 45 kg<\/p>\n<\/li>\n<li data-start=\"2038\" data-end=\"2069\">\n<p data-start=\"2040\" data-end=\"2069\">Odporno\u015b\u0107 na \u015bwiat\u0142o bia\u0142e: 6 500 luks\u00f3w<\/p>\n<\/li>\n<li data-start=\"2070\" data-end=\"2106\">\n<p data-start=\"2072\" data-end=\"2106\">Temperatura pracy: -10 do +55\u00b0C<\/p>\n<\/li>\n<li data-start=\"2107\" data-end=\"2134\">\n<p data-start=\"2109\" data-end=\"2134\">Wymiary: 98 x 57 x 43,5 mm<\/p>\n<\/li>\n<li data-start=\"2135\" data-end=\"2150\">\n<p data-start=\"2137\" data-end=\"2150\">Waga: 135 g<\/p>\n<\/li>\n<li data-start=\"2151\" data-end=\"2238\">\n<p data-start=\"2153\" data-end=\"2238\">Zatwierdzenia: EN50131-2-4 Stopie\u0144 2 Klasa II, INCERT, IMQ, SBSC, FG, F&amp;P, NCP, GOST-R<\/p>\n<\/li>\n<\/ul>","protected":false},"excerpt":{"rendered":"<p>Czujka kombinowana z technologi\u0105 PIR i mikrofalow\u0105, idealna do \u015brodowisk komercyjnych.<\/p>\n<p>Zasi\u0119g 12 x 17 m, zwi\u0119kszona odporno\u015b\u0107 na fa\u0142szywe alarmy i \u0142atwa instalacja.<\/p>","protected":false},"featured_media":138676,"template":"","meta":{"_acf_changed":false},"product_brand":[],"product_cat":[1324,1325],"product_tag":[2146,2465],"class_list":{"0":"post-153998","1":"product","2":"type-product","3":"status-publish","4":"has-post-thumbnail","6":"product_cat-outlet","7":"product_cat-larmgivare-skalskydd","8":"product_tag-rorelsedetektor-kombidetektorer","9":"product_tag-sbsc-larmklass2","10":"product_shipping_class-postnord-varubrev","11":"pa_brands-honeywell","12":"tm-no-options","14":"first","15":"instock","16":"sale","17":"taxable","18":"shipping-taxable","19":"purchasable","20":"product-type-simple"},"acf":[],"_links":{"self":[{"href":"https:\/\/secureus.se\/pl\/wp-json\/wp\/v2\/product\/153998","targetHints":{"allow":["GET"]}}],"collection":[{"href":"https:\/\/secureus.se\/pl\/wp-json\/wp\/v2\/product"}],"about":[{"href":"https:\/\/secureus.se\/pl\/wp-json\/wp\/v2\/types\/product"}],"wp:featuredmedia":[{"embeddable":true,"href":"https:\/\/secureus.se\/pl\/wp-json\/wp\/v2\/media\/138676"}],"wp:attachment":[{"href":"https:\/\/secureus.se\/pl\/wp-json\/wp\/v2\/media?parent=153998"}],"wp:term":[{"taxonomy":"product_brand","embeddable":true,"href":"https:\/\/secureus.se\/pl\/wp-json\/wp\/v2\/product_brand?post=153998"},{"taxonomy":"product_cat","embeddable":true,"href":"https:\/\/secureus.se\/pl\/wp-json\/wp\/v2\/product_cat?post=153998"},{"taxonomy":"product_tag","embeddable":true,"href":"https:\/\/secureus.se\/pl\/wp-json\/wp\/v2\/product_tag?post=153998"}],"curies":[{"name":"wp","href":"https:\/\/api.w.org\/{rel}","templated":true}]}}