{"id":154203,"date":"2024-03-15T09:44:29","date_gmt":"2024-03-15T08:44:29","guid":{"rendered":"https:\/\/secureus.se\/cylinderring-16mm-rokoko-nickel-3\/"},"modified":"2026-04-08T15:48:55","modified_gmt":"2026-04-08T13:48:55","slug":"cylinderring-16mm-rokoko-nickel","status":"publish","type":"product","link":"https:\/\/secureus.se\/pl\/cylinderring-16mm-rokoko-nickel\/","title":{"rendered":"Pier\u015bcie\u0144 cylindra 16mm rokoko nikiel"},"content":{"rendered":"<p><b>Opis:\u00a0<br \/><\/b><br \/>\nASSA ABLOY Pier\u015bcie\u0144 cylindrowy do cylindra owalnego w stylu rokoko (wewn\u0105trz). Dost\u0119pne w kilku r\u00f3\u017cnych rozmiarach. Wysoko\u015b\u0107 pier\u015bcieni b\u0119benkowych i d\u0142ugo\u015b\u0107 wkr\u0119tu uzale\u017cniona jest od grubo\u015bci drzwi i umiejscowienia obudowy zamka. Owalne pier\u015bcienie cylindrowe ASSA ABLOY znajduj\u0105 si\u0119 w akcesoriach do cylindr\u00f3w 2256 i 18256.\u00a0\u00a0<\/p>\n<div><\/div>\n<div><b>W\u0142a\u015bciwo\u015bci:\u00a0<\/b><\/div>\n<div>\n<ul>\n<li>Do monta\u017cu razem z owalnym cylindrem rokokowym<\/li>\n<li>Dost\u0119pne w rozmiarach: 6, 8, 11, 13, 16, 18, 21 i 24 mm\u00a0<\/li>\n<li>Materia\u0142: mosi\u0105dz<\/li>\n<\/ul>\n<\/div>","protected":false},"excerpt":{"rendered":"<p>Opis: ASSA ABLOY Pier\u015bcie\u0144 cylindrowy do cylindra owalnego w stylu rokoko (wewn\u0105trz). Dost\u0119pne w kilku r\u00f3\u017cnych rozmiarach. Wysoko\u015b\u0107 pier\u015bcieni b\u0119benkowych i d\u0142ugo\u015b\u0107 wkr\u0119tu uzale\u017cniona jest od grubo\u015bci drzwi i umiejscowienia obudowy zamka. ASSA<\/p>","protected":false},"featured_media":138032,"template":"","meta":{"_acf_changed":false},"product_brand":[],"product_cat":[3254],"product_tag":[],"class_list":{"0":"post-154203","1":"product","2":"type-product","3":"status-publish","4":"has-post-thumbnail","6":"product_cat-cylinderringar","7":"product_shipping_class-postnord-varubrev","8":"pa_brands-abloy","9":"tm-no-options","11":"first","12":"instock","13":"taxable","14":"shipping-taxable","15":"purchasable","16":"product-type-simple"},"acf":[],"_links":{"self":[{"href":"https:\/\/secureus.se\/pl\/wp-json\/wp\/v2\/product\/154203","targetHints":{"allow":["GET"]}}],"collection":[{"href":"https:\/\/secureus.se\/pl\/wp-json\/wp\/v2\/product"}],"about":[{"href":"https:\/\/secureus.se\/pl\/wp-json\/wp\/v2\/types\/product"}],"wp:featuredmedia":[{"embeddable":true,"href":"https:\/\/secureus.se\/pl\/wp-json\/wp\/v2\/media\/138032"}],"wp:attachment":[{"href":"https:\/\/secureus.se\/pl\/wp-json\/wp\/v2\/media?parent=154203"}],"wp:term":[{"taxonomy":"product_brand","embeddable":true,"href":"https:\/\/secureus.se\/pl\/wp-json\/wp\/v2\/product_brand?post=154203"},{"taxonomy":"product_cat","embeddable":true,"href":"https:\/\/secureus.se\/pl\/wp-json\/wp\/v2\/product_cat?post=154203"},{"taxonomy":"product_tag","embeddable":true,"href":"https:\/\/secureus.se\/pl\/wp-json\/wp\/v2\/product_tag?post=154203"}],"curies":[{"name":"wp","href":"https:\/\/api.w.org\/{rel}","templated":true}]}}