{"id":154639,"date":"2025-08-01T12:08:38","date_gmt":"2025-08-01T10:08:38","guid":{"rendered":"https:\/\/secureus.se\/?post_type=product&#038;p=154639"},"modified":"2026-03-10T11:06:07","modified_gmt":"2026-03-10T10:06:07","slug":"fireprotect-2-ac-varme-rok-230v","status":"publish","type":"product","link":"https:\/\/secureus.se\/pl\/fireprotect-2-ac-varme-rok-230v\/","title":{"rendered":"FireProtect 2 AC - (ciep\u0142o\/dym) 230V"},"content":{"rendered":"<h3 data-start=\"124\" data-end=\"213\"><strong data-start=\"128\" data-end=\"213\">Ajax FireProtect 2 AC - Czujka dymu\/ciep\u0142a z wbudowan\u0105 syren\u0105 i sygnalizacj\u0105 \u015bwietln\u0105 - Komunikacja bezprzewodowa i pod\u0142\u0105czenie sieciowe<\/strong><\/h3>\n<p data-start=\"215\" data-end=\"455\">Ta zaawansowana czujka dymu i ciep\u0142a jest przeznaczona do instalacji wewn\u0105trz budynk\u00f3w i \u0142\u0105czy komunikacj\u0119 bezprzewodow\u0105 z zasilaniem sieciowym (110-240 VAC). Wyposa\u017cony jest we wbudowan\u0105 syren\u0119 i czerwone \u015bwiat\u0142o, kt\u00f3re aktywuje si\u0119 w przypadku alarmu.<\/p>\n<h4 data-start=\"457\" data-end=\"477\"><strong data-start=\"462\" data-end=\"477\">Cechy:<\/strong><\/h4>\n<ul data-start=\"478\" data-end=\"1123\">\n<li data-start=\"478\" data-end=\"569\">\n<p data-start=\"480\" data-end=\"569\"><strong data-start=\"480\" data-end=\"503\">Podw\u00f3jne wykrywanie:<\/strong> Alarmy zar\u00f3wno w przypadku dymu w komorze, jak i gwa\u0142townych zmian temperatury.<\/p>\n<\/li>\n<li data-start=\"570\" data-end=\"618\">\n<p data-start=\"572\" data-end=\"618\"><strong data-start=\"572\" data-end=\"590\">Wbudowana syrena:<\/strong> 85 dB w odleg\u0142o\u015bci 3 metr\u00f3w.<\/p>\n<\/li>\n<li data-start=\"619\" data-end=\"682\">\n<p data-start=\"621\" data-end=\"682\"><strong data-start=\"621\" data-end=\"640\">Sygnalizacja \u015bwietlna:<\/strong> Wyra\u017any wizualny wska\u017anik alarmu (czerwone \u015bwiat\u0142o).<\/p>\n<\/li>\n<li data-start=\"683\" data-end=\"810\">\n<p data-start=\"685\" data-end=\"810\"><strong data-start=\"685\" data-end=\"709\">Zsynchronizowane alarmy:<\/strong> Mo\u017cliwo\u015b\u0107 skonfigurowania tak, aby wszystkie czujniki w systemie emitowa\u0142y d\u017awi\u0119k jednocze\u015bnie w przypadku alarmu z jednego urz\u0105dzenia.<\/p>\n<\/li>\n<li data-start=\"811\" data-end=\"934\">\n<p data-start=\"813\" data-end=\"934\"><strong data-start=\"813\" data-end=\"827\">Samokontrola:<\/strong> Regularne testy funkcjonalno\u015bci i stanu, w tym ostrze\u017cenia o niskim poziomie na\u0142adowania baterii i konieczno\u015bci czyszczenia.<\/p>\n<\/li>\n<li data-start=\"935\" data-end=\"1025\">\n<p data-start=\"937\" data-end=\"1025\"><strong data-start=\"937\" data-end=\"959\">Pomiar temperatury:<\/strong> Wbudowany czujnik temperatury do monitorowania temperatury otoczenia.<\/p>\n<\/li>\n<li data-start=\"1026\" data-end=\"1123\">\n<p data-start=\"1028\" data-end=\"1123\"><strong data-start=\"1028\" data-end=\"1049\">Praca autonomiczna:<\/strong> Dzia\u0142a r\u00f3wnie\u017c jako tradycyjny czujnik dymu bez pod\u0142\u0105czenia do systemu.<\/p>\n<\/li>\n<\/ul>\n<h4 data-start=\"1125\" data-end=\"1149\"><strong data-start=\"1130\" data-end=\"1149\">Zgodno\u015b\u0107:<\/strong><\/h4>\n<ul data-start=\"1150\" data-end=\"1220\">\n<li data-start=\"1150\" data-end=\"1162\">\n<p data-start=\"1152\" data-end=\"1162\">Hub Plus<\/p>\n<\/li>\n<li data-start=\"1163\" data-end=\"1172\">\n<p data-start=\"1165\" data-end=\"1172\">Uderzenie 2<\/p>\n<\/li>\n<li data-start=\"1173\" data-end=\"1187\">\n<p data-start=\"1175\" data-end=\"1187\">Hub 2 Plus<\/p>\n<\/li>\n<li data-start=\"1188\" data-end=\"1202\">\n<p data-start=\"1190\" data-end=\"1202\">Hub Hybrid<\/p>\n<\/li>\n<li data-start=\"1203\" data-end=\"1210\">\n<p data-start=\"1205\" data-end=\"1210\">ReX<\/p>\n<\/li>\n<li data-start=\"1211\" data-end=\"1220\">\n<p data-start=\"1213\" data-end=\"1220\">ReX 2<\/p>\n<\/li>\n<\/ul>\n<h4 data-start=\"1222\" data-end=\"1251\"><strong data-start=\"1227\" data-end=\"1251\">Informacje techniczne:<\/strong><\/h4>\n<ul data-start=\"1252\" data-end=\"1558\">\n<li data-start=\"1252\" data-end=\"1307\">\n<p data-start=\"1254\" data-end=\"1307\"><strong data-start=\"1254\" data-end=\"1275\">Zasi\u0119g bezprzewodowy:<\/strong> Do 1700 m w otwartym terenie<\/p>\n<\/li>\n<li data-start=\"1308\" data-end=\"1345\">\n<p data-start=\"1310\" data-end=\"1345\"><strong data-start=\"1310\" data-end=\"1331\">Napi\u0119cie zasilania:<\/strong> 110-240 VAC<\/p>\n<\/li>\n<li data-start=\"1346\" data-end=\"1379\">\n<p data-start=\"1348\" data-end=\"1379\"><strong data-start=\"1348\" data-end=\"1366\">Bateria zapasowa:<\/strong> 1 \u00d7 CR123A<\/p>\n<\/li>\n<li data-start=\"1380\" data-end=\"1420\">\n<p data-start=\"1382\" data-end=\"1420\"><strong data-start=\"1382\" data-end=\"1403\">Temperatura pracy:<\/strong> 0\u00b0C do +50\u00b0C<\/p>\n<\/li>\n<li data-start=\"1421\" data-end=\"1476\">\n<p data-start=\"1423\" data-end=\"1476\"><strong data-start=\"1423\" data-end=\"1441\">Wilgotno\u015b\u0107:<\/strong> Do 80 % (bez kondensacji)<\/p>\n<\/li>\n<li data-start=\"1477\" data-end=\"1558\">\n<p data-start=\"1479\" data-end=\"1558\"><strong data-start=\"1479\" data-end=\"1503\">Pr\u00f3g alarmu (ogrzewanie):<\/strong> +64 \u00b0C lub wzrost temperatury o 10 \u00b0C w ci\u0105gu 1 minuty<\/p>\n<\/li>\n<\/ul>","protected":false},"excerpt":{"rendered":"<p><strong data-start=\"119\" data-end=\"189\">Inteligentny czujnik dymu i ciep\u0142a z wbudowan\u0105 syren\u0105 i sygnalizacj\u0105 \u015bwietln\u0105.<\/strong> Alarmuje w przypadku dymu lub gwa\u0142townego wzrostu temperatury i mo\u017ce by\u0107 zsynchronizowany z innymi czujkami w systemie. Zasilanie 110-240 VAC z podtrzymaniem bateryjnym. Dzia\u0142a zar\u00f3wno samodzielnie, jak i z urz\u0105dzeniami Ajax, takimi jak Hub 2, Hub Plus i ReX. Zasi\u0119g bezprzewodowy do 1700 m.<\/p>","protected":false},"featured_media":155444,"template":"","meta":{"_acf_changed":false},"product_brand":[],"product_cat":[3159],"product_tag":[4863],"class_list":{"0":"post-154639","1":"product","2":"type-product","3":"status-publish","4":"has-post-thumbnail","6":"product_cat-brandvarnare","7":"product_tag-pf","8":"pa_brands-ajax-systems","9":"pa_farg-vit","10":"tm-no-options","12":"first","13":"instock","14":"taxable","15":"shipping-taxable","16":"purchasable","17":"product-type-simple"},"acf":[],"_links":{"self":[{"href":"https:\/\/secureus.se\/pl\/wp-json\/wp\/v2\/product\/154639","targetHints":{"allow":["GET"]}}],"collection":[{"href":"https:\/\/secureus.se\/pl\/wp-json\/wp\/v2\/product"}],"about":[{"href":"https:\/\/secureus.se\/pl\/wp-json\/wp\/v2\/types\/product"}],"wp:featuredmedia":[{"embeddable":true,"href":"https:\/\/secureus.se\/pl\/wp-json\/wp\/v2\/media\/155444"}],"wp:attachment":[{"href":"https:\/\/secureus.se\/pl\/wp-json\/wp\/v2\/media?parent=154639"}],"wp:term":[{"taxonomy":"product_brand","embeddable":true,"href":"https:\/\/secureus.se\/pl\/wp-json\/wp\/v2\/product_brand?post=154639"},{"taxonomy":"product_cat","embeddable":true,"href":"https:\/\/secureus.se\/pl\/wp-json\/wp\/v2\/product_cat?post=154639"},{"taxonomy":"product_tag","embeddable":true,"href":"https:\/\/secureus.se\/pl\/wp-json\/wp\/v2\/product_tag?post=154639"}],"curies":[{"name":"wp","href":"https:\/\/api.w.org\/{rel}","templated":true}]}}