{"id":155407,"date":"2023-09-26T13:10:37","date_gmt":"2023-09-26T11:10:37","guid":{"rendered":"https:\/\/secureus.se\/elslutbleck-step-60-rattvand-24v-kolvkontakt-5m-kabel\/"},"modified":"2026-04-08T15:59:58","modified_gmt":"2026-04-08T13:59:58","slug":"elslutbleck-step-60-rattvand-24v-kolvkontakt-5m-kabel","status":"publish","type":"product","link":"https:\/\/secureus.se\/pl\/elslutbleck-step-60-rattvand-24v-kolvkontakt-5m-kabel\/","title":{"rendered":"Zako\u0144czenie elektryczne STEP 60 K\u0105t prosty 24V Wtyczka t\u0142okowa 5m Kabel"},"content":{"rendered":"<div><\/div>\n<div>\n<h1>Zako\u0144czenie elektryczne STEP 60 K\u0105t prosty 24V Wtyczka t\u0142okowa 5m Kabel<\/h1>\n<div>STEP 60 Silent ma unikaln\u0105 charakterystyk\u0119 otwierania i zamykania, kt\u00f3ra zapewnia p\u0142ynn\u0105 i cich\u0105 jazd\u0119.<\/div>\n<div>W po\u0142\u0105czeniu z solidn\u0105 konstrukcj\u0105, STEP 60 Silent doskonale nadaje si\u0119 do drzwi u\u017cywanych w miejscach o du\u017cej cz\u0119stotliwo\u015bci u\u017cytkowania lub tam, gdzie wymagana jest redukcja ha\u0142asu.<\/div>\n<div>Zaprojektowany do zamk\u00f3w z pojedynczym lub podw\u00f3jnym ryglem. Zatwierdzony ogniowo do E\/EI120. STEP 60 Silent jest cz\u0119\u015bci\u0105 serii Silent firmy STEP.<\/div>\n<div>Produkty z tej serii charakteryzuj\u0105 si\u0119 solidn\u0105 konstrukcj\u0105 i opatentowan\u0105 cich\u0105 technologi\u0105 STEP, kt\u00f3ra zapewnia p\u0142ynn\u0105, niemal bezg\u0142o\u015bn\u0105 prac\u0119 oraz wysok\u0105 odporno\u015b\u0107 na w\u0142amania i p\u0119kni\u0119cia.<\/div>\n<div>Wybierz STEP Silent, je\u015bli chcesz zmniejszy\u0107 ha\u0142as lub zwi\u0119kszy\u0107 bezpiecze\u0144stwo.<\/div>\n<div><\/div>\n<div><b>W\u0142a\u015bciwo\u015bci:\u00a0<\/b><\/div>\n<div>\n<ul>\n<li>Funkcja skierowana w prawo (zablokowana w trybie bez zasilania)<\/li>\n<li>Certyfikowany na odporno\u015b\u0107 ogniow\u0105 do klasy F (E\/EI 120) zgodnie z norm\u0105 SS-EN 14846:2008.<\/li>\n<li>Mikroprze\u0142\u0105cznik jednobiegunowy naprzemienny, max. 30 V pr\u0105du sta\u0142ego, 1 A.<\/li>\n<li>Wbudowany styk t\u0142okowy, kt\u00f3ry wskazuje, czy drzwi s\u0105 zamkni\u0119te\/otwarte i zablokowane\/odblokowane<\/li>\n<li>Styk blokuj\u0105cy do pod\u0142\u0105czenia do systemu dost\u0119pu, systemu alarmowego itp.<\/li>\n<li>Si\u0142a zrywaj\u0105ca 16 kN (ok. 1600 kg).<\/li>\n<li>Gwarantuje otwarcie pomimo nacisku listwy 1 kN (ok. 100 kg) w funkcji pionowej i rewersyjnej.<\/li>\n<li>Dioda zabezpieczaj\u0105ca jest wbudowana.<\/li>\n<li>Odporny na uderzenia.<\/li>\n<li>W zestawie kabel bezhalogenowy o d\u0142ugo\u015bci 5 metr\u00f3w.<\/li>\n<\/ul>\n<div><\/div>\n<p><b>Dane techniczne:<\/b><\/p>\n<\/div>\n<div>\n<ul>\n<li>12V DC + 15 % \u2013 10 %. Maks. 500 mA, 242 mA odblokowane.<\/li>\n<li>24 V DC + 15 % \u2013 10 %. Maks. 250 mA, 121 mA odblokowane.<\/li>\n<li>Trwa\u0142o\u015b\u0107: Klasa X zgodnie z SS-EN 14846.<\/li>\n<li>Korozja: Stopie\u0144 M zgodnie z SS-EN 14846.<\/li>\n<li>Bezpiecze\u0144stwo: Stopie\u0144 3 zgodnie z SS-EN 14846.<\/li>\n<li>Bezpiecze\u0144stwo manipulacji elektrycznych: Stopie\u0144 3 (prawid\u0142owo skierowany) Stopie\u0144 1 (odwr\u00f3cony) zgodnie z SS-EN 14846.<\/li>\n<\/ul>\n<\/div>\n<\/div>","protected":false},"excerpt":{"rendered":"<p>STEP 60 Silent ma unikaln\u0105 charakterystyk\u0119 otwierania i zamykania, kt\u00f3ra zapewnia p\u0142ynn\u0105 i cich\u0105 jazd\u0119.<\/p>","protected":false},"featured_media":155668,"template":"","meta":{"_acf_changed":false},"product_brand":[],"product_cat":[3355],"product_tag":[4423],"class_list":{"0":"post-155407","1":"product","2":"type-product","3":"status-publish","4":"has-post-thumbnail","6":"product_cat-elslutbleck","7":"product_tag-rg-step","8":"product_shipping_class-tunga-paket","9":"pa_brands-step","10":"tm-no-options","12":"first","13":"instock","14":"sale","15":"taxable","16":"shipping-taxable","17":"purchasable","18":"product-type-simple"},"acf":[],"_links":{"self":[{"href":"https:\/\/secureus.se\/pl\/wp-json\/wp\/v2\/product\/155407","targetHints":{"allow":["GET"]}}],"collection":[{"href":"https:\/\/secureus.se\/pl\/wp-json\/wp\/v2\/product"}],"about":[{"href":"https:\/\/secureus.se\/pl\/wp-json\/wp\/v2\/types\/product"}],"wp:featuredmedia":[{"embeddable":true,"href":"https:\/\/secureus.se\/pl\/wp-json\/wp\/v2\/media\/155668"}],"wp:attachment":[{"href":"https:\/\/secureus.se\/pl\/wp-json\/wp\/v2\/media?parent=155407"}],"wp:term":[{"taxonomy":"product_brand","embeddable":true,"href":"https:\/\/secureus.se\/pl\/wp-json\/wp\/v2\/product_brand?post=155407"},{"taxonomy":"product_cat","embeddable":true,"href":"https:\/\/secureus.se\/pl\/wp-json\/wp\/v2\/product_cat?post=155407"},{"taxonomy":"product_tag","embeddable":true,"href":"https:\/\/secureus.se\/pl\/wp-json\/wp\/v2\/product_tag?post=155407"}],"curies":[{"name":"wp","href":"https:\/\/api.w.org\/{rel}","templated":true}]}}