{"id":155555,"date":"2025-08-26T16:07:26","date_gmt":"2025-08-26T14:07:26","guid":{"rendered":"https:\/\/secureus.se\/batteri-aa-lithium-3400mah-1-5v-hog-kapacitet-for-professionellt-bruk\/"},"modified":"2026-04-07T15:11:05","modified_gmt":"2026-04-07T13:11:05","slug":"lithium-batteri-aa-3400mah-hog-kapacitet-for-professionellt-bruk","status":"publish","type":"product","link":"https:\/\/secureus.se\/pl\/lithium-batteri-aa-3400mah-hog-kapacitet-for-professionellt-bruk\/","title":{"rendered":"Bateria litowa AA 3400 mAh - bardzo mocna - du\u017ca pojemno\u015b\u0107 do zastosowa\u0144 profesjonalnych"},"content":{"rendered":"<h1>Bateria litowa AA 3400 mAh - wysoka pojemno\u015b\u0107 do zastosowa\u0144 profesjonalnych<\/h1>\n<p data-start=\"733\" data-end=\"1154\">PKCell FR AA 3400mAh 1.5V to najwy\u017cszej jako\u015bci bateria oparta na technologii litowo-\u017celazowo-disiarczkowej (Li\/FeS\u2082).<\/p>\n<p data-start=\"733\" data-end=\"1154\">Akumulator zaprojektowano tak, aby zapewnia\u0142 wysok\u0105 g\u0119sto\u015b\u0107 energii, d\u0142ug\u0105 \u017cywotno\u015b\u0107 i stabiln\u0105 prac\u0119 nawet w ekstremalnych warunkach \u015brodowiskowych.<\/p>\n<p data-start=\"733\" data-end=\"1154\">Dzi\u0119ki napi\u0119ciu znamionowemu 1,5 V i pojemno\u015bci 3400 mAh akumulator ten stanowi wydajne i niezawodne \u017ar\u00f3d\u0142o energii zar\u00f3wno do zastosowa\u0144 przemys\u0142owych, jak i profesjonalnych.<\/p>\n<h4 data-start=\"1156\" data-end=\"1182\"><strong data-start=\"1161\" data-end=\"1180\">G\u0142\u00f3wne cechy<\/strong><\/h4>\n<ul data-start=\"1183\" data-end=\"1852\">\n<li data-start=\"1183\" data-end=\"1282\">\n<p data-start=\"1185\" data-end=\"1282\"><strong data-start=\"1185\" data-end=\"1203\">Wysoka pojemno\u015b\u0107:<\/strong> Akumulator o pojemno\u015bci 3400mAh gwarantuje d\u0142ugi czas pracy urz\u0105dze\u0144 u\u017cytkowanych w spos\u00f3b ci\u0105g\u0142y.<\/p>\n<\/li>\n<li data-start=\"1283\" data-end=\"1425\">\n<p data-start=\"1285\" data-end=\"1425\"><strong data-start=\"1285\" data-end=\"1311\">Szeroki zakres temperatur:<\/strong> Dzia\u0142a niezawodnie w temperaturach od -40\u2103 do +60\u2103, dzi\u0119ki czemu idealnie nadaje si\u0119 do zastosowa\u0144 zewn\u0119trznych i wymagaj\u0105cych \u015brodowisk.<\/p>\n<\/li>\n<li data-start=\"1426\" data-end=\"1514\">\n<p data-start=\"1428\" data-end=\"1514\"><strong data-start=\"1428\" data-end=\"1441\">Niska waga:<\/strong> Waga jednej celi wynosi zaledwie 15 gram\u00f3w, co czyni j\u0105 idealn\u0105 do urz\u0105dze\u0144 przeno\u015bnych.<\/p>\n<\/li>\n<li data-start=\"1515\" data-end=\"1621\">\n<p data-start=\"1517\" data-end=\"1621\"><strong data-start=\"1517\" data-end=\"1537\">D\u0142ugi okres przydatno\u015bci do spo\u017cycia:<\/strong> Ponad 10 lat trwa\u0142o\u015bci dzi\u0119ki zaawansowanej technologii chemicznej i niskiemu samoroz\u0142adowaniu.<\/p>\n<\/li>\n<li data-start=\"1622\" data-end=\"1734\">\n<p data-start=\"1624\" data-end=\"1734\"><strong data-start=\"1624\" data-end=\"1649\">Wysoki pr\u0105d roz\u0142adowania:<\/strong> Obs\u0142uguje pr\u0105d do 2000 mA, dzi\u0119ki czemu nadaje si\u0119 do urz\u0105dze\u0144 o du\u017cym zapotrzebowaniu na energi\u0119.<\/p>\n<\/li>\n<li data-start=\"1735\" data-end=\"1852\">\n<p data-start=\"1737\" data-end=\"1852\"><strong data-start=\"1737\" data-end=\"1750\">Bezpiecze\u0144stwo:<\/strong> Posiadaj\u0105 oznaczenie CE i s\u0105 zaprojektowane tak, aby by\u0142y szczelne oraz odporne na wibracje i wstrz\u0105sy.<\/p>\n<\/li>\n<\/ul>\n<h4 data-start=\"1854\" data-end=\"1883\"><strong data-start=\"1859\" data-end=\"1881\">Obszary zastosowa\u0144<\/strong><\/h4>\n<p data-start=\"1884\" data-end=\"1958\">Akumulator PKCell FR AA 3400mAh nadaje si\u0119 do szerokiego zakresu zastosowa\u0144:<\/p>\n<ul data-start=\"1959\" data-end=\"2287\">\n<li data-start=\"1959\" data-end=\"2008\">\n<p data-start=\"1961\" data-end=\"2008\">Profesjonalny <strong data-start=\"1976\" data-end=\"1988\">czujniki<\/strong> i przyrz\u0105dy pomiarowe<\/p>\n<\/li>\n<li data-start=\"2009\" data-end=\"2040\">\n<p data-start=\"2011\" data-end=\"2040\"><strong data-start=\"2011\" data-end=\"2038\">Systemy sterowania przemys\u0142owego<\/strong><\/p>\n<\/li>\n<li data-start=\"2041\" data-end=\"2089\">\n<p data-start=\"2043\" data-end=\"2089\"><strong data-start=\"2043\" data-end=\"2071\">Sprz\u0119t komunikacyjny<\/strong> i urz\u0105dze\u0144 IoT<\/p>\n<\/li>\n<li data-start=\"2090\" data-end=\"2152\">\n<p data-start=\"2092\" data-end=\"2152\"><strong data-start=\"2092\" data-end=\"2116\">Urz\u0105dzenia medyczne<\/strong> gdzie niezawodno\u015b\u0107 ma kluczowe znaczenie<\/p>\n<\/li>\n<li data-start=\"2153\" data-end=\"2226\">\n<p data-start=\"2155\" data-end=\"2226\"><strong data-start=\"2155\" data-end=\"2184\">Latarki i reflektory<\/strong> do aktywno\u015bci na \u015bwie\u017cym powietrzu i u\u017cytku profesjonalnego<\/p>\n<\/li>\n<li data-start=\"2227\" data-end=\"2287\">\n<p data-start=\"2229\" data-end=\"2287\"><strong data-start=\"2229\" data-end=\"2256\">Zasilacz zapasowy<\/strong> do system\u00f3w bezpiecze\u0144stwa i alarm\u00f3w<\/p>\n<\/li>\n<\/ul>\n<h4 data-start=\"2289\" data-end=\"2324\"><strong data-start=\"2294\" data-end=\"2322\">Specyfikacje techniczne<\/strong><\/h4>\n<ul data-start=\"2325\" data-end=\"2716\">\n<li data-start=\"2325\" data-end=\"2370\">\n<p data-start=\"2327\" data-end=\"2370\">Typ baterii: Dwusiarczek litu i \u017celaza (Li\/FeS\u2082)<\/p>\n<\/li>\n<li data-start=\"2371\" data-end=\"2386\">\n<p data-start=\"2373\" data-end=\"2386\">Rozmiar: AA<\/p>\n<\/li>\n<li data-start=\"2387\" data-end=\"2429\">\n<p data-start=\"2389\" data-end=\"2429\">Pojemno\u015b\u0107: 3400mAh (przy 1mA do 0,8V)<\/p>\n<\/li>\n<li data-start=\"2430\" data-end=\"2457\">\n<p data-start=\"2432\" data-end=\"2457\">Napi\u0119cie nominalne: 1,5 V<\/p>\n<\/li>\n<li data-start=\"2458\" data-end=\"2491\">\n<p data-start=\"2460\" data-end=\"2491\">Maksymalny pr\u0105d roz\u0142adowania: 2000mA<\/p>\n<\/li>\n<li data-start=\"2492\" data-end=\"2508\">\n<p data-start=\"2494\" data-end=\"2508\">Waga: oko\u0142o 15g<\/p>\n<\/li>\n<li data-start=\"2509\" data-end=\"2527\">\n<p data-start=\"2511\" data-end=\"2527\">Obj\u0119to\u015b\u0107: 8,0 cm\u00b3<\/p>\n<\/li>\n<li data-start=\"2528\" data-end=\"2569\">\n<p data-start=\"2530\" data-end=\"2569\">Temperatura roz\u0142adowania: -40\u2103 do +60\u2103<\/p>\n<\/li>\n<li data-start=\"2570\" data-end=\"2631\">\n<p data-start=\"2572\" data-end=\"2631\">Temperatura przechowywania: od -20\u2103 do +40\u2103 (wilgotno\u015b\u0107 \u226475%)<\/p>\n<\/li>\n<li data-start=\"2632\" data-end=\"2655\">\n<p data-start=\"2634\" data-end=\"2655\">Okres przydatno\u015bci do u\u017cycia: &gt;10 lat<\/p>\n<\/li>\n<li data-start=\"2656\" data-end=\"2716\">\n<p data-start=\"2658\" data-end=\"2716\">Certyfikat bezpiecze\u0144stwa: CE, oznakowanie ekologiczne (gospodarka odpadami)<\/p>\n<\/li>\n<\/ul>\n<h4 data-start=\"2718\" data-end=\"2752\"><strong data-start=\"2723\" data-end=\"2750\">Korzy\u015bci dla u\u017cytkownika<\/strong><\/h4>\n<p data-start=\"2753\" data-end=\"3009\">Dzi\u0119ki akumulatorowi PKCell FR AA u\u017cytkownik otrzymuje bateri\u0119 \u0142\u0105cz\u0105c\u0105 niezawodno\u015b\u0107, d\u0142ug\u0105 \u017cywotno\u015b\u0107 i wysok\u0105 wydajno\u015b\u0107 nawet w wymagaj\u0105cych warunkach.<\/p>\n<p data-start=\"2753\" data-end=\"3009\">Dzi\u0119ki temu zmniejsza si\u0119 konieczno\u015b\u0107 cz\u0119stej wymiany baterii, co pozwala obni\u017cy\u0107 koszty i przyczynia si\u0119 do bardziej zr\u00f3wnowa\u017conej eksploatacji.<\/p>\n<p data-start=\"2753\" data-end=\"3009\">Akumulator sprzedawany jest pojedynczo.<\/p>","protected":false},"excerpt":{"rendered":"<p>PKCell FR AA to wysokowydajny akumulator litowo-\u017celazowo-dwusiarczkowy (Li\/FeS\u2082) o pojemno\u015bci 3400 mAh i napi\u0119ciu nominalnym 1,5 V.<\/p>\n<p>Oferuje d\u0142ug\u0105 \u017cywotno\u015b\u0107, stabiln\u0105 prac\u0119 w ekstremalnych temperaturach (od -40 \u2103 do +60 \u2103) i nisk\u0105 wag\u0119.<\/p>\n<p>Idealny do wymagaj\u0105cych zastosowa\u0144 przemys\u0142owych, profesjonalnej elektroniki i sprz\u0119tu, kt\u00f3ry wymaga niezawodnego zasilania przez d\u0142u\u017cszy czas.<\/p>\n<p>Cena baterii jest podana za sztuk\u0119.<\/p>","protected":false},"featured_media":159641,"template":"","meta":{"_acf_changed":false},"product_brand":[],"product_cat":[1862],"product_tag":[],"class_list":{"0":"post-155555","1":"product","2":"type-product","3":"status-publish","4":"has-post-thumbnail","6":"product_cat-batterier-knappcell","7":"pa_brands-pk-cell","8":"tm-no-options","10":"first","11":"instock","12":"taxable","13":"shipping-taxable","14":"purchasable","15":"product-type-simple"},"acf":[],"_links":{"self":[{"href":"https:\/\/secureus.se\/pl\/wp-json\/wp\/v2\/product\/155555","targetHints":{"allow":["GET"]}}],"collection":[{"href":"https:\/\/secureus.se\/pl\/wp-json\/wp\/v2\/product"}],"about":[{"href":"https:\/\/secureus.se\/pl\/wp-json\/wp\/v2\/types\/product"}],"wp:featuredmedia":[{"embeddable":true,"href":"https:\/\/secureus.se\/pl\/wp-json\/wp\/v2\/media\/159641"}],"wp:attachment":[{"href":"https:\/\/secureus.se\/pl\/wp-json\/wp\/v2\/media?parent=155555"}],"wp:term":[{"taxonomy":"product_brand","embeddable":true,"href":"https:\/\/secureus.se\/pl\/wp-json\/wp\/v2\/product_brand?post=155555"},{"taxonomy":"product_cat","embeddable":true,"href":"https:\/\/secureus.se\/pl\/wp-json\/wp\/v2\/product_cat?post=155555"},{"taxonomy":"product_tag","embeddable":true,"href":"https:\/\/secureus.se\/pl\/wp-json\/wp\/v2\/product_tag?post=155555"}],"curies":[{"name":"wp","href":"https:\/\/api.w.org\/{rel}","templated":true}]}}