{"id":155724,"date":"2025-09-01T10:06:52","date_gmt":"2025-09-01T08:06:52","guid":{"rendered":"https:\/\/secureus.se\/monteringsstolpe-732t\/"},"modified":"2025-09-25T09:27:27","modified_gmt":"2025-09-25T07:27:27","slug":"monteringsstolpe-732t","status":"publish","type":"product","link":"https:\/\/secureus.se\/pl\/monteringsstolpe-732t\/","title":{"rendered":"S\u0142upek monta\u017cowy 732T"},"content":{"rendered":"<div>\n<div>\n<div><\/div>\n<div>S\u0142upek monta\u017cowy ze stali, do standardowej elektrycznej p\u0142yty ko\u0144cowej serii Solid. S\u0142u\u017cy do dostosowywania mocowania i w\u0142a\u015bciwo\u015bci do bie\u017c\u0105cego zastosowania i \u015brodowiska drzwi.<br \/>\n<b><br \/>\nW\u0142a\u015bciwo\u015bci:\u00a0<\/b><\/div>\n<div>\n<ul>\n<li>Do ram drewnianych, stalowych lub aluminiowych.<\/li>\n<li>Blokowany zamek z pojedyncz\u0105 kropl\u0105.<\/li>\n<li>Rozmiar j\u0119zyka: 15 mm<\/li>\n<li>Zaokr\u0105glone rogi.<\/li>\n<\/ul>\n<\/div>\n<div><b><br \/>\nNadaje si\u0119 do: <\/b><\/div>\n<div>Elektryczne p\u0142yty ko\u0144cowe ASSA ABLOY w serii standardowej: 70, 570, 71, 571, 75, 575, 585<\/div>\n<\/div>\n<\/div>\n<div><\/div>","protected":false},"excerpt":{"rendered":"<p>Monteringsstolpe i st\u00e5l, f\u00f6r standard elslutbleck i Solid-serien. Anv\u00e4nds f\u00f6r att anpassa inf\u00e4stning och egenskaper till den aktuella applikationen och d\u00f6rrmilj\u00f6n. Egenskaper:\u00a0 F\u00f6r tr\u00e4-, st\u00e5l- eller aluminiumkarmar. F\u00f6rreglade enkelfall\u00e5s. Pl\u00f6sm\u00e5tt:<\/p>","protected":false},"featured_media":155723,"template":"","meta":{"_acf_changed":false},"product_brand":[],"product_cat":[4735],"product_tag":[],"class_list":{"0":"post-155724","1":"product","2":"type-product","3":"status-publish","4":"has-post-thumbnail","6":"product_cat-monteringsstolpe","7":"product_shipping_class-postnord-varubrev","8":"pa_brands-abloy","9":"tm-no-options","11":"first","12":"outofstock","13":"sale","14":"taxable","15":"shipping-taxable","16":"purchasable","17":"product-type-simple"},"acf":[],"_links":{"self":[{"href":"https:\/\/secureus.se\/pl\/wp-json\/wp\/v2\/product\/155724","targetHints":{"allow":["GET"]}}],"collection":[{"href":"https:\/\/secureus.se\/pl\/wp-json\/wp\/v2\/product"}],"about":[{"href":"https:\/\/secureus.se\/pl\/wp-json\/wp\/v2\/types\/product"}],"wp:featuredmedia":[{"embeddable":true,"href":"https:\/\/secureus.se\/pl\/wp-json\/wp\/v2\/media\/155723"}],"wp:attachment":[{"href":"https:\/\/secureus.se\/pl\/wp-json\/wp\/v2\/media?parent=155724"}],"wp:term":[{"taxonomy":"product_brand","embeddable":true,"href":"https:\/\/secureus.se\/pl\/wp-json\/wp\/v2\/product_brand?post=155724"},{"taxonomy":"product_cat","embeddable":true,"href":"https:\/\/secureus.se\/pl\/wp-json\/wp\/v2\/product_cat?post=155724"},{"taxonomy":"product_tag","embeddable":true,"href":"https:\/\/secureus.se\/pl\/wp-json\/wp\/v2\/product_tag?post=155724"}],"curies":[{"name":"wp","href":"https:\/\/api.w.org\/{rel}","templated":true}]}}