{"id":155737,"date":"2025-09-01T12:48:46","date_gmt":"2025-09-01T10:48:46","guid":{"rendered":"https:\/\/secureus.se\/?post_type=product&#038;p=155737"},"modified":"2026-03-25T15:29:43","modified_gmt":"2026-03-25T14:29:43","slug":"monteringsstolpe-746","status":"publish","type":"product","link":"https:\/\/secureus.se\/pl\/monteringsstolpe-746\/","title":{"rendered":"S\u0142upek monta\u017cowy 746"},"content":{"rendered":"<div>\n<div>\n<div>\n<div>\n<div>\n<div>\n<div><\/div>\n<div>S\u0142upek monta\u017cowy ze stali nierdzewnej do standardowej elektrycznej p\u0142yty ko\u0144cowej Solid, specjalnie zaprojektowany do systemu profili Wicona Wicstyle 65\/65N.<b> <\/b><\/div>\n<div><b><br \/><\/b><\/div>\n<div><b>W\u0142a\u015bciwo\u015bci:<\/b><\/div>\n<div>\n<ul>\n<li>Pasuje do Wicstyle 65\/65N firmy Wicona.<\/li>\n<li>Przeznaczone do o\u015bcie\u017cnicy aluminiowej w drzwiach otwieranych na zewn\u0105trz w po\u0142\u0105czeniu ze standardow\u0105 p\u0142yt\u0105 ko\u0144cow\u0105.<\/li>\n<li>W profilach frezowanych ze standardowymi wg\u0142\u0119bieniami Assa\/Wicona zmian\u0119 typu elektrycznej p\u0142yty ko\u0144cowej mo\u017cna przeprowadzi\u0107 bez zmiany wg\u0142\u0119bie\u0144.<\/li>\n<li>P\u0142yty ko\u0144cowe Assa 546 i 547 to mechaniczne p\u0142yty ko\u0144cowe, kt\u00f3re pasuj\u0105 do standardowej wn\u0119ki.<\/li>\n<\/ul>\n<\/div>\n<div><b><br \/><\/b><\/div>\n<div><b>Nadaje si\u0119 do: <\/b><\/div>\n<div>Elektryczne p\u0142yty ko\u0144cowe ASSA ABLOY w serii standardowej: 70, 570, 71, 571, 75, 575, 585<\/div>\n<\/div>\n<\/div>\n<\/div>\n<\/div>\n<\/div>\n<\/div>\n<div>\n<\/p>\n<\/div>","protected":false},"excerpt":{"rendered":"<p>Monteringsstolpe i rostfritt st\u00e5l f\u00f6r standard Solid elslutbleck, speciellt framtagna f\u00f6r Wicona profilsystem Wicstyle 65\/65N. Egenskaper: Passar Wiconas Wicstyle 65\/65N. Avsedd f\u00f6r aluminiumkarm i ut\u00e5tg\u00e5ende d\u00f6rr i kombination med standardslutbleck.<\/p>","protected":false},"featured_media":155736,"template":"","meta":{"_acf_changed":false},"product_brand":[],"product_cat":[4735],"product_tag":[],"class_list":{"0":"post-155737","1":"product","2":"type-product","3":"status-publish","4":"has-post-thumbnail","6":"product_cat-monteringsstolpe","7":"product_shipping_class-postnord-varubrev","8":"pa_brands-abloy","9":"tm-no-options","11":"first","12":"onbackorder","13":"sale","14":"taxable","15":"shipping-taxable","16":"purchasable","17":"product-type-simple"},"acf":[],"_links":{"self":[{"href":"https:\/\/secureus.se\/pl\/wp-json\/wp\/v2\/product\/155737","targetHints":{"allow":["GET"]}}],"collection":[{"href":"https:\/\/secureus.se\/pl\/wp-json\/wp\/v2\/product"}],"about":[{"href":"https:\/\/secureus.se\/pl\/wp-json\/wp\/v2\/types\/product"}],"wp:featuredmedia":[{"embeddable":true,"href":"https:\/\/secureus.se\/pl\/wp-json\/wp\/v2\/media\/155736"}],"wp:attachment":[{"href":"https:\/\/secureus.se\/pl\/wp-json\/wp\/v2\/media?parent=155737"}],"wp:term":[{"taxonomy":"product_brand","embeddable":true,"href":"https:\/\/secureus.se\/pl\/wp-json\/wp\/v2\/product_brand?post=155737"},{"taxonomy":"product_cat","embeddable":true,"href":"https:\/\/secureus.se\/pl\/wp-json\/wp\/v2\/product_cat?post=155737"},{"taxonomy":"product_tag","embeddable":true,"href":"https:\/\/secureus.se\/pl\/wp-json\/wp\/v2\/product_tag?post=155737"}],"curies":[{"name":"wp","href":"https:\/\/api.w.org\/{rel}","templated":true}]}}