{"id":155756,"date":"2025-09-01T12:48:47","date_gmt":"2025-09-01T10:48:47","guid":{"rendered":"https:\/\/secureus.se\/monteringsstolpe-737\/"},"modified":"2026-03-25T15:29:21","modified_gmt":"2026-03-25T14:29:21","slug":"monteringsstolpe-737","status":"publish","type":"product","link":"https:\/\/secureus.se\/pl\/monteringsstolpe-737\/","title":{"rendered":"S\u0142upek monta\u017cowy 737"},"content":{"rendered":"<div>\n<div>\n<div>\n<div><\/div>\n<div>S\u0142upek monta\u017cowy ze stali, do standardowej elektrycznej p\u0142yty ko\u0144cowej serii Solid. S\u0142u\u017cy do dostosowywania mocowania i w\u0142a\u015bciwo\u015bci do bie\u017c\u0105cego zastosowania i \u015brodowiska drzwi.<\/div>\n<div><b>\u00a0<\/b><\/div>\n<div><b>W\u0142a\u015bciwo\u015bci:\u00a0\u00a0<\/b><\/div>\n<div>\n<ul>\n<li>Do ram aluminiowych.<\/li>\n<li>Blokowane zamki dwuspadowe.<\/li>\n<li>Rozmiar j\u0119zyka: 27 mm.<\/li>\n<li>Mo\u017ce by\u0107 stosowany w izolowanych ramach aluminiowych.<\/li>\n<\/ul>\n<\/div>\n<div><\/div>\n<div><b>Nadaje si\u0119 do:<\/b><\/div>\n<div>Elektryczne p\u0142yty ko\u0144cowe ASSA ABLOY w serii standardowej: 70, 570, 71, 571, 75, 575, 585<\/div>\n<\/div>\n<\/div>\n<\/div>\n<div><\/div>","protected":false},"excerpt":{"rendered":"<p>Monteringsstolpe i st\u00e5l, f\u00f6r standard elslutbleck i Solid-serien. Anv\u00e4nds f\u00f6r att anpassa inf\u00e4stning och egenskaper till den aktuella applikationen och d\u00f6rrmilj\u00f6n. \u00a0 Egenskaper:\u00a0\u00a0 F\u00f6r aluminiumkarmar. F\u00f6rreglade dubbelfall\u00e5s. Pl\u00f6sm\u00e5tt: 27 mm.<\/p>","protected":false},"featured_media":155755,"template":"","meta":{"_acf_changed":false},"product_brand":[],"product_cat":[4735],"product_tag":[],"class_list":{"0":"post-155756","1":"product","2":"type-product","3":"status-publish","4":"has-post-thumbnail","6":"product_cat-monteringsstolpe","7":"product_shipping_class-postnord-varubrev","8":"pa_brands-abloy","9":"tm-no-options","11":"first","12":"instock","13":"sale","14":"taxable","15":"shipping-taxable","16":"purchasable","17":"product-type-simple"},"acf":[],"_links":{"self":[{"href":"https:\/\/secureus.se\/pl\/wp-json\/wp\/v2\/product\/155756","targetHints":{"allow":["GET"]}}],"collection":[{"href":"https:\/\/secureus.se\/pl\/wp-json\/wp\/v2\/product"}],"about":[{"href":"https:\/\/secureus.se\/pl\/wp-json\/wp\/v2\/types\/product"}],"wp:featuredmedia":[{"embeddable":true,"href":"https:\/\/secureus.se\/pl\/wp-json\/wp\/v2\/media\/155755"}],"wp:attachment":[{"href":"https:\/\/secureus.se\/pl\/wp-json\/wp\/v2\/media?parent=155756"}],"wp:term":[{"taxonomy":"product_brand","embeddable":true,"href":"https:\/\/secureus.se\/pl\/wp-json\/wp\/v2\/product_brand?post=155756"},{"taxonomy":"product_cat","embeddable":true,"href":"https:\/\/secureus.se\/pl\/wp-json\/wp\/v2\/product_cat?post=155756"},{"taxonomy":"product_tag","embeddable":true,"href":"https:\/\/secureus.se\/pl\/wp-json\/wp\/v2\/product_tag?post=155756"}],"curies":[{"name":"wp","href":"https:\/\/api.w.org\/{rel}","templated":true}]}}