{"id":155760,"date":"2025-09-01T12:48:49","date_gmt":"2025-09-01T10:48:49","guid":{"rendered":"https:\/\/secureus.se\/monteringsstolpe-725\/"},"modified":"2026-04-23T11:23:53","modified_gmt":"2026-04-23T09:23:53","slug":"monteringsstolpe-725","status":"publish","type":"product","link":"https:\/\/secureus.se\/pl\/monteringsstolpe-725\/","title":{"rendered":"S\u0142upek monta\u017cowy 725"},"content":{"rendered":"<div>S\u0142upek monta\u017cowy ze stali, do standardowej elektrycznej p\u0142yty ko\u0144cowej serii Solid. S\u0142u\u017cy do dostosowywania mocowania i w\u0142a\u015bciwo\u015bci do bie\u017c\u0105cego zastosowania i \u015brodowiska drzwi.<\/div>\n<div><\/div>\n<div><b>\u00a0<\/b><\/div>\n<div><b>W\u0142a\u015bciwo\u015bci: <\/b><\/div>\n<div>\n<ul>\n<li>Do ram drewnianych, stalowych lub aluminiowych<\/li>\n<li>Blokowane zamki dwuspadowe.<\/li>\n<li>Rozmiar j\u0119zyka: 15 mm.<\/li>\n<\/ul>\n<\/div>\n<div><\/div>\n<div><b>\u00a0<\/b><\/div>\n<div><b>Nadaje si\u0119 do: <\/b><\/div>\n<div>Elektryczne p\u0142yty ko\u0144cowe ASSA ABLOY w serii standardowej: 70, 570, 71, 571, 75, 575, 585<\/div>","protected":false},"excerpt":{"rendered":"<p>Monteringsstolpe i st\u00e5l, f\u00f6r standard elslutbleck i Solid-serien. Anv\u00e4nds f\u00f6r att anpassa inf\u00e4stning och egenskaper till den aktuella applikationen och d\u00f6rrmilj\u00f6n. \u00a0 Egenskaper: F\u00f6r tr\u00e4-, st\u00e5l- eller aluminiumkarmar F\u00f6rreglade dubbelfall\u00e5s.<\/p>","protected":false},"featured_media":155757,"template":"","meta":{"_acf_changed":false},"product_brand":[],"product_cat":[4735],"product_tag":[],"class_list":{"0":"post-155760","1":"product","2":"type-product","3":"status-publish","4":"has-post-thumbnail","6":"product_cat-monteringsstolpe","7":"product_shipping_class-postnord-varubrev","8":"pa_brands-abloy","9":"tm-no-options","11":"first","12":"instock","13":"sale","14":"taxable","15":"shipping-taxable","16":"purchasable","17":"product-type-simple"},"acf":[],"_links":{"self":[{"href":"https:\/\/secureus.se\/pl\/wp-json\/wp\/v2\/product\/155760","targetHints":{"allow":["GET"]}}],"collection":[{"href":"https:\/\/secureus.se\/pl\/wp-json\/wp\/v2\/product"}],"about":[{"href":"https:\/\/secureus.se\/pl\/wp-json\/wp\/v2\/types\/product"}],"wp:featuredmedia":[{"embeddable":true,"href":"https:\/\/secureus.se\/pl\/wp-json\/wp\/v2\/media\/155757"}],"wp:attachment":[{"href":"https:\/\/secureus.se\/pl\/wp-json\/wp\/v2\/media?parent=155760"}],"wp:term":[{"taxonomy":"product_brand","embeddable":true,"href":"https:\/\/secureus.se\/pl\/wp-json\/wp\/v2\/product_brand?post=155760"},{"taxonomy":"product_cat","embeddable":true,"href":"https:\/\/secureus.se\/pl\/wp-json\/wp\/v2\/product_cat?post=155760"},{"taxonomy":"product_tag","embeddable":true,"href":"https:\/\/secureus.se\/pl\/wp-json\/wp\/v2\/product_tag?post=155760"}],"curies":[{"name":"wp","href":"https:\/\/api.w.org\/{rel}","templated":true}]}}