{"id":155771,"date":"2025-09-01T12:48:48","date_gmt":"2025-09-01T10:48:48","guid":{"rendered":"https:\/\/secureus.se\/monteringsstolpe-731-17\/"},"modified":"2025-09-25T09:14:06","modified_gmt":"2025-09-25T07:14:06","slug":"monteringsstolpe-731-17","status":"publish","type":"product","link":"https:\/\/secureus.se\/pl\/monteringsstolpe-731-17\/","title":{"rendered":"S\u0142upek monta\u017cowy 731-17"},"content":{"rendered":"<div>\n<div>\n<div>\u00a0<\/div>\n<div>\n<p>S\u0142upek monta\u017cowy ze stali, do standardowej elektrycznej p\u0142yty ko\u0144cowej serii Solid. S\u0142u\u017cy do dostosowywania mocowania i w\u0142a\u015bciwo\u015bci do bie\u017c\u0105cego zastosowania i \u015brodowiska drzwi. <br \/><b><br \/><\/b><b>W\u0142a\u015bciwo\u015bci:\u00a0<\/b><br \/>Do ram drewnianych, stalowych lub aluminiowych.\u00a0<br \/>Blokowane zamki dwuspadowe.\u00a0<br \/>Rozmiar j\u0119zyka: 17 mm.\u00a0<\/p>\n<p><b>Nadaje si\u0119 do:<\/b>\u00a0\u00a0<br \/>Elektryczne p\u0142yty ko\u0144cowe ASSA ABLOY w serii standardowej: 70, 570, 71, 571, 75, 575, 585<\/p>\n<\/div>\n<\/div>\n<\/div>\n<div>\n<\/p>\n<\/div>","protected":false},"excerpt":{"rendered":"<p>\u00a0 S\u0142upek monta\u017cowy ze stali, do standardowej elektrycznej p\u0142yty ko\u0144cowej serii Solid. S\u0142u\u017cy do dostosowywania mocowania i w\u0142a\u015bciwo\u015bci do bie\u017c\u0105cego zastosowania i \u015brodowiska drzwi. W\u0142a\u015bciwo\u015bci: Do ram drewnianych, stalowych i aluminiowych. Blokowane zamki dwuspadowe. Rozmiar j\u0119zyka: 17 mm.\u00a0<\/p>","protected":false},"featured_media":155770,"template":"","meta":{"_acf_changed":false},"product_brand":[],"product_cat":[4735],"product_tag":[],"class_list":{"0":"post-155771","1":"product","2":"type-product","3":"status-publish","4":"has-post-thumbnail","6":"product_cat-monteringsstolpe","7":"product_shipping_class-postnord-varubrev","8":"pa_brands-abloy","9":"tm-no-options","11":"first","12":"outofstock","13":"sale","14":"taxable","15":"shipping-taxable","16":"purchasable","17":"product-type-simple"},"acf":[],"_links":{"self":[{"href":"https:\/\/secureus.se\/pl\/wp-json\/wp\/v2\/product\/155771","targetHints":{"allow":["GET"]}}],"collection":[{"href":"https:\/\/secureus.se\/pl\/wp-json\/wp\/v2\/product"}],"about":[{"href":"https:\/\/secureus.se\/pl\/wp-json\/wp\/v2\/types\/product"}],"wp:featuredmedia":[{"embeddable":true,"href":"https:\/\/secureus.se\/pl\/wp-json\/wp\/v2\/media\/155770"}],"wp:attachment":[{"href":"https:\/\/secureus.se\/pl\/wp-json\/wp\/v2\/media?parent=155771"}],"wp:term":[{"taxonomy":"product_brand","embeddable":true,"href":"https:\/\/secureus.se\/pl\/wp-json\/wp\/v2\/product_brand?post=155771"},{"taxonomy":"product_cat","embeddable":true,"href":"https:\/\/secureus.se\/pl\/wp-json\/wp\/v2\/product_cat?post=155771"},{"taxonomy":"product_tag","embeddable":true,"href":"https:\/\/secureus.se\/pl\/wp-json\/wp\/v2\/product_tag?post=155771"}],"curies":[{"name":"wp","href":"https:\/\/api.w.org\/{rel}","templated":true}]}}