{"id":155857,"date":"2025-09-03T09:08:45","date_gmt":"2025-09-03T07:08:45","guid":{"rendered":"https:\/\/secureus.se\/monteringsstolpe-528\/"},"modified":"2026-04-23T11:23:39","modified_gmt":"2026-04-23T09:23:39","slug":"monteringsstolpe-528","status":"publish","type":"product","link":"https:\/\/secureus.se\/pl\/monteringsstolpe-528\/","title":{"rendered":"S\u0142upek monta\u017cowy 528"},"content":{"rendered":"<div>\n<div>\n<div>S\u0142upek monta\u017cowy ze stali, do prostych elektrycznych p\u0142yt ko\u0144cowych z serii Solid. S\u0142u\u017cy do dostosowywania mocowania i w\u0142a\u015bciwo\u015bci do bie\u017c\u0105cego zastosowania i \u015brodowiska drzwi.<\/div>\n<div><\/div>\n<div>\n<p><b>W\u0142a\u015bciwo\u015bci:\u00a0<\/b><\/p>\n<ul>\n<li>Drewniane ramy.<\/li>\n<li>Zamek jednospadowy bez blokady.<\/li>\n<li>Rozmiar j\u0119zyka: 5 mm.<\/li>\n<\/ul>\n<div><\/div>\n<\/div>\n<\/div>\n<\/div>\n<div><b>Nadaje si\u0119 do:\u00a0<\/b><br \/>\nElektryczna p\u0142yta ko\u0144cowa ASSA ABLOY seria prosta: 14, 114, 514, 5114<\/div>\n<div><\/div>","protected":false},"excerpt":{"rendered":"<p>Monteringsstolpe i st\u00e5l, f\u00f6r enkla elslutbleck i Solid-serien. Anv\u00e4nds f\u00f6r att anpassa inf\u00e4stning och egenskaper till den aktuella applikationen och d\u00f6rrmilj\u00f6n. Egenskaper:\u00a0 Tr\u00e4karmar. Enkelfall\u00e5s utan f\u00f6rregling. Pl\u00f6sm\u00e5tt: 5 mm. Passar<\/p>","protected":false},"featured_media":159460,"template":"","meta":{"_acf_changed":false},"product_brand":[],"product_cat":[4735],"product_tag":[],"class_list":{"0":"post-155857","1":"product","2":"type-product","3":"status-publish","4":"has-post-thumbnail","6":"product_cat-monteringsstolpe","7":"product_shipping_class-postnord-varubrev","8":"pa_brands-abloy","9":"tm-no-options","11":"first","12":"instock","13":"sale","14":"taxable","15":"shipping-taxable","16":"purchasable","17":"product-type-simple"},"acf":[],"_links":{"self":[{"href":"https:\/\/secureus.se\/pl\/wp-json\/wp\/v2\/product\/155857","targetHints":{"allow":["GET"]}}],"collection":[{"href":"https:\/\/secureus.se\/pl\/wp-json\/wp\/v2\/product"}],"about":[{"href":"https:\/\/secureus.se\/pl\/wp-json\/wp\/v2\/types\/product"}],"wp:featuredmedia":[{"embeddable":true,"href":"https:\/\/secureus.se\/pl\/wp-json\/wp\/v2\/media\/159460"}],"wp:attachment":[{"href":"https:\/\/secureus.se\/pl\/wp-json\/wp\/v2\/media?parent=155857"}],"wp:term":[{"taxonomy":"product_brand","embeddable":true,"href":"https:\/\/secureus.se\/pl\/wp-json\/wp\/v2\/product_brand?post=155857"},{"taxonomy":"product_cat","embeddable":true,"href":"https:\/\/secureus.se\/pl\/wp-json\/wp\/v2\/product_cat?post=155857"},{"taxonomy":"product_tag","embeddable":true,"href":"https:\/\/secureus.se\/pl\/wp-json\/wp\/v2\/product_tag?post=155857"}],"curies":[{"name":"wp","href":"https:\/\/api.w.org\/{rel}","templated":true}]}}