{"id":155865,"date":"2025-09-03T09:08:46","date_gmt":"2025-09-03T07:08:46","guid":{"rendered":"https:\/\/secureus.se\/monteringsstolpe-507-17\/"},"modified":"2026-03-25T15:28:17","modified_gmt":"2026-03-25T14:28:17","slug":"monteringsstolpe-507-17","status":"publish","type":"product","link":"https:\/\/secureus.se\/pl\/monteringsstolpe-507-17\/","title":{"rendered":"S\u0142upek monta\u017cowy 507-17"},"content":{"rendered":"<div>S\u0142upek monta\u017cowy ze stali, do prostych elektrycznych p\u0142yt ko\u0144cowych z serii Solid. S\u0142u\u017cy do dostosowywania mocowania i w\u0142a\u015bciwo\u015bci do bie\u017c\u0105cego zastosowania i \u015brodowiska drzwi.<\/div>\n<div><b>\u00a0<\/b><\/div>\n<div><b>W\u0142a\u015bciwo\u015bci:\u00a0\u00a0<\/b><\/div>\n<div>\n<ul>\n<li><b><\/b>Do ram drewnianych, stalowych lub aluminiowych.<\/li>\n<li>Zamek jednospadowy bez blokady.<\/li>\n<li>Rozmiar j\u0119zyka: 17 mm.<\/li>\n<\/ul>\n<p>&nbsp;<\/p>\n<\/div>\n<div><b>Nadaje si\u0119 do: <\/b><\/div>\n<div>Elektryczna p\u0142yta ko\u0144cowa ASSA ABLOY seria prosta: 14, 114, 514, 5114<\/div>","protected":false},"excerpt":{"rendered":"<p>Monteringsstolpe i st\u00e5l, f\u00f6r enkla elslutbleck i Solid-serien. Anv\u00e4nds f\u00f6r att anpassa inf\u00e4stning och egenskaper till den aktuella applikationen och d\u00f6rrmilj\u00f6n. \u00a0 Egenskaper:\u00a0\u00a0 F\u00f6r tr\u00e4-, st\u00e5l- eller aluminiumkarmar. Enkelfall\u00e5s utan<\/p>","protected":false},"featured_media":155863,"template":"","meta":{"_acf_changed":false},"product_brand":[],"product_cat":[4735],"product_tag":[],"class_list":{"0":"post-155865","1":"product","2":"type-product","3":"status-publish","4":"has-post-thumbnail","6":"product_cat-monteringsstolpe","7":"product_shipping_class-postnord-varubrev","8":"pa_brands-abloy","9":"tm-no-options","11":"first","12":"instock","13":"sale","14":"taxable","15":"shipping-taxable","16":"purchasable","17":"product-type-simple"},"acf":[],"_links":{"self":[{"href":"https:\/\/secureus.se\/pl\/wp-json\/wp\/v2\/product\/155865","targetHints":{"allow":["GET"]}}],"collection":[{"href":"https:\/\/secureus.se\/pl\/wp-json\/wp\/v2\/product"}],"about":[{"href":"https:\/\/secureus.se\/pl\/wp-json\/wp\/v2\/types\/product"}],"wp:featuredmedia":[{"embeddable":true,"href":"https:\/\/secureus.se\/pl\/wp-json\/wp\/v2\/media\/155863"}],"wp:attachment":[{"href":"https:\/\/secureus.se\/pl\/wp-json\/wp\/v2\/media?parent=155865"}],"wp:term":[{"taxonomy":"product_brand","embeddable":true,"href":"https:\/\/secureus.se\/pl\/wp-json\/wp\/v2\/product_brand?post=155865"},{"taxonomy":"product_cat","embeddable":true,"href":"https:\/\/secureus.se\/pl\/wp-json\/wp\/v2\/product_cat?post=155865"},{"taxonomy":"product_tag","embeddable":true,"href":"https:\/\/secureus.se\/pl\/wp-json\/wp\/v2\/product_tag?post=155865"}],"curies":[{"name":"wp","href":"https:\/\/api.w.org\/{rel}","templated":true}]}}