{"id":155899,"date":"2025-09-03T09:29:40","date_gmt":"2025-09-03T07:29:40","guid":{"rendered":"https:\/\/secureus.se\/monteringsstolpe-932t-17\/"},"modified":"2026-04-08T15:08:17","modified_gmt":"2026-04-08T13:08:17","slug":"monteringsstolpe-932t-17","status":"publish","type":"product","link":"https:\/\/secureus.se\/pl\/monteringsstolpe-932t-17\/","title":{"rendered":"S\u0142upek monta\u017cowy 932T-17"},"content":{"rendered":"<p>ASSA ABLOY 932T-17 to k\u0105towy s\u0142upek monta\u017cowy z zaokr\u0105glonymi naro\u017cnikami ze stali nierdzewnej, do ram drewnianych. Pasuje do standardowych zaczep\u00f3w Assa z serii 900 wraz ze skrzynkami zamk\u00f3w z pojedynczym lub podw\u00f3jnym spadkiem.<\/p>\n<div><b><br \/>\nW\u0142a\u015bciwo\u015bci:\u00a0<\/b><\/div>\n<div>\n<ul>\n<li>Symetryczny<\/li>\n<li>Szeroko\u015b\u0107: 40 mm<\/li>\n<li>Wysoko\u015b\u0107: 245 mm<\/li>\n<li>Rozmiar j\u0119zyka: 17 mm<\/li>\n<li>G\u0142\u0119boko\u015b\u0107 k\u0105ta: 15 mm<\/li>\n<li>Zaokr\u0105glone rogi<\/li>\n<li>Do ram drewnianych<\/li>\n<\/ul>\n<\/div>\n<div><b><br \/>\nPasuje do elektrycznych p\u0142yt ko\u0144cowych ASSA ABLOY serii 900:<\/b><\/div>\n<div>\n<ul>\n<li>905, 905M<\/li>\n<li>910, 910M<\/li>\n<li>911, 911M<\/li>\n<li>920, 920M, 920C<\/li>\n<li>940M<\/li>\n<li>941M<\/li>\n<li>960M, 960C<\/li>\n<li>961M, 961C<\/li>\n<li>990M<\/li>\n<li>991M<\/li>\n<\/ul>\n<\/div>","protected":false},"excerpt":{"rendered":"<p>ASSA ABLOY 932T-17 \u00e4r en vinklad monteringsstolpe med runda h\u00f6rn i rostfritt st\u00e5l, f\u00f6r tr\u00e4karmar. Passar till Assas standard slutbleck i 900-serien tillsammans med l\u00e5shus med enkelfall eller dubbelfall. Egenskaper:\u00a0<\/p>","protected":false},"featured_media":155898,"template":"","meta":{"_acf_changed":false},"product_brand":[],"product_cat":[4735],"product_tag":[],"class_list":{"0":"post-155899","1":"product","2":"type-product","3":"status-publish","4":"has-post-thumbnail","6":"product_cat-monteringsstolpe","7":"product_shipping_class-postnord-varubrev","8":"pa_brands-abloy","9":"tm-no-options","11":"first","12":"outofstock","13":"sale","14":"taxable","15":"shipping-taxable","16":"purchasable","17":"product-type-simple"},"acf":[],"_links":{"self":[{"href":"https:\/\/secureus.se\/pl\/wp-json\/wp\/v2\/product\/155899","targetHints":{"allow":["GET"]}}],"collection":[{"href":"https:\/\/secureus.se\/pl\/wp-json\/wp\/v2\/product"}],"about":[{"href":"https:\/\/secureus.se\/pl\/wp-json\/wp\/v2\/types\/product"}],"wp:featuredmedia":[{"embeddable":true,"href":"https:\/\/secureus.se\/pl\/wp-json\/wp\/v2\/media\/155898"}],"wp:attachment":[{"href":"https:\/\/secureus.se\/pl\/wp-json\/wp\/v2\/media?parent=155899"}],"wp:term":[{"taxonomy":"product_brand","embeddable":true,"href":"https:\/\/secureus.se\/pl\/wp-json\/wp\/v2\/product_brand?post=155899"},{"taxonomy":"product_cat","embeddable":true,"href":"https:\/\/secureus.se\/pl\/wp-json\/wp\/v2\/product_cat?post=155899"},{"taxonomy":"product_tag","embeddable":true,"href":"https:\/\/secureus.se\/pl\/wp-json\/wp\/v2\/product_tag?post=155899"}],"curies":[{"name":"wp","href":"https:\/\/api.w.org\/{rel}","templated":true}]}}