{"id":155905,"date":"2025-09-03T09:29:36","date_gmt":"2025-09-03T07:29:36","guid":{"rendered":"https:\/\/secureus.se\/monteringsstolpe-965-w\/"},"modified":"2026-03-25T15:27:59","modified_gmt":"2026-03-25T14:27:59","slug":"monteringsstolpe-965-w","status":"publish","type":"product","link":"https:\/\/secureus.se\/pl\/monteringsstolpe-965-w\/","title":{"rendered":"S\u0142upek monta\u017cowy 965-W"},"content":{"rendered":"<p>ASSA ABLOY 965-W to p\u0142aski s\u0142upek monta\u017cowy ze stali nierdzewnej, dostosowany do Wicona 65\/Connect. Pasuje do standardowych zaczep\u00f3w Assa serii 900 wraz z obudowami zamk\u00f3w z pojedynczym lub podw\u00f3jnym zaczepem. S\u0142u\u017cy do dopasowania mocowania zaczepu elektrycznego do standardowego wn\u0119ki Wicona.<\/p>\n<div><\/div>\n<div><b>W\u0142a\u015bciwo\u015bci:<\/b><\/div>\n<div>\n<ul>\n<li>Symetryczny<\/li>\n<li>Szeroko\u015b\u0107: 40 mm<\/li>\n<li>Wysoko\u015b\u0107: 245 mm<\/li>\n<li>Rozmiar j\u0119zyka: 12,5 mm<\/li>\n<li>Pasuje do systemu profili Wicona 65\/Connect.<\/li>\n<\/ul>\n<\/div>\n<div><\/div>\n<div><b>Pasuje do elektrycznych p\u0142yt ko\u0144cowych ASSA ABLOY serii 900:<\/b><\/div>\n<div>\n<ul>\n<li>905, 905M<\/li>\n<li>910, 910M<\/li>\n<li>911, 911M<\/li>\n<li>920, 920M, 920C<\/li>\n<li>940M<\/li>\n<li>941M<\/li>\n<li>960M, 960C<\/li>\n<li>961M, 961C<\/li>\n<li>990M<\/li>\n<li>991M<\/li>\n<\/ul>\n<\/div>","protected":false},"excerpt":{"rendered":"<p>ASSA ABLOY 965-W \u00e4r en plan monteringsstolpe i rostfritt st\u00e5l, anpassad f\u00f6r Wicona 65\/Connect. Passar till Assas standard slutbleck i 900-serien tillsammans med l\u00e5shus med enkelfall eller dubbelfall. Anv\u00e4nds f\u00f6r<\/p>","protected":false},"featured_media":155904,"template":"","meta":{"_acf_changed":false},"product_brand":[],"product_cat":[4735],"product_tag":[],"class_list":{"0":"post-155905","1":"product","2":"type-product","3":"status-publish","4":"has-post-thumbnail","6":"product_cat-monteringsstolpe","7":"product_shipping_class-postnord-varubrev","8":"pa_brands-abloy","9":"tm-no-options","11":"first","12":"instock","13":"sale","14":"taxable","15":"shipping-taxable","16":"purchasable","17":"product-type-simple"},"acf":[],"_links":{"self":[{"href":"https:\/\/secureus.se\/pl\/wp-json\/wp\/v2\/product\/155905","targetHints":{"allow":["GET"]}}],"collection":[{"href":"https:\/\/secureus.se\/pl\/wp-json\/wp\/v2\/product"}],"about":[{"href":"https:\/\/secureus.se\/pl\/wp-json\/wp\/v2\/types\/product"}],"wp:featuredmedia":[{"embeddable":true,"href":"https:\/\/secureus.se\/pl\/wp-json\/wp\/v2\/media\/155904"}],"wp:attachment":[{"href":"https:\/\/secureus.se\/pl\/wp-json\/wp\/v2\/media?parent=155905"}],"wp:term":[{"taxonomy":"product_brand","embeddable":true,"href":"https:\/\/secureus.se\/pl\/wp-json\/wp\/v2\/product_brand?post=155905"},{"taxonomy":"product_cat","embeddable":true,"href":"https:\/\/secureus.se\/pl\/wp-json\/wp\/v2\/product_cat?post=155905"},{"taxonomy":"product_tag","embeddable":true,"href":"https:\/\/secureus.se\/pl\/wp-json\/wp\/v2\/product_tag?post=155905"}],"curies":[{"name":"wp","href":"https:\/\/api.w.org\/{rel}","templated":true}]}}