{"id":155913,"date":"2025-09-03T09:29:36","date_gmt":"2025-09-03T07:29:36","guid":{"rendered":"https:\/\/secureus.se\/monteringsstolpe-959\/"},"modified":"2026-03-25T15:27:55","modified_gmt":"2026-03-25T14:27:55","slug":"monteringsstolpe-959","status":"publish","type":"product","link":"https:\/\/secureus.se\/pl\/monteringsstolpe-959\/","title":{"rendered":"S\u0142upek monta\u017cowy 959"},"content":{"rendered":"<div>ASSA ABLOY 959 to s\u0142upek monta\u017cowy ze stali nierdzewnej, przeznaczony do system\u00f3w profili SP 59000 i 79000. Pasuje do standardowej blachy zaczepowej Assa serii 900 wraz z obudowami zamk\u00f3w z pojedynczym lub podw\u00f3jnym ryglem. S\u0142u\u017cy do dopasowania monta\u017cu blach elektrozaczepowych do standardowych wn\u0119k St\u00e5lprofil.<\/div>\n<div><b><br \/>\nW\u0142a\u015bciwo\u015bci:<\/b><\/div>\n<div>\n<ul>\n<li>Szeroko\u015b\u0107: 80 mm<\/li>\n<li>D\u0142ugo\u015b\u0107: 200 mm<\/li>\n<li>Wymiar j\u0119zyka: 29,5 mm<\/li>\n<li>Pasuje do profili stalowych SP 59000 i 79000<\/li>\n<\/ul>\n<\/div>\n<div>\n<b>Pasuje do elektrycznych p\u0142yt ko\u0144cowych ASSA ABLOY serii 900:<\/b><\/div>\n<div>\n<ul>\n<li>905, 905M<\/li>\n<li>910, 910M<\/li>\n<li>911, 911M<\/li>\n<li>920, 920M, 920C<\/li>\n<li>940M<\/li>\n<li>941M<\/li>\n<li>960M, 960C<\/li>\n<li>961M, 961C<\/li>\n<li>990M<\/li>\n<li>991M<\/li>\n<\/ul>\n<\/div>\n<div><\/div>","protected":false},"excerpt":{"rendered":"<p>ASSA ABLOY 959 \u00e4r en montagestolpe\u00a0i rostfritt st\u00e5l, f\u00f6r profilsystem SP 59000 och 79000. Passar till Assas standard slutbleck i 900-serien tillsammans med l\u00e5shus med enkelfall eller dubbelfall. Anv\u00e4nds f\u00f6r<\/p>","protected":false},"featured_media":155912,"template":"","meta":{"_acf_changed":false},"product_brand":[],"product_cat":[4735],"product_tag":[],"class_list":{"0":"post-155913","1":"product","2":"type-product","3":"status-publish","4":"has-post-thumbnail","6":"product_cat-monteringsstolpe","7":"product_shipping_class-postnord-varubrev","8":"pa_brands-abloy","9":"tm-no-options","11":"first","12":"onbackorder","13":"sale","14":"taxable","15":"shipping-taxable","16":"purchasable","17":"product-type-simple"},"acf":[],"_links":{"self":[{"href":"https:\/\/secureus.se\/pl\/wp-json\/wp\/v2\/product\/155913","targetHints":{"allow":["GET"]}}],"collection":[{"href":"https:\/\/secureus.se\/pl\/wp-json\/wp\/v2\/product"}],"about":[{"href":"https:\/\/secureus.se\/pl\/wp-json\/wp\/v2\/types\/product"}],"wp:featuredmedia":[{"embeddable":true,"href":"https:\/\/secureus.se\/pl\/wp-json\/wp\/v2\/media\/155912"}],"wp:attachment":[{"href":"https:\/\/secureus.se\/pl\/wp-json\/wp\/v2\/media?parent=155913"}],"wp:term":[{"taxonomy":"product_brand","embeddable":true,"href":"https:\/\/secureus.se\/pl\/wp-json\/wp\/v2\/product_brand?post=155913"},{"taxonomy":"product_cat","embeddable":true,"href":"https:\/\/secureus.se\/pl\/wp-json\/wp\/v2\/product_cat?post=155913"},{"taxonomy":"product_tag","embeddable":true,"href":"https:\/\/secureus.se\/pl\/wp-json\/wp\/v2\/product_tag?post=155913"}],"curies":[{"name":"wp","href":"https:\/\/api.w.org\/{rel}","templated":true}]}}