{"id":155933,"date":"2025-09-03T09:29:38","date_gmt":"2025-09-03T07:29:38","guid":{"rendered":"https:\/\/secureus.se\/monteringsstolpe-9487-2\/"},"modified":"2026-04-23T11:21:15","modified_gmt":"2026-04-23T09:21:15","slug":"monteringsstolpe-9487-2","status":"publish","type":"product","link":"https:\/\/secureus.se\/pl\/monteringsstolpe-9487-2\/","title":{"rendered":"S\u0142upek monta\u017cowy 9487-2"},"content":{"rendered":"<p>ASSA ABLOY 9487-2 to p\u0142aski s\u0142upek monta\u017cowy ze stali nierdzewnej. Pasuje do standardowych blach zaczepowych Assa serii 900 wraz z obudowami zamk\u00f3w jedno- lub dwuskrzyd\u0142owych. Z zaokr\u0105glonymi naro\u017cnikami dla \u0142atwiejszego frezowania w ramach drewnianych. Odpowiada blasze zaczepowej 1487-2.<\/p>\n<div><b><br \/>W\u0142a\u015bciwo\u015bci:\u00a0<\/b><\/div>\n<div>\n<ul>\n<li>Symetryczny<\/li>\n<li>Szeroko\u015b\u0107: 40 mm<\/li>\n<li>Wysoko\u015b\u0107: 200 mm<\/li>\n<li>Rozmiar j\u0119zyka: 16,5 mm<\/li>\n<li>Zaokr\u0105glone rogi<\/li>\n<li>Do ram drewnianych<\/li>\n<li>Posiada takie same wymiary jak p\u0142yta ko\u0144cowa 1487-2<\/li>\n<\/ul>\n<\/div>\n<div><b>Pasuje do elektrycznych p\u0142yt ko\u0144cowych ASSA ABLOY serii 900:<\/b><\/div>\n<div>\n<ul>\n<li>905, 905M<\/li>\n<li>910, 910M<\/li>\n<li>911, 911M<\/li>\n<li>920, 920M, 920C<\/li>\n<li>940M<\/li>\n<li>941M<\/li>\n<li>960M, 960C<\/li>\n<li>961M, 961C<\/li>\n<li>990M<\/li>\n<li>991M<\/li>\n<\/ul>\n<\/div>\n<div><\/div>","protected":false},"excerpt":{"rendered":"<p>ASSA ABLOY 9487-2 \u00e4r en plan monteringsstolpe i rostfritt st\u00e5l. Passar till Assas standard slutbleck i 900-serien tillsammans med l\u00e5shus med enkelfall eller dubbelfall. Med runda h\u00f6rn f\u00f6r l\u00e4ttare infr\u00e4sning<\/p>","protected":false},"featured_media":155932,"template":"","meta":{"_acf_changed":false},"product_brand":[],"product_cat":[4735],"product_tag":[],"class_list":{"0":"post-155933","1":"product","2":"type-product","3":"status-publish","4":"has-post-thumbnail","6":"product_cat-monteringsstolpe","7":"product_shipping_class-postnord-varubrev","8":"pa_brands-abloy","9":"tm-no-options","11":"first","12":"instock","13":"sale","14":"taxable","15":"shipping-taxable","16":"purchasable","17":"product-type-simple"},"acf":[],"_links":{"self":[{"href":"https:\/\/secureus.se\/pl\/wp-json\/wp\/v2\/product\/155933","targetHints":{"allow":["GET"]}}],"collection":[{"href":"https:\/\/secureus.se\/pl\/wp-json\/wp\/v2\/product"}],"about":[{"href":"https:\/\/secureus.se\/pl\/wp-json\/wp\/v2\/types\/product"}],"wp:featuredmedia":[{"embeddable":true,"href":"https:\/\/secureus.se\/pl\/wp-json\/wp\/v2\/media\/155932"}],"wp:attachment":[{"href":"https:\/\/secureus.se\/pl\/wp-json\/wp\/v2\/media?parent=155933"}],"wp:term":[{"taxonomy":"product_brand","embeddable":true,"href":"https:\/\/secureus.se\/pl\/wp-json\/wp\/v2\/product_brand?post=155933"},{"taxonomy":"product_cat","embeddable":true,"href":"https:\/\/secureus.se\/pl\/wp-json\/wp\/v2\/product_cat?post=155933"},{"taxonomy":"product_tag","embeddable":true,"href":"https:\/\/secureus.se\/pl\/wp-json\/wp\/v2\/product_tag?post=155933"}],"curies":[{"name":"wp","href":"https:\/\/api.w.org\/{rel}","templated":true}]}}