{"id":155941,"date":"2025-09-03T09:29:39","date_gmt":"2025-09-03T07:29:39","guid":{"rendered":"https:\/\/secureus.se\/monteringsstolpe-940\/"},"modified":"2026-04-23T11:21:01","modified_gmt":"2026-04-23T09:21:01","slug":"monteringsstolpe-940","status":"publish","type":"product","link":"https:\/\/secureus.se\/pl\/monteringsstolpe-940\/","title":{"rendered":"S\u0142upek monta\u017cowy 940"},"content":{"rendered":"<div>ASSA ABLOY 940 to p\u0142aski s\u0142upek monta\u017cowy ze stali nierdzewnej, przystosowany do systemu profili Sapa 2050. Pasuje do standardowych zaczep\u00f3w Assa z serii 900 wraz z obudowami zamk\u00f3w z pojedynczym lub podw\u00f3jnym spadkiem.<\/p>\n<\/div>\n<div><b>W\u0142a\u015bciwo\u015bci:<\/b><\/div>\n<div>\n<ul>\n<li>Symetryczny<\/li>\n<li>Szeroko\u015b\u0107: 39,2 mm<\/li>\n<li>Wysoko\u015b\u0107: 245 mm<\/li>\n<li>Rozmiar j\u0119zyka: 15 mm<\/li>\n<li>Odpowiedni dla systemu profili Sapa 2050<\/li>\n<\/ul>\n<\/div>\n<div><\/div>\n<div><b>Pasuje do elektrycznych p\u0142yt ko\u0144cowych ASSA ABLOY serii 900:<\/b><\/div>\n<div>\n<ul>\n<li>905, 905M<\/li>\n<li>910, 910M<\/li>\n<li>911, 911M<\/li>\n<li>920, 920M, 920C<\/li>\n<li>940M<\/li>\n<li>941M<\/li>\n<li>960M, 960C<\/li>\n<li>961M, 961C<\/li>\n<li>990M<\/li>\n<li>991M<\/li>\n<\/ul>\n<\/div>","protected":false},"excerpt":{"rendered":"<p>ASSA ABLOY 940 \u00e4r en plan monteringsstolpe i rostfritt st\u00e5l, anpassad f\u00f6r profilsystem Sapa 2050. Passar till Assas standard slutbleck i 900-serien tillsammans med l\u00e5shus med enkelfall eller dubbelfall. Egenskaper:<\/p>","protected":false},"featured_media":155940,"template":"","meta":{"_acf_changed":false},"product_brand":[],"product_cat":[4735],"product_tag":[],"class_list":{"0":"post-155941","1":"product","2":"type-product","3":"status-publish","4":"has-post-thumbnail","6":"product_cat-monteringsstolpe","7":"product_shipping_class-postnord-varubrev","8":"pa_brands-abloy","9":"tm-no-options","11":"first","12":"instock","13":"sale","14":"taxable","15":"shipping-taxable","16":"purchasable","17":"product-type-simple"},"acf":[],"_links":{"self":[{"href":"https:\/\/secureus.se\/pl\/wp-json\/wp\/v2\/product\/155941","targetHints":{"allow":["GET"]}}],"collection":[{"href":"https:\/\/secureus.se\/pl\/wp-json\/wp\/v2\/product"}],"about":[{"href":"https:\/\/secureus.se\/pl\/wp-json\/wp\/v2\/types\/product"}],"wp:featuredmedia":[{"embeddable":true,"href":"https:\/\/secureus.se\/pl\/wp-json\/wp\/v2\/media\/155940"}],"wp:attachment":[{"href":"https:\/\/secureus.se\/pl\/wp-json\/wp\/v2\/media?parent=155941"}],"wp:term":[{"taxonomy":"product_brand","embeddable":true,"href":"https:\/\/secureus.se\/pl\/wp-json\/wp\/v2\/product_brand?post=155941"},{"taxonomy":"product_cat","embeddable":true,"href":"https:\/\/secureus.se\/pl\/wp-json\/wp\/v2\/product_cat?post=155941"},{"taxonomy":"product_tag","embeddable":true,"href":"https:\/\/secureus.se\/pl\/wp-json\/wp\/v2\/product_tag?post=155941"}],"curies":[{"name":"wp","href":"https:\/\/api.w.org\/{rel}","templated":true}]}}