{"id":155949,"date":"2025-09-03T09:29:43","date_gmt":"2025-09-03T07:29:43","guid":{"rendered":"https:\/\/secureus.se\/monteringsstolpe-930-13\/"},"modified":"2026-03-25T15:26:32","modified_gmt":"2026-03-25T14:26:32","slug":"monteringsstolpe-930-13","status":"publish","type":"product","link":"https:\/\/secureus.se\/pl\/monteringsstolpe-930-13\/","title":{"rendered":"S\u0142upek monta\u017cowy 930-13"},"content":{"rendered":"<div>ASSA ABLOY 930-13 to s\u0142upek monta\u017cowy ze stali nierdzewnej, do system\u00f3w profili SP 35000, 55000 i 75000. Pasuje do standardowej p\u0142yty ko\u0144cowej Assa z serii 900. S\u0142u\u017cy do dostosowania mocowania elektrycznej blachy ko\u0144cowej do standardowego wg\u0142\u0119bienia St\u00e5lprofil.<\/div>\n<div><b><br \/>\nW\u0142a\u015bciwo\u015bci:<\/b><\/div>\n<div>\n<ul>\n<li>Szeroko\u015b\u0107: 40 mm<\/li>\n<li>D\u0142ugo\u015b\u0107: 245 mm<\/li>\n<li>Rozmiar j\u0119zyka: 13 mm<\/li>\n<li>Pasuje do profili stalowych SP 35000, 55000 i 75000<\/li>\n<\/ul>\n<\/div>\n<div><b><br \/>\nPasuje do elektrycznych p\u0142yt ko\u0144cowych ASSA ABLOY serii 900:<\/b><\/div>\n<div>\n<ul>\n<li>905, 905M<\/li>\n<li>910, 910M<\/li>\n<li>911, 911M<\/li>\n<li>920, 920M, 920C<\/li>\n<li>940M<\/li>\n<li>941M<\/li>\n<li>960M, 960C<\/li>\n<li>961M, 961C<\/li>\n<li>990M<\/li>\n<li>991M<\/li>\n<\/ul>\n<\/div>","protected":false},"excerpt":{"rendered":"<p>ASSA ABLOY 930-13 \u00e4r en montagestolpe i rostfritt st\u00e5l, f\u00f6r profilsystem SP 35000, 55000 och 75000. Passar till Assas standard slutbleck i 900-serien. Anv\u00e4nds f\u00f6r att anpassa inf\u00e4stning elslutbleck till<\/p>","protected":false},"featured_media":155946,"template":"","meta":{"_acf_changed":false},"product_brand":[],"product_cat":[4735],"product_tag":[],"class_list":{"0":"post-155949","1":"product","2":"type-product","3":"status-publish","4":"has-post-thumbnail","6":"product_cat-monteringsstolpe","7":"product_shipping_class-postnord-varubrev","8":"pa_brands-abloy","9":"tm-no-options","11":"first","12":"onbackorder","13":"sale","14":"taxable","15":"shipping-taxable","16":"purchasable","17":"product-type-simple"},"acf":[],"_links":{"self":[{"href":"https:\/\/secureus.se\/pl\/wp-json\/wp\/v2\/product\/155949","targetHints":{"allow":["GET"]}}],"collection":[{"href":"https:\/\/secureus.se\/pl\/wp-json\/wp\/v2\/product"}],"about":[{"href":"https:\/\/secureus.se\/pl\/wp-json\/wp\/v2\/types\/product"}],"wp:featuredmedia":[{"embeddable":true,"href":"https:\/\/secureus.se\/pl\/wp-json\/wp\/v2\/media\/155946"}],"wp:attachment":[{"href":"https:\/\/secureus.se\/pl\/wp-json\/wp\/v2\/media?parent=155949"}],"wp:term":[{"taxonomy":"product_brand","embeddable":true,"href":"https:\/\/secureus.se\/pl\/wp-json\/wp\/v2\/product_brand?post=155949"},{"taxonomy":"product_cat","embeddable":true,"href":"https:\/\/secureus.se\/pl\/wp-json\/wp\/v2\/product_cat?post=155949"},{"taxonomy":"product_tag","embeddable":true,"href":"https:\/\/secureus.se\/pl\/wp-json\/wp\/v2\/product_tag?post=155949"}],"curies":[{"name":"wp","href":"https:\/\/api.w.org\/{rel}","templated":true}]}}