{"id":155959,"date":"2025-09-03T09:29:42","date_gmt":"2025-09-03T07:29:42","guid":{"rendered":"https:\/\/secureus.se\/monteringsstolpe-930t-15\/"},"modified":"2026-03-25T15:27:27","modified_gmt":"2026-03-25T14:27:27","slug":"monteringsstolpe-930t-15","status":"publish","type":"product","link":"https:\/\/secureus.se\/pl\/monteringsstolpe-930t-15\/","title":{"rendered":"S\u0142upek monta\u017cowy 930T-15"},"content":{"rendered":"<p>K\u0105towy s\u0142upek monta\u017cowy z zaokr\u0105glonymi naro\u017cnikami ze stali nierdzewnej, do ram drewnianych. Pasuje do standardowej p\u0142yty ko\u0144cowej Assa w serii 900. S\u0142u\u017cy do dostosowywania mocowania i w\u0142a\u015bciwo\u015bci do bie\u017c\u0105cego zastosowania i \u015brodowiska drzwi.<\/p>\n<div><b><br \/>\nW\u0142a\u015bciwo\u015bci:\u00a0<\/b><\/div>\n<div>\n<ul>\n<li>Wymiary (DxSxW): 245 x 40 x 15<\/li>\n<li>Rozmiar j\u0119zyka: 15 mm<\/li>\n<li>Zaokr\u0105glone rogi<\/li>\n<li>Do ram drewnianych<\/li>\n<\/ul>\n<\/div>\n<div><b><br \/>\nPasuje do elektrycznych p\u0142yt ko\u0144cowych ASSA ABLOY serii 900:<\/b><\/div>\n<div>\n<ul>\n<li>905, 905M<\/li>\n<li>910, 910M<\/li>\n<li>911, 911M<\/li>\n<li>920, 920M, 920C<\/li>\n<li>940M<\/li>\n<li>941M<\/li>\n<li>960M, 960C<\/li>\n<li>961M, 961C<\/li>\n<li>990M<\/li>\n<li>991M<\/li>\n<\/ul>\n<\/div>\n<div>\n<div>\n<div><\/div>\n<\/div>\n<div><\/div>\n<\/div>","protected":false},"excerpt":{"rendered":"<p>K\u0105towy s\u0142upek monta\u017cowy z zaokr\u0105glonymi naro\u017cnikami ze stali nierdzewnej, do ram drewnianych. Pasuje do standardowej p\u0142yty ko\u0144cowej Assa w serii 900. S\u0142u\u017cy do dostosowywania mocowania i w\u0142a\u015bciwo\u015bci do bie\u017c\u0105cego zastosowania i \u015brodowiska drzwi.<\/p>","protected":false},"featured_media":155952,"template":"","meta":{"_acf_changed":false},"product_brand":[],"product_cat":[4735],"product_tag":[],"class_list":{"0":"post-155959","1":"product","2":"type-product","3":"status-publish","4":"has-post-thumbnail","6":"product_cat-monteringsstolpe","7":"product_shipping_class-postnord-varubrev","8":"pa_brands-abloy","9":"tm-no-options","11":"first","12":"instock","13":"sale","14":"taxable","15":"shipping-taxable","16":"purchasable","17":"product-type-simple"},"acf":[],"_links":{"self":[{"href":"https:\/\/secureus.se\/pl\/wp-json\/wp\/v2\/product\/155959","targetHints":{"allow":["GET"]}}],"collection":[{"href":"https:\/\/secureus.se\/pl\/wp-json\/wp\/v2\/product"}],"about":[{"href":"https:\/\/secureus.se\/pl\/wp-json\/wp\/v2\/types\/product"}],"wp:featuredmedia":[{"embeddable":true,"href":"https:\/\/secureus.se\/pl\/wp-json\/wp\/v2\/media\/155952"}],"wp:attachment":[{"href":"https:\/\/secureus.se\/pl\/wp-json\/wp\/v2\/media?parent=155959"}],"wp:term":[{"taxonomy":"product_brand","embeddable":true,"href":"https:\/\/secureus.se\/pl\/wp-json\/wp\/v2\/product_brand?post=155959"},{"taxonomy":"product_cat","embeddable":true,"href":"https:\/\/secureus.se\/pl\/wp-json\/wp\/v2\/product_cat?post=155959"},{"taxonomy":"product_tag","embeddable":true,"href":"https:\/\/secureus.se\/pl\/wp-json\/wp\/v2\/product_tag?post=155959"}],"curies":[{"name":"wp","href":"https:\/\/api.w.org\/{rel}","templated":true}]}}