{"id":155963,"date":"2025-09-03T09:29:41","date_gmt":"2025-09-03T07:29:41","guid":{"rendered":"https:\/\/secureus.se\/monteringsstolpe-931-17\/"},"modified":"2026-03-25T15:26:56","modified_gmt":"2026-03-25T14:26:56","slug":"monteringsstolpe-931-17","status":"publish","type":"product","link":"https:\/\/secureus.se\/pl\/monteringsstolpe-931-17\/","title":{"rendered":"S\u0142upek monta\u017cowy 931-17"},"content":{"rendered":"<div><\/div>\n<div>P\u0142aski s\u0142upek monta\u017cowy ze stali nierdzewnej, do ram stalowych i aluminiowych. S\u0142u\u017cy do dostosowywania mocowania i w\u0142a\u015bciwo\u015bci do bie\u017c\u0105cego zastosowania i \u015brodowiska drzwi. <\/div>\n<div><b><br \/>W\u0142a\u015bciwo\u015bci:<\/b>\u00a0\u00a0<\/div>\n<div>Wymiary (d\u0142. x szer.): 245 x 42 <\/div>\n<div>Rozmiar j\u0119zyka: 17 mm <\/div>\n<div>Do ram stalowych i aluminiowych<\/div>\n<div><b><br \/>Pasuje do elektrycznych p\u0142yt ko\u0144cowych ASSA ABLOY serii 900:<\/b><\/div>\n<div>\n<ul>\n<li>905, 905M<\/li>\n<li>910, 910M<\/li>\n<li>911, 911M<\/li>\n<li>920, 920M, 920C<\/li>\n<li>940M<\/li>\n<li>941M<\/li>\n<li>960M, 960C<\/li>\n<li>961M, 961C<\/li>\n<li>990M<\/li>\n<li>991M<\/li>\n<\/ul>\n<\/div>\n<div><b><br \/><\/b><\/div>","protected":false},"excerpt":{"rendered":"<p>Plan monteringsstolpe i rostfritt st\u00e5l, f\u00f6r st\u00e5l- och aluminiumkarmar. Anv\u00e4nds f\u00f6r att anpassa inf\u00e4stning och egenskaper till den aktuella applikationen och d\u00f6rrmilj\u00f6n. Egenskaper:\u00a0\u00a0 M\u00e5tt (LxB): 245 x 42 Pl\u00f6sm\u00e5tt: 17<\/p>","protected":false},"featured_media":155962,"template":"","meta":{"_acf_changed":false},"product_brand":[],"product_cat":[4735],"product_tag":[],"class_list":{"0":"post-155963","1":"product","2":"type-product","3":"status-publish","4":"has-post-thumbnail","6":"product_cat-monteringsstolpe","7":"product_shipping_class-postnord-varubrev","8":"pa_brands-abloy","9":"tm-no-options","11":"first","12":"outofstock","13":"sale","14":"taxable","15":"shipping-taxable","16":"purchasable","17":"product-type-simple"},"acf":[],"_links":{"self":[{"href":"https:\/\/secureus.se\/pl\/wp-json\/wp\/v2\/product\/155963","targetHints":{"allow":["GET"]}}],"collection":[{"href":"https:\/\/secureus.se\/pl\/wp-json\/wp\/v2\/product"}],"about":[{"href":"https:\/\/secureus.se\/pl\/wp-json\/wp\/v2\/types\/product"}],"wp:featuredmedia":[{"embeddable":true,"href":"https:\/\/secureus.se\/pl\/wp-json\/wp\/v2\/media\/155962"}],"wp:attachment":[{"href":"https:\/\/secureus.se\/pl\/wp-json\/wp\/v2\/media?parent=155963"}],"wp:term":[{"taxonomy":"product_brand","embeddable":true,"href":"https:\/\/secureus.se\/pl\/wp-json\/wp\/v2\/product_brand?post=155963"},{"taxonomy":"product_cat","embeddable":true,"href":"https:\/\/secureus.se\/pl\/wp-json\/wp\/v2\/product_cat?post=155963"},{"taxonomy":"product_tag","embeddable":true,"href":"https:\/\/secureus.se\/pl\/wp-json\/wp\/v2\/product_tag?post=155963"}],"curies":[{"name":"wp","href":"https:\/\/api.w.org\/{rel}","templated":true}]}}