{"id":155976,"date":"2025-09-03T10:40:33","date_gmt":"2025-09-03T08:40:33","guid":{"rendered":"https:\/\/secureus.se\/monteringsstolpe-845\/"},"modified":"2026-04-23T11:20:04","modified_gmt":"2026-04-23T09:20:04","slug":"monteringsstolpe-845","status":"publish","type":"product","link":"https:\/\/secureus.se\/pl\/monteringsstolpe-845\/","title":{"rendered":"S\u0142upek monta\u017cowy 845"},"content":{"rendered":"<div>\n<div>\n<div>\n<div><\/div>\n<div>S\u0142upek monta\u017cowy ze stali nierdzewnej dla wyj\u0105tkowo wytrzyma\u0142ych Solidnych elektrycznych p\u0142yt ko\u0144cowych, zaprojektowanych specjalnie dla systemu profili Sch\u00fcco Royal S65 (z przesuwnym pi\u00f3rem) i Royal S50N. <b><\/b><\/div>\n<div><b>\u00a0<\/b><\/div>\n<div><b>W\u0142a\u015bciwo\u015bci:<\/b><\/div>\n<div>\n<ul>\n<li>Pasuje do Royal S65 i Royal S50N firmy Sch\u00fcco<\/li>\n<li>W profilach frezowanych z wg\u0142\u0119bieniami standardowymi Assa\/Sch\u00fcco istnieje mo\u017cliwo\u015b\u0107 zmiany rodzaju elektrycznej blachy ko\u0144cowej bez konieczno\u015bci zmiany wg\u0142\u0119bie\u0144.<\/li>\n<li>Przy monta\u017cu w systemie profili S65 nale\u017cy zastosowa\u0107 pi\u00f3ro \u015blizgowe.<\/li>\n<li>Pasuje do aluminiowej ramy.<\/li>\n<\/ul>\n<\/div>\n<div><b>\u00a0<\/b><\/div>\n<div><b><\/b><b>Nadaje si\u0119 do:\u00a0\u00a0<\/b><\/div>\n<div>Elektryczna p\u0142yta ko\u0144cowa ASSA ABLOY, seria ekstra mocna: 131, 5131, 8131, 331, 8331<\/div>\n<\/div>\n<\/div>\n<\/div>\n<div><\/div>","protected":false},"excerpt":{"rendered":"<p>Monteringsstolpe i rostfritt st\u00e5l f\u00f6r extra kraftiga Solid elslutbleck, speciellt framtagna f\u00f6r Sch\u00fcco profilsystem Royal S65 (med glidpl\u00f6s) och Royal S50N. \u00a0 Egenskaper: Passar Sch\u00fccos Royal S65 och Royal S50N<\/p>","protected":false},"featured_media":159458,"template":"","meta":{"_acf_changed":false},"product_brand":[],"product_cat":[4735],"product_tag":[],"class_list":{"0":"post-155976","1":"product","2":"type-product","3":"status-publish","4":"has-post-thumbnail","6":"product_cat-monteringsstolpe","7":"product_shipping_class-postnord-varubrev","8":"pa_brands-abloy","9":"tm-no-options","11":"first","12":"instock","13":"sale","14":"taxable","15":"shipping-taxable","16":"purchasable","17":"product-type-simple"},"acf":[],"_links":{"self":[{"href":"https:\/\/secureus.se\/pl\/wp-json\/wp\/v2\/product\/155976","targetHints":{"allow":["GET"]}}],"collection":[{"href":"https:\/\/secureus.se\/pl\/wp-json\/wp\/v2\/product"}],"about":[{"href":"https:\/\/secureus.se\/pl\/wp-json\/wp\/v2\/types\/product"}],"wp:featuredmedia":[{"embeddable":true,"href":"https:\/\/secureus.se\/pl\/wp-json\/wp\/v2\/media\/159458"}],"wp:attachment":[{"href":"https:\/\/secureus.se\/pl\/wp-json\/wp\/v2\/media?parent=155976"}],"wp:term":[{"taxonomy":"product_brand","embeddable":true,"href":"https:\/\/secureus.se\/pl\/wp-json\/wp\/v2\/product_brand?post=155976"},{"taxonomy":"product_cat","embeddable":true,"href":"https:\/\/secureus.se\/pl\/wp-json\/wp\/v2\/product_cat?post=155976"},{"taxonomy":"product_tag","embeddable":true,"href":"https:\/\/secureus.se\/pl\/wp-json\/wp\/v2\/product_tag?post=155976"}],"curies":[{"name":"wp","href":"https:\/\/api.w.org\/{rel}","templated":true}]}}