{"id":155986,"date":"2025-09-03T10:40:36","date_gmt":"2025-09-03T08:40:36","guid":{"rendered":"https:\/\/secureus.se\/monteringsstolpe-830\/"},"modified":"2026-03-25T15:26:53","modified_gmt":"2026-03-25T14:26:53","slug":"monteringsstolpe-830","status":"publish","type":"product","link":"https:\/\/secureus.se\/pl\/monteringsstolpe-830\/","title":{"rendered":"S\u0142upek monta\u017cowy 830"},"content":{"rendered":"<div>\n<div>\n<div>\n<div>\n<div>\n<div><\/div>\n<div>S\u0142upek monta\u017cowy ze stali, do wyj\u0105tkowo wytrzyma\u0142ych elektrycznych p\u0142yt ko\u0144cowych z serii Solid. S\u0142u\u017cy do dostosowywania mocowania i w\u0142a\u015bciwo\u015bci do bie\u017c\u0105cego zastosowania i \u015brodowiska drzwi.<\/div>\n<div><b>\u00a0<\/b><\/div>\n<div><b>W\u0142a\u015bciwo\u015bci:<\/b><\/div>\n<div>\n<ul>\n<li>Do ram drewnianych lub stalowych.<\/li>\n<li>Blokowany zamek z pojedyncz\u0105 kropl\u0105.<\/li>\n<li>Rozmiar j\u0119zyka: 15 mm<\/li>\n<\/ul>\n<\/div>\n<div><b>\u00a0<\/b><\/div>\n<div><b>Nadaje si\u0119 do:<\/b><\/div>\n<div>Elektryczna p\u0142yta ko\u0144cowa ASSA ABLOY, seria ekstra mocna: 131, 5131, 8131, 331, 8331<\/div>\n<\/div>\n<\/div>\n<\/div>\n<\/div>\n<\/div>\n<div><\/div>","protected":false},"excerpt":{"rendered":"<p>Monteringsstolpe i st\u00e5l, f\u00f6r extrakraftiga elslutbleck i Solid-serien. Anv\u00e4nds f\u00f6r att anpassa inf\u00e4stning och egenskaper till den aktuella applikationen och d\u00f6rrmilj\u00f6n. \u00a0 Egenskaper: F\u00f6r tr\u00e4- eller st\u00e5lkarmar. F\u00f6rreglade enkelfall\u00e5s. Pl\u00f6sm\u00e5tt:<\/p>","protected":false},"featured_media":159456,"template":"","meta":{"_acf_changed":false},"product_brand":[],"product_cat":[4735],"product_tag":[],"class_list":{"0":"post-155986","1":"product","2":"type-product","3":"status-publish","4":"has-post-thumbnail","6":"product_cat-monteringsstolpe","7":"product_shipping_class-postnord-varubrev","8":"pa_brands-abloy","9":"tm-no-options","11":"first","12":"outofstock","13":"sale","14":"taxable","15":"shipping-taxable","16":"purchasable","17":"product-type-simple"},"acf":[],"_links":{"self":[{"href":"https:\/\/secureus.se\/pl\/wp-json\/wp\/v2\/product\/155986","targetHints":{"allow":["GET"]}}],"collection":[{"href":"https:\/\/secureus.se\/pl\/wp-json\/wp\/v2\/product"}],"about":[{"href":"https:\/\/secureus.se\/pl\/wp-json\/wp\/v2\/types\/product"}],"wp:featuredmedia":[{"embeddable":true,"href":"https:\/\/secureus.se\/pl\/wp-json\/wp\/v2\/media\/159456"}],"wp:attachment":[{"href":"https:\/\/secureus.se\/pl\/wp-json\/wp\/v2\/media?parent=155986"}],"wp:term":[{"taxonomy":"product_brand","embeddable":true,"href":"https:\/\/secureus.se\/pl\/wp-json\/wp\/v2\/product_brand?post=155986"},{"taxonomy":"product_cat","embeddable":true,"href":"https:\/\/secureus.se\/pl\/wp-json\/wp\/v2\/product_cat?post=155986"},{"taxonomy":"product_tag","embeddable":true,"href":"https:\/\/secureus.se\/pl\/wp-json\/wp\/v2\/product_tag?post=155986"}],"curies":[{"name":"wp","href":"https:\/\/api.w.org\/{rel}","templated":true}]}}