{"id":155991,"date":"2025-09-03T10:40:37","date_gmt":"2025-09-03T08:40:37","guid":{"rendered":"https:\/\/secureus.se\/monteringsstolpe-824\/"},"modified":"2025-09-25T11:21:43","modified_gmt":"2025-09-25T09:21:43","slug":"monteringsstolpe-824","status":"publish","type":"product","link":"https:\/\/secureus.se\/pl\/monteringsstolpe-824\/","title":{"rendered":"S\u0142upek monta\u017cowy 824"},"content":{"rendered":"<div>\n<div>\n<div>\n<div><\/div>\n<div>S\u0142upek monta\u017cowy ze stali, do wyj\u0105tkowo wytrzyma\u0142ych elektrycznych p\u0142yt ko\u0144cowych z serii Solid. S\u0142u\u017cy do dostosowywania mocowania i w\u0142a\u015bciwo\u015bci do bie\u017c\u0105cego zastosowania i \u015brodowiska drzwi. <\/div>\n<div><b><br \/><\/b><\/div>\n<div><b><\/b><b>W\u0142a\u015bciwo\u015bci:\u00a0<\/b><\/div>\n<div>\n<ul>\n<li>Do ram drewnianych lub stalowych.<\/li>\n<li>Blokowany zamek z pojedyncz\u0105 kropl\u0105.<\/li>\n<li>Rozmiar j\u0119zyka: 15 mm.<\/li>\n<\/ul>\n<\/div>\n<div><b><br \/><\/b><\/div>\n<div><b><\/b><b>Nadaje si\u0119 do:\u00a0<\/b><\/div>\n<div>Elektryczna p\u0142yta ko\u0144cowa ASSA ABLOY, seria ekstra mocna: 131, 5131, 8131, 331, 8331<\/div>\n<\/div>\n<\/div>\n<\/div>\n<div>\n<\/p>\n<\/div>","protected":false},"excerpt":{"rendered":"<p>Stalowy s\u0142upek monta\u017cowy do wytrzyma\u0142ych elektrozaczep\u00f3w serii Solid. S\u0142u\u017cy do dostosowania mocowania i charakterystyki do bie\u017c\u0105cego zastosowania i \u015brodowiska drzwi. Cechy: Do ram drewnianych lub stalowych. Pojedynczy zatrzask blokuj\u0105cy. Rozmiar szwu: 15<\/p>","protected":false},"featured_media":155989,"template":"","meta":{"_acf_changed":false},"product_brand":[],"product_cat":[4735],"product_tag":[],"class_list":{"0":"post-155991","1":"product","2":"type-product","3":"status-publish","4":"has-post-thumbnail","6":"product_cat-monteringsstolpe","7":"product_shipping_class-postnord-varubrev","8":"pa_brands-abloy","9":"tm-no-options","11":"first","12":"instock","13":"sale","14":"taxable","15":"shipping-taxable","16":"purchasable","17":"product-type-simple"},"acf":[],"_links":{"self":[{"href":"https:\/\/secureus.se\/pl\/wp-json\/wp\/v2\/product\/155991","targetHints":{"allow":["GET"]}}],"collection":[{"href":"https:\/\/secureus.se\/pl\/wp-json\/wp\/v2\/product"}],"about":[{"href":"https:\/\/secureus.se\/pl\/wp-json\/wp\/v2\/types\/product"}],"wp:featuredmedia":[{"embeddable":true,"href":"https:\/\/secureus.se\/pl\/wp-json\/wp\/v2\/media\/155989"}],"wp:attachment":[{"href":"https:\/\/secureus.se\/pl\/wp-json\/wp\/v2\/media?parent=155991"}],"wp:term":[{"taxonomy":"product_brand","embeddable":true,"href":"https:\/\/secureus.se\/pl\/wp-json\/wp\/v2\/product_brand?post=155991"},{"taxonomy":"product_cat","embeddable":true,"href":"https:\/\/secureus.se\/pl\/wp-json\/wp\/v2\/product_cat?post=155991"},{"taxonomy":"product_tag","embeddable":true,"href":"https:\/\/secureus.se\/pl\/wp-json\/wp\/v2\/product_tag?post=155991"}],"curies":[{"name":"wp","href":"https:\/\/api.w.org\/{rel}","templated":true}]}}