{"id":155996,"date":"2025-09-03T10:49:04","date_gmt":"2025-09-03T08:49:04","guid":{"rendered":"https:\/\/secureus.se\/monteringsstolpe-843\/"},"modified":"2026-04-23T11:19:52","modified_gmt":"2026-04-23T09:19:52","slug":"monteringsstolpe-843","status":"publish","type":"product","link":"https:\/\/secureus.se\/pl\/monteringsstolpe-843\/","title":{"rendered":"S\u0142upek monta\u017cowy 843"},"content":{"rendered":"<div>\n<div>\n<div>\n<div>\n<div>\n<div><\/div>\n<div>S\u0142upek monta\u017cowy ze stali nierdzewnej do standardowych elektrycznych p\u0142yt ko\u0144cowych, specjalnie zaprojektowany dla systemu profili SapaFront. S\u0142u\u017cy do dostosowania mocowania elektrycznych p\u0142yt ko\u0144cowych do standardowych wn\u0119k Sapa.<\/div>\n<div><b>\u00a0<\/b><\/div>\n<div><b>W\u0142a\u015bciwo\u015bci: <\/b><\/div>\n<div>\n<ul>\n<li>W przypadku stosowania zamk\u00f3w w\u0105skoprofilowych ze s\u0142upkami SapaFront nale\u017cy do zamk\u00f3w zamontowa\u0107 s\u0142upek o \u015brednicy 22 mm.<\/li>\n<li>Pasuje do systemu zabudowy SapaFront 2074.<\/li>\n<li>Przeznaczony do ramy aluminiowej.<\/li>\n<\/ul>\n<div>\n<div><b>\u00a0<\/b><\/div>\n<div><b>Nadaje si\u0119 do:<\/b><\/div>\n<div>Elektryczne p\u0142yty ko\u0144cowe ASSA ABLOY w serii standardowej: 70, 570, 71, 571, 75, 575, 585<\/div>\n<\/div>\n<\/div>\n<\/div>\n<\/div>\n<\/div>\n<\/div>\n<\/div>\n<div><\/div>","protected":false},"excerpt":{"rendered":"<p>Monteringsstolpe i rostfritt st\u00e5l f\u00f6r standard elslutbleck, speciellt framtagna f\u00f6r SapaFront profilsystem. Anv\u00e4nds f\u00f6r att anpassa inf\u00e4stning av elslutbleck till Sapa standardurtag. \u00a0 Egenskaper: D\u00e5 smalprofill\u00e5s anv\u00e4nds tillsammans med SapaFront<\/p>","protected":false},"featured_media":155995,"template":"","meta":{"_acf_changed":false},"product_brand":[],"product_cat":[4735],"product_tag":[],"class_list":{"0":"post-155996","1":"product","2":"type-product","3":"status-publish","4":"has-post-thumbnail","6":"product_cat-monteringsstolpe","7":"product_shipping_class-postnord-varubrev","8":"pa_brands-abloy","9":"tm-no-options","11":"first","12":"instock","13":"sale","14":"taxable","15":"shipping-taxable","16":"purchasable","17":"product-type-simple"},"acf":[],"_links":{"self":[{"href":"https:\/\/secureus.se\/pl\/wp-json\/wp\/v2\/product\/155996","targetHints":{"allow":["GET"]}}],"collection":[{"href":"https:\/\/secureus.se\/pl\/wp-json\/wp\/v2\/product"}],"about":[{"href":"https:\/\/secureus.se\/pl\/wp-json\/wp\/v2\/types\/product"}],"wp:featuredmedia":[{"embeddable":true,"href":"https:\/\/secureus.se\/pl\/wp-json\/wp\/v2\/media\/155995"}],"wp:attachment":[{"href":"https:\/\/secureus.se\/pl\/wp-json\/wp\/v2\/media?parent=155996"}],"wp:term":[{"taxonomy":"product_brand","embeddable":true,"href":"https:\/\/secureus.se\/pl\/wp-json\/wp\/v2\/product_brand?post=155996"},{"taxonomy":"product_cat","embeddable":true,"href":"https:\/\/secureus.se\/pl\/wp-json\/wp\/v2\/product_cat?post=155996"},{"taxonomy":"product_tag","embeddable":true,"href":"https:\/\/secureus.se\/pl\/wp-json\/wp\/v2\/product_tag?post=155996"}],"curies":[{"name":"wp","href":"https:\/\/api.w.org\/{rel}","templated":true}]}}