{"id":156268,"date":"2022-06-28T12:46:48","date_gmt":"2022-06-28T10:46:48","guid":{"rendered":"https:\/\/secureus.se\/mag-kontaktset-mc-270-s45\/"},"modified":"2026-04-09T10:21:46","modified_gmt":"2026-04-09T08:21:46","slug":"mag-kontaktset-mc-270-s45","status":"publish","type":"product","link":"https:\/\/secureus.se\/pl\/mag-kontaktset-mc-270-s45\/","title":{"rendered":"Kontakt magnetyczny do drzwi stalowych lub trudnych warunk\u00f3w \u015brodowiskowych z aluminium"},"content":{"rendered":"<p>Zestaw styk\u00f3w o wysokim stopniu bezpiecze\u0144stwa wykonany z litego aluminium, wytrzymuj\u0105cy trudne warunki otoczenia i napr\u0119\u017cenia \u015brodowiskowe w postaci wilgoci i gaz\u00f3w, a tak\u017ce du\u017cego ci\u015bnienia przez d\u0142ugi czas bez korozji.<\/p>\n<p>Pasuje np. do bram i drzwi. Obie cz\u0119\u015bci maj\u0105 kszta\u0142t prostok\u0105ta i wymiary 74 x 25 x 15 mm.<\/p>\n<p>Zestaw sk\u0142ada si\u0119 z MC 270-C, obudowy aluminiowej MC 200-4 oraz cz\u0119\u015bci magnetycznej MC 200-5, a tak\u017ce MC T4, 1 m w\u0119\u017ca zbrojonego.<\/p>\n<p>&nbsp;<\/p>","protected":false},"excerpt":{"rendered":"<p>Zestaw z\u0142\u0105czy Mag MC270-S45<\/p>","protected":false},"featured_media":143015,"template":"","meta":{"_acf_changed":false},"product_brand":[],"product_cat":[3086],"product_tag":[2466],"class_list":{"0":"post-156268","1":"product","2":"type-product","3":"status-publish","4":"has-post-thumbnail","6":"product_cat-magnetkontakter","7":"product_tag-sbsc-larmklass3","8":"product_shipping_class-postnord-varubrev","9":"pa_brands-alarmtech","10":"pa_farg-ovrigt","11":"tm-no-options","13":"first","14":"instock","15":"sale","16":"taxable","17":"shipping-taxable","18":"purchasable","19":"product-type-simple"},"acf":[],"_links":{"self":[{"href":"https:\/\/secureus.se\/pl\/wp-json\/wp\/v2\/product\/156268","targetHints":{"allow":["GET"]}}],"collection":[{"href":"https:\/\/secureus.se\/pl\/wp-json\/wp\/v2\/product"}],"about":[{"href":"https:\/\/secureus.se\/pl\/wp-json\/wp\/v2\/types\/product"}],"wp:featuredmedia":[{"embeddable":true,"href":"https:\/\/secureus.se\/pl\/wp-json\/wp\/v2\/media\/143015"}],"wp:attachment":[{"href":"https:\/\/secureus.se\/pl\/wp-json\/wp\/v2\/media?parent=156268"}],"wp:term":[{"taxonomy":"product_brand","embeddable":true,"href":"https:\/\/secureus.se\/pl\/wp-json\/wp\/v2\/product_brand?post=156268"},{"taxonomy":"product_cat","embeddable":true,"href":"https:\/\/secureus.se\/pl\/wp-json\/wp\/v2\/product_cat?post=156268"},{"taxonomy":"product_tag","embeddable":true,"href":"https:\/\/secureus.se\/pl\/wp-json\/wp\/v2\/product_tag?post=156268"}],"curies":[{"name":"wp","href":"https:\/\/api.w.org\/{rel}","templated":true}]}}