{"id":156335,"date":"2025-09-11T15:41:24","date_gmt":"2025-09-11T13:41:24","guid":{"rendered":"https:\/\/secureus.se\/evolis-rct221naaa-white-signature-monochrome-ribbon-1000-prints\/"},"modified":"2026-04-08T17:00:13","modified_gmt":"2026-04-08T15:00:13","slug":"evolis-rct221naaa-white-signature-monochrome-ribbon-1000-prints","status":"publish","type":"product","link":"https:\/\/secureus.se\/pl\/evolis-rct221naaa-white-signature-monochrome-ribbon-1000-prints\/","title":{"rendered":"Wst\u0105\u017cka Evolis \u2013 RCT221NAAA, sygnatura (1000 odbitek)"},"content":{"rendered":"<h1>Wst\u0105\u017cka<br \/>\n  Evolis - RCT221NAAA, sygnatura (1000 wydruk\u00f3w)<\/h1>\n<p>Ta\u015bma barwi\u0105ca Evolis \u2013 RCT221NAAA, sygnatura (1000 wydruk\u00f3w) to<br \/>\n  oryginalne akcesorium do drukarki kart, kt\u00f3re jest zaprojektowane z my\u015bl\u0105 o niezawodno\u015bci i<br \/>\n  profesjonalna produkcja kart.<\/p>\n<ul>\n<li>Pojemno\u015b\u0107: do 1000 wydruk\u00f3w<\/li>\n<li>Numer artyku\u0142u: RCT221NAAA<\/li>\n<\/ul>\n<p><strong>Kompatybilny z drukark\u0105 kart Evolis Primacy 2<br \/>\n  tylko.<\/strong><\/p>\n<p><strong>Waga produktu:<\/strong> 0,20 kg<\/p>","protected":false},"excerpt":{"rendered":"<p>F\u00e4rgband Evolis &#8211; RCT221NAAA, signatur (1000 utskrifter) F\u00e4rgband Evolis &#8211; RCT221NAAA, signatur (1000 utskrifter) \u00e4r ett originaltillbeh\u00f6r f\u00f6r kortskrivare som \u00e4r anpassat f\u00f6r p\u00e5litlig och professionell kortproduktion. Kapacitet: upp till<\/p>","protected":false},"featured_media":156332,"template":"","meta":{"_acf_changed":false},"product_brand":[],"product_cat":[4859],"product_tag":[4863],"class_list":{"0":"post-156335","1":"product","2":"type-product","3":"status-publish","4":"has-post-thumbnail","6":"product_cat-primacy-2","7":"product_tag-pf","8":"pa_brands-evolis","9":"tm-no-options","11":"first","12":"instock","13":"sale","14":"taxable","15":"shipping-taxable","16":"purchasable","17":"product-type-simple"},"acf":[],"_links":{"self":[{"href":"https:\/\/secureus.se\/pl\/wp-json\/wp\/v2\/product\/156335","targetHints":{"allow":["GET"]}}],"collection":[{"href":"https:\/\/secureus.se\/pl\/wp-json\/wp\/v2\/product"}],"about":[{"href":"https:\/\/secureus.se\/pl\/wp-json\/wp\/v2\/types\/product"}],"wp:featuredmedia":[{"embeddable":true,"href":"https:\/\/secureus.se\/pl\/wp-json\/wp\/v2\/media\/156332"}],"wp:attachment":[{"href":"https:\/\/secureus.se\/pl\/wp-json\/wp\/v2\/media?parent=156335"}],"wp:term":[{"taxonomy":"product_brand","embeddable":true,"href":"https:\/\/secureus.se\/pl\/wp-json\/wp\/v2\/product_brand?post=156335"},{"taxonomy":"product_cat","embeddable":true,"href":"https:\/\/secureus.se\/pl\/wp-json\/wp\/v2\/product_cat?post=156335"},{"taxonomy":"product_tag","embeddable":true,"href":"https:\/\/secureus.se\/pl\/wp-json\/wp\/v2\/product_tag?post=156335"}],"curies":[{"name":"wp","href":"https:\/\/api.w.org\/{rel}","templated":true}]}}