{"id":156338,"date":"2025-09-11T15:41:25","date_gmt":"2025-09-11T13:41:25","guid":{"rendered":"https:\/\/secureus.se\/evolis-rva222naaa-hologram-varnish-ribbon-400-prints\/"},"modified":"2026-04-08T16:59:41","modified_gmt":"2026-04-08T14:59:41","slug":"evolis-rva222naaa-hologram-varnish-ribbon-400-prints","status":"publish","type":"product","link":"https:\/\/secureus.se\/pl\/evolis-rva222naaa-hologram-varnish-ribbon-400-prints\/","title":{"rendered":"Ta\u015bma lakiernicza Evolis \u2013 RVA222NAAA (400 wydruk\u00f3w)"},"content":{"rendered":"<h1>Ta\u015bma malarska<br \/>\n  Evolis - RVA222NAAA (400 wydruk\u00f3w)<\/h1>\n<p>Evolis Varnish Ribbon \u2013 RVA222NAAA (400 odbitek) to folia nak\u0142adana na powierzchni\u0119<br \/>\n  kt\u00f3ra chroni powierzchni\u0119 karty przed zarysowaniami, wilgoci\u0105 i codziennym zu\u017cyciem.<\/p>\n<p>Dobry wyb\u00f3r, gdy chcesz wyd\u0142u\u017cy\u0107 \u017cywotno\u015b\u0107 swoich kart, poprawi\u0107<br \/>\n  trwa\u0142o\u015b\u0107 i uzyskaj bardziej profesjonalny efekt ko\u0144cowy.<\/p>\n<ul>\n<li>Wydajno\u015b\u0107: do 400 wydruk\u00f3w na rolk\u0119<\/li>\n<li>Zapewnia dodatkowe bezpiecze\u0144stwo wizualne dzi\u0119ki efektowi holograficznemu<\/li>\n<li>Oryginalny produkt<\/li>\n<li>Numer artyku\u0142u: RVA222NAAA<\/li>\n<\/ul>\n<p><strong>Kompatybilny z drukark\u0105 kart Evolis Primacy 2<br \/>\n  tylko.<\/strong><\/p>\n<p><strong>Waga produktu:<\/strong> 0,20 kg<\/p>","protected":false},"excerpt":{"rendered":"<p>Lackband Evolis &#8211; RVA222NAAA (400 utskrifter) Lackband Evolis &#8211; RVA222NAAA (400 utskrifter) \u00e4r en overlayfilm som skyddar kortets yta mot repor, fukt och dagligt slitage. Ett bra val n\u00e4r du<\/p>","protected":false},"featured_media":156336,"template":"","meta":{"_acf_changed":false},"product_brand":[],"product_cat":[4859],"product_tag":[4863],"class_list":{"0":"post-156338","1":"product","2":"type-product","3":"status-publish","4":"has-post-thumbnail","6":"product_cat-primacy-2","7":"product_tag-pf","8":"pa_brands-evolis","9":"tm-no-options","11":"first","12":"instock","13":"sale","14":"taxable","15":"shipping-taxable","16":"purchasable","17":"product-type-simple"},"acf":[],"_links":{"self":[{"href":"https:\/\/secureus.se\/pl\/wp-json\/wp\/v2\/product\/156338","targetHints":{"allow":["GET"]}}],"collection":[{"href":"https:\/\/secureus.se\/pl\/wp-json\/wp\/v2\/product"}],"about":[{"href":"https:\/\/secureus.se\/pl\/wp-json\/wp\/v2\/types\/product"}],"wp:featuredmedia":[{"embeddable":true,"href":"https:\/\/secureus.se\/pl\/wp-json\/wp\/v2\/media\/156336"}],"wp:attachment":[{"href":"https:\/\/secureus.se\/pl\/wp-json\/wp\/v2\/media?parent=156338"}],"wp:term":[{"taxonomy":"product_brand","embeddable":true,"href":"https:\/\/secureus.se\/pl\/wp-json\/wp\/v2\/product_brand?post=156338"},{"taxonomy":"product_cat","embeddable":true,"href":"https:\/\/secureus.se\/pl\/wp-json\/wp\/v2\/product_cat?post=156338"},{"taxonomy":"product_tag","embeddable":true,"href":"https:\/\/secureus.se\/pl\/wp-json\/wp\/v2\/product_tag?post=156338"}],"curies":[{"name":"wp","href":"https:\/\/api.w.org\/{rel}","templated":true}]}}