{"id":156351,"date":"2025-09-11T15:41:26","date_gmt":"2025-09-11T13:41:26","guid":{"rendered":"https:\/\/secureus.se\/evolis-rct217naaa-metallic-silver-monochrome-ribbon-1000-prints\/"},"modified":"2026-05-06T09:49:02","modified_gmt":"2026-05-06T07:49:02","slug":"evolis-rct217naaa-metallic-silver-monochrome-ribbon-1000-prints","status":"publish","type":"product","link":"https:\/\/secureus.se\/pl\/evolis-rct217naaa-metallic-silver-monochrome-ribbon-1000-prints\/","title":{"rendered":"Ta\u015bma monochromatyczna Evolis RCT217NAAA w kolorze srebrnym metalicznym (1000 wydruk\u00f3w)"},"content":{"rendered":"<h1>Wst\u0105\u017cka<br \/>\n  Evolis \u2013 RCT217NAAA, metaliczne srebro (1000 odbitek)<\/h1>\n<p>Ta\u015bma Evolis \u2013 RCT217NAAA, metaliczny srebrny (1000 wydruk\u00f3w)<br \/>\n  Oryginalny dodatek do drukarki kart, kt\u00f3ry zosta\u0142 zaprojektowany z my\u015bl\u0105 o niezawodno\u015bci i profesjonalizmie<br \/>\n  produkcja kart.<\/p>\n<ul>\n<li>Pojemno\u015b\u0107: do 1000 wydruk\u00f3w<\/li>\n<li>Numer artyku\u0142u: RCT217NAAA<\/li>\n<\/ul>\n<p><strong>Kompatybilny z kartami Evolis Primacy 2 i Zenius 2<br \/>\n  tylko drukarki.<\/strong><\/p>\n<p><strong>Waga produktu:<\/strong> 0,20 kg<\/p>","protected":false},"excerpt":{"rendered":"<p>F\u00e4rgband Evolis &#8211; RCT217NAAA, metallic silver (1000 utskrifter) F\u00e4rgband Evolis &#8211; RCT217NAAA, metallic silver (1000 utskrifter) \u00e4r ett originaltillbeh\u00f6r f\u00f6r kortskrivare som \u00e4r anpassat f\u00f6r p\u00e5litlig och professionell kortproduktion. Kapacitet:<\/p>","protected":false},"featured_media":156350,"template":"","meta":{"_acf_changed":false},"product_brand":[],"product_cat":[4859],"product_tag":[4863],"class_list":{"0":"post-156351","1":"product","2":"type-product","3":"status-publish","4":"has-post-thumbnail","6":"product_cat-primacy-2","7":"product_tag-pf","8":"pa_brands-evolis","9":"tm-no-options","11":"first","12":"instock","13":"sale","14":"taxable","15":"shipping-taxable","16":"purchasable","17":"product-type-simple"},"acf":[],"_links":{"self":[{"href":"https:\/\/secureus.se\/pl\/wp-json\/wp\/v2\/product\/156351","targetHints":{"allow":["GET"]}}],"collection":[{"href":"https:\/\/secureus.se\/pl\/wp-json\/wp\/v2\/product"}],"about":[{"href":"https:\/\/secureus.se\/pl\/wp-json\/wp\/v2\/types\/product"}],"wp:featuredmedia":[{"embeddable":true,"href":"https:\/\/secureus.se\/pl\/wp-json\/wp\/v2\/media\/156350"}],"wp:attachment":[{"href":"https:\/\/secureus.se\/pl\/wp-json\/wp\/v2\/media?parent=156351"}],"wp:term":[{"taxonomy":"product_brand","embeddable":true,"href":"https:\/\/secureus.se\/pl\/wp-json\/wp\/v2\/product_brand?post=156351"},{"taxonomy":"product_cat","embeddable":true,"href":"https:\/\/secureus.se\/pl\/wp-json\/wp\/v2\/product_cat?post=156351"},{"taxonomy":"product_tag","embeddable":true,"href":"https:\/\/secureus.se\/pl\/wp-json\/wp\/v2\/product_tag?post=156351"}],"curies":[{"name":"wp","href":"https:\/\/api.w.org\/{rel}","templated":true}]}}