{"id":156367,"date":"2025-09-11T15:41:31","date_gmt":"2025-09-11T13:41:31","guid":{"rendered":"https:\/\/secureus.se\/evolis-r3012-ko-black-ribbon-with-overlay-500-prints\/"},"modified":"2026-04-08T16:55:35","modified_gmt":"2026-04-08T14:55:35","slug":"evolis-r3012-ko-black-ribbon-with-overlay-500-prints","status":"publish","type":"product","link":"https:\/\/secureus.se\/pl\/evolis-r3012-ko-black-ribbon-with-overlay-500-prints\/","title":{"rendered":"Ta\u015bma Evolis KO \u2013 R3012 z nak\u0142adk\u0105 (500 wydruk\u00f3w)"},"content":{"rendered":"<h1>Wst\u0105\u017cka<br \/>\n  Evolis KO &#8211; R3012, med overlay (500 utskrifter)<\/h1>\n<p>F\u00e4rgband Evolis KO &#8211; R3012, med overlay (500 utskrifter) \u00e4r ett<br \/>\n  KO-band med svart panel och skyddande overlay. Det \u00e4r ett bra val n\u00e4r du<br \/>\n  wymaga wyra\u017anego tekstu, kod\u00f3w kreskowych i dodatkowej ochrony na powierzchni karty.<\/p>\n<p>Nadaje si\u0119 do dowod\u00f3w osobistych, kart dost\u0119pu, kart cz\u0142onkowskich i innych<br \/>\n  karty plastikowe, gdzie liczy si\u0119 wysoka jako\u015b\u0107 druku i niezawodno\u015b\u0107<br \/>\n  wa\u017cny.<\/p>\n<ul>\n<li>Pojemno\u015b\u0107: do 500 wydruk\u00f3w<\/li>\n<li>Typ zespo\u0142u: KO<\/li>\n<li>Artikelnummer: R3012<\/li>\n<\/ul>\n<p><strong>Kompatibel med Evolis Pebble, Dualys, Quantum, Kiosk<br \/>\n  och Securion.<\/strong><\/p>\n<p><strong>Waga produktu:<\/strong> 0,10 kg<\/p>","protected":false},"excerpt":{"rendered":"<p>F\u00e4rgband Evolis KO &#8211; R3012, med overlay (500 utskrifter) F\u00e4rgband Evolis KO &#8211; R3012, med overlay (500 utskrifter) \u00e4r ett KO-band med svart panel och skyddande overlay. Det \u00e4r ett<\/p>","protected":false},"featured_media":156366,"template":"","meta":{"_acf_changed":false},"product_brand":[],"product_cat":[4857,4860],"product_tag":[4863],"class_list":{"0":"post-156367","1":"product","2":"type-product","3":"status-publish","4":"has-post-thumbnail","6":"product_cat-pebble","7":"product_cat-quantum","8":"product_tag-pf","9":"pa_brands-evolis","10":"tm-no-options","12":"first","13":"instock","14":"sale","15":"taxable","16":"shipping-taxable","17":"purchasable","18":"product-type-simple"},"acf":[],"_links":{"self":[{"href":"https:\/\/secureus.se\/pl\/wp-json\/wp\/v2\/product\/156367","targetHints":{"allow":["GET"]}}],"collection":[{"href":"https:\/\/secureus.se\/pl\/wp-json\/wp\/v2\/product"}],"about":[{"href":"https:\/\/secureus.se\/pl\/wp-json\/wp\/v2\/types\/product"}],"wp:featuredmedia":[{"embeddable":true,"href":"https:\/\/secureus.se\/pl\/wp-json\/wp\/v2\/media\/156366"}],"wp:attachment":[{"href":"https:\/\/secureus.se\/pl\/wp-json\/wp\/v2\/media?parent=156367"}],"wp:term":[{"taxonomy":"product_brand","embeddable":true,"href":"https:\/\/secureus.se\/pl\/wp-json\/wp\/v2\/product_brand?post=156367"},{"taxonomy":"product_cat","embeddable":true,"href":"https:\/\/secureus.se\/pl\/wp-json\/wp\/v2\/product_cat?post=156367"},{"taxonomy":"product_tag","embeddable":true,"href":"https:\/\/secureus.se\/pl\/wp-json\/wp\/v2\/product_tag?post=156367"}],"curies":[{"name":"wp","href":"https:\/\/api.w.org\/{rel}","templated":true}]}}