{"id":156373,"date":"2025-09-11T15:41:36","date_gmt":"2025-09-11T13:41:36","guid":{"rendered":"https:\/\/secureus.se\/evolis-lps028naa-1-0mil-clear-patch-laminate-600-prints\/"},"modified":"2026-03-26T10:02:50","modified_gmt":"2026-03-26T09:02:50","slug":"evolis-lps028naa-1-0mil-clear-patch-laminate-600-prints","status":"publish","type":"product","link":"https:\/\/secureus.se\/pl\/evolis-lps028naa-1-0mil-clear-patch-laminate-600-prints\/","title":{"rendered":"Evolis LPS028NAA 1,0 mil Clear Patch Laminate (600 wydruk\u00f3w)"},"content":{"rendered":"<p>Przezroczysty laminat Evolis LPS028NAA zapewnia dodatkow\u0105 warstw\u0119 ochronn\u0105 dla wst\u0119pnie zadrukowanych kart identyfikacyjnych Twoich klient\u00f3w. Laminat o grubo\u015bci 1,0 mila zwi\u0119ksza trwa\u0142o\u015b\u0107 karty, chroni\u0105c j\u0105 przed zarysowaniami, blakni\u0119ciem i codziennymi otarciami, zapewniaj\u0105c d\u0142u\u017csz\u0105 \u017cywotno\u015b\u0107 kart i wi\u0119ksz\u0105 odporno\u015b\u0107 na manipulacje.<\/p>\n<ul>\n<li>600 wydruk\u00f3w na rolk\u0119<\/li>\n<li>Laminat z przezroczyst\u0105 \u0142atk\u0105 o grubo\u015bci 1,0 mil<\/li>\n<li>Numer cz\u0119\u015bci producenta: LPS028NAA<\/li>\n<\/ul>\n<p><strong>Przed z\u0142o\u017ceniem zam\u00f3wienia prosimy o sprawdzenie, czy ta ta\u015bma jest odpowiednia do Pa\u0144stwa drukarki. Ta ta\u015bma jest kompatybilna z laminatorami Evolis Primacy i Primacy 2.<\/strong><\/p>\n<p>\n <strong><br \/>\n Waga produktu:<br \/>\n 0,15 kg<br \/>\n <\/strong>\n <\/p>","protected":false},"excerpt":{"rendered":"<p>The Evolis LPS028NAA clear patch laminate adds a layer of protection to your customers pre-printed ID cards. The 1.0 mil overlaminate increases card durability against scratching, fading and everyday abrasions,<\/p>","protected":false},"featured_media":156372,"template":"","meta":{"_acf_changed":false},"product_brand":[],"product_cat":[4858,4859],"product_tag":[4863],"class_list":{"0":"post-156373","1":"product","2":"type-product","3":"status-publish","4":"has-post-thumbnail","6":"product_cat-primacy","7":"product_cat-primacy-2","8":"product_tag-pf","9":"pa_brands-evolis","10":"tm-no-options","12":"first","13":"instock","14":"sale","15":"taxable","16":"shipping-taxable","17":"purchasable","18":"product-type-simple"},"acf":[],"_links":{"self":[{"href":"https:\/\/secureus.se\/pl\/wp-json\/wp\/v2\/product\/156373","targetHints":{"allow":["GET"]}}],"collection":[{"href":"https:\/\/secureus.se\/pl\/wp-json\/wp\/v2\/product"}],"about":[{"href":"https:\/\/secureus.se\/pl\/wp-json\/wp\/v2\/types\/product"}],"wp:featuredmedia":[{"embeddable":true,"href":"https:\/\/secureus.se\/pl\/wp-json\/wp\/v2\/media\/156372"}],"wp:attachment":[{"href":"https:\/\/secureus.se\/pl\/wp-json\/wp\/v2\/media?parent=156373"}],"wp:term":[{"taxonomy":"product_brand","embeddable":true,"href":"https:\/\/secureus.se\/pl\/wp-json\/wp\/v2\/product_brand?post=156373"},{"taxonomy":"product_cat","embeddable":true,"href":"https:\/\/secureus.se\/pl\/wp-json\/wp\/v2\/product_cat?post=156373"},{"taxonomy":"product_tag","embeddable":true,"href":"https:\/\/secureus.se\/pl\/wp-json\/wp\/v2\/product_tag?post=156373"}],"curies":[{"name":"wp","href":"https:\/\/api.w.org\/{rel}","templated":true}]}}