{"id":156374,"date":"2025-09-11T15:41:32","date_gmt":"2025-09-11T13:41:32","guid":{"rendered":"https:\/\/secureus.se\/evolis-rt5f014naa-ymcfk-retransfer-colour-ribbon-with-uv-panel-400-prints\/"},"modified":"2026-04-08T16:55:04","modified_gmt":"2026-04-08T14:55:04","slug":"evolis-rt5f014naa-ymcfk-retransfer-colour-ribbon-with-uv-panel-400-prints","status":"publish","type":"product","link":"https:\/\/secureus.se\/pl\/evolis-rt5f014naa-ymcfk-retransfer-colour-ribbon-with-uv-panel-400-prints\/","title":{"rendered":"F\u00e4rgband Evolis YMCFK &#8211; RT5F014NAA, med UV-panel (400 utskrifter)"},"content":{"rendered":"<h1>F\u00e4rgband<br \/>\n  Evolis YMCFK &#8211; RT5F014NAA, med UV-panel (400 utskrifter)<\/h1>\n<p>F\u00e4rgband Evolis YMCFK &#8211; RT5F014NAA, med UV-panel (400 utskrifter)<br \/>\n  \u00e4r ett f\u00e4rgband f\u00f6r utskrift av plastkort med skarpa f\u00e4rger, tydlig text och<br \/>\n  bra detalj\u00e5tergivning. Bandtypen YMCFK ger r\u00e4tt kombination av f\u00e4rgpaneler<br \/>\n  f\u00f6r professionella kortutskrifter.<\/p>\n<p>Passar bra f\u00f6r ID-kort, passerkort, medlemskort och andra<br \/>\n  plastkort d\u00e4r h\u00f6g utskriftskvalitet och tillf\u00f6rlitlighet \u00e4r<br \/>\n  viktigt.<\/p>\n<ul>\n<li>Kapacitet: upp till 400 utskrifter<\/li>\n<li>Bandtyp: YMCFK<\/li>\n<li>UV-best\u00e4ndigt skydd<\/li>\n<li>Artikelnummer: RT5F014NAA<\/li>\n<\/ul>\n<p><strong>Kompatibel med Evolis<br \/>\n  Avansia.<\/strong><\/p>\n<p><strong>Waga produktu:<\/strong> 0,40 kg<\/p>","protected":false},"excerpt":{"rendered":"<p>F\u00e4rgband Evolis YMCFK &#8211; RT5F014NAA, med UV-panel (400 utskrifter) F\u00e4rgband Evolis YMCFK &#8211; RT5F014NAA, med UV-panel (400 utskrifter) \u00e4r ett f\u00e4rgband f\u00f6r utskrift av plastkort med skarpa f\u00e4rger, tydlig text<\/p>","protected":false},"featured_media":156371,"template":"","meta":{"_acf_changed":false},"product_brand":[],"product_cat":[4855],"product_tag":[4863],"class_list":{"0":"post-156374","1":"product","2":"type-product","3":"status-publish","4":"has-post-thumbnail","6":"product_cat-avansia","7":"product_tag-pf","8":"pa_brands-evolis","9":"tm-no-options","11":"first","12":"instock","13":"sale","14":"taxable","15":"shipping-taxable","16":"purchasable","17":"product-type-simple"},"acf":[],"_links":{"self":[{"href":"https:\/\/secureus.se\/pl\/wp-json\/wp\/v2\/product\/156374","targetHints":{"allow":["GET"]}}],"collection":[{"href":"https:\/\/secureus.se\/pl\/wp-json\/wp\/v2\/product"}],"about":[{"href":"https:\/\/secureus.se\/pl\/wp-json\/wp\/v2\/types\/product"}],"wp:featuredmedia":[{"embeddable":true,"href":"https:\/\/secureus.se\/pl\/wp-json\/wp\/v2\/media\/156371"}],"wp:attachment":[{"href":"https:\/\/secureus.se\/pl\/wp-json\/wp\/v2\/media?parent=156374"}],"wp:term":[{"taxonomy":"product_brand","embeddable":true,"href":"https:\/\/secureus.se\/pl\/wp-json\/wp\/v2\/product_brand?post=156374"},{"taxonomy":"product_cat","embeddable":true,"href":"https:\/\/secureus.se\/pl\/wp-json\/wp\/v2\/product_cat?post=156374"},{"taxonomy":"product_tag","embeddable":true,"href":"https:\/\/secureus.se\/pl\/wp-json\/wp\/v2\/product_tag?post=156374"}],"curies":[{"name":"wp","href":"https:\/\/api.w.org\/{rel}","templated":true}]}}