{"id":156386,"date":"2025-09-11T15:41:32","date_gmt":"2025-09-11T13:41:32","guid":{"rendered":"https:\/\/secureus.se\/evolis-r2014-green-monochrome-ribbon-1000-prints\/"},"modified":"2026-04-23T12:31:25","modified_gmt":"2026-04-23T10:31:25","slug":"evolis-r2014-green-monochrome-ribbon-1000-prints","status":"publish","type":"product","link":"https:\/\/secureus.se\/pl\/evolis-r2014-green-monochrome-ribbon-1000-prints\/","title":{"rendered":"Ta\u015bma Evolis \u2013 R2014, zielona monochromatyczna (1000 wydruk\u00f3w)"},"content":{"rendered":"<h1>Wst\u0105\u017cka<br \/>\n  Evolis \u2013 R2014, zielony monochromatyczny (1000 wydruk\u00f3w)<\/h1>\n<p>Ta\u015bma Evolis \u2013 R2014, zielona monochromatyczna (1000 wydruk\u00f3w) to<br \/>\n  oryginalne akcesorium do drukarki kart, kt\u00f3re jest zaprojektowane z my\u015bl\u0105 o niezawodno\u015bci i<br \/>\n  profesjonalna produkcja kart.<\/p>\n<ul>\n<li>Pojemno\u015b\u0107: do 1000 wydruk\u00f3w<\/li>\n<li>Numer artyku\u0142u: GR<\/li>\n<\/ul>\n<p><strong>Kompatybilny z Evolis Pebble, Dualys, Quantum i<br \/>\n  Bezpiecze\u0144stwo.<\/strong><\/p>\n<p><strong>Waga produktu:<\/strong> 0,10 kg<\/p>","protected":false},"excerpt":{"rendered":"<p>F\u00e4rgband Evolis &#8211; R2014, gr\u00f6n monokrom (1000 utskrifter) F\u00e4rgband Evolis &#8211; R2014, gr\u00f6n monokrom (1000 utskrifter) \u00e4r ett originaltillbeh\u00f6r f\u00f6r kortskrivare som \u00e4r anpassat f\u00f6r p\u00e5litlig och professionell kortproduktion. Kapacitet:<\/p>","protected":false},"featured_media":156384,"template":"","meta":{"_acf_changed":false},"product_brand":[],"product_cat":[4857,4860],"product_tag":[4863],"class_list":{"0":"post-156386","1":"product","2":"type-product","3":"status-publish","4":"has-post-thumbnail","6":"product_cat-pebble","7":"product_cat-quantum","8":"product_tag-pf","9":"pa_brands-evolis","10":"tm-no-options","12":"first","13":"outofstock","14":"sale","15":"taxable","16":"shipping-taxable","17":"purchasable","18":"product-type-simple"},"acf":[],"_links":{"self":[{"href":"https:\/\/secureus.se\/pl\/wp-json\/wp\/v2\/product\/156386","targetHints":{"allow":["GET"]}}],"collection":[{"href":"https:\/\/secureus.se\/pl\/wp-json\/wp\/v2\/product"}],"about":[{"href":"https:\/\/secureus.se\/pl\/wp-json\/wp\/v2\/types\/product"}],"wp:featuredmedia":[{"embeddable":true,"href":"https:\/\/secureus.se\/pl\/wp-json\/wp\/v2\/media\/156384"}],"wp:attachment":[{"href":"https:\/\/secureus.se\/pl\/wp-json\/wp\/v2\/media?parent=156386"}],"wp:term":[{"taxonomy":"product_brand","embeddable":true,"href":"https:\/\/secureus.se\/pl\/wp-json\/wp\/v2\/product_brand?post=156386"},{"taxonomy":"product_cat","embeddable":true,"href":"https:\/\/secureus.se\/pl\/wp-json\/wp\/v2\/product_cat?post=156386"},{"taxonomy":"product_tag","embeddable":true,"href":"https:\/\/secureus.se\/pl\/wp-json\/wp\/v2\/product_tag?post=156386"}],"curies":[{"name":"wp","href":"https:\/\/api.w.org\/{rel}","templated":true}]}}