{"id":156395,"date":"2025-09-11T15:41:38","date_gmt":"2025-09-11T13:41:38","guid":{"rendered":"https:\/\/secureus.se\/evolis-lps033naa-0-6mil-generic-hologram-patch-laminate-600-prints\/"},"modified":"2026-03-26T09:56:40","modified_gmt":"2026-03-26T08:56:40","slug":"evolis-lps033naa-0-6mil-generic-hologram-patch-laminate-600-prints","status":"publish","type":"product","link":"https:\/\/secureus.se\/pl\/evolis-lps033naa-0-6mil-generic-hologram-patch-laminate-600-prints\/","title":{"rendered":"Evolis LPS033NAA 0,6 mil generyczny hologramowy laminat (600 wydruk\u00f3w)"},"content":{"rendered":"<p>Laminat holograficzny Evolis LPS033NAA dodaje warstw\u0119 ochronn\u0105 do kart, zwi\u0119kszaj\u0105c ich odporno\u015b\u0107 na zarysowania i zu\u017cycie. Ten przezroczysty laminat o grubo\u015bci 0,6 mila zawiera hologram widoczny tylko w okre\u015blonym \u015bwietle, zwi\u0119kszaj\u0105c bezpiecze\u0144stwo wizualne i potwierdzaj\u0105c autentyczno\u015b\u0107 karty.<\/p>\n<ul>\n<li>600 wydruk\u00f3w na rolk\u0119<\/li>\n<li>Okres wa\u017cno\u015bci karty do 3 lat\u00a0<\/li>\n<li>Numer cz\u0119\u015bci producenta: LPS033NAA<\/li>\n<\/ul>\n<p><strong>Przed z\u0142o\u017ceniem zam\u00f3wienia prosimy o sprawdzenie, czy ta ta\u015bma jest odpowiednia do Pa\u0144stwa drukarki. Ta ta\u015bma jest kompatybilna z laminatorami Evolis Primacy i Primacy 2.<\/strong><\/p>\n<p>\n <strong><br \/>\n Waga produktu:<br \/>\n 0,12 kg<br \/>\n <\/strong>\n <\/p>","protected":false},"excerpt":{"rendered":"<p>The Evolis LPS033NAA generic hologram patch laminate adds a layer of protection to ards, increasing card durability against scratching and general wear. This 0.6 mil clear laminate contains a hologram<\/p>","protected":false},"featured_media":156393,"template":"","meta":{"_acf_changed":false},"product_brand":[],"product_cat":[4858,4859],"product_tag":[4863],"class_list":{"0":"post-156395","1":"product","2":"type-product","3":"status-publish","4":"has-post-thumbnail","6":"product_cat-primacy","7":"product_cat-primacy-2","8":"product_tag-pf","9":"pa_brands-evolis","10":"tm-no-options","12":"first","13":"instock","14":"sale","15":"taxable","16":"shipping-taxable","17":"purchasable","18":"product-type-simple"},"acf":[],"_links":{"self":[{"href":"https:\/\/secureus.se\/pl\/wp-json\/wp\/v2\/product\/156395","targetHints":{"allow":["GET"]}}],"collection":[{"href":"https:\/\/secureus.se\/pl\/wp-json\/wp\/v2\/product"}],"about":[{"href":"https:\/\/secureus.se\/pl\/wp-json\/wp\/v2\/types\/product"}],"wp:featuredmedia":[{"embeddable":true,"href":"https:\/\/secureus.se\/pl\/wp-json\/wp\/v2\/media\/156393"}],"wp:attachment":[{"href":"https:\/\/secureus.se\/pl\/wp-json\/wp\/v2\/media?parent=156395"}],"wp:term":[{"taxonomy":"product_brand","embeddable":true,"href":"https:\/\/secureus.se\/pl\/wp-json\/wp\/v2\/product_brand?post=156395"},{"taxonomy":"product_cat","embeddable":true,"href":"https:\/\/secureus.se\/pl\/wp-json\/wp\/v2\/product_cat?post=156395"},{"taxonomy":"product_tag","embeddable":true,"href":"https:\/\/secureus.se\/pl\/wp-json\/wp\/v2\/product_tag?post=156395"}],"curies":[{"name":"wp","href":"https:\/\/api.w.org\/{rel}","templated":true}]}}