{"id":156408,"date":"2025-09-11T15:41:33","date_gmt":"2025-09-11T13:41:33","guid":{"rendered":"https:\/\/secureus.se\/evolis-lpa047naa-1-0mil-alternate-clear-patch-smart-full-cut-ribbon-600-prints\/"},"modified":"2026-03-26T09:58:01","modified_gmt":"2026-03-26T08:58:01","slug":"evolis-lpa047naa-1-0mil-alternate-clear-patch-smart-full-cut-ribbon-600-prints","status":"publish","type":"product","link":"https:\/\/secureus.se\/pl\/evolis-lpa047naa-1-0mil-alternate-clear-patch-smart-full-cut-ribbon-600-prints\/","title":{"rendered":"Evolis LPA047NAA 1,0 mil Alternate Clear Patch Smart\/Full Cut Ribbon (600 wydruk\u00f3w)"},"content":{"rendered":"<p>Ta\u015bma Evolis LPA047NAA z alternatywnym, przezroczystym \u0142atkiem, typu smart\/full cut, zapewnia kompletne rozwi\u0105zanie do laminowania specjalistycznych kart z chipem kontaktowym. Drukuj\u0105c pe\u0142n\u0105 warstw\u0119 na odwrocie karty i nak\u0142adaj\u0105c warstw\u0119 z wyci\u0119ciem na chip, ta ta\u015bma idealnie nadaje si\u0119 do utrzymania cz\u0119stotliwo\u015bci pracy chipa kontaktowego.<\/p>\n<ul>\n<li>600 wydruk\u00f3w na rolk\u0119\u00a0<\/li>\n<li>Tylko laminowanie dwustronne<\/li>\n<li>Numer cz\u0119\u015bci producenta: LPA047NAA<\/li>\n<\/ul>\n<p><strong>Przed z\u0142o\u017ceniem zam\u00f3wienia prosimy o sprawdzenie, czy ta ta\u015bma jest odpowiednia do Pa\u0144stwa drukarki. Ta ta\u015bma jest kompatybilna z drukarkami kart Evolis Primacy i Primacy 2.\u00a0<\/strong><\/p>\n<p>\n <strong><br \/>\n Waga produktu:<br \/>\n 0,40 kg<br \/>\n <\/strong>\n <\/p>","protected":false},"excerpt":{"rendered":"<p>The Evolis LPA047NAA alternate clear patch smart\/full cut ribbon provides a complete overlay lamination solution for specialised cards with contact chip. Printing a full overlay on the reverse of the<\/p>","protected":false},"featured_media":156406,"template":"","meta":{"_acf_changed":false},"product_brand":[],"product_cat":[4858,4859],"product_tag":[4863],"class_list":{"0":"post-156408","1":"product","2":"type-product","3":"status-publish","4":"has-post-thumbnail","6":"product_cat-primacy","7":"product_cat-primacy-2","8":"product_tag-pf","9":"pa_brands-evolis","10":"tm-no-options","12":"first","13":"instock","14":"sale","15":"taxable","16":"shipping-taxable","17":"purchasable","18":"product-type-simple"},"acf":[],"_links":{"self":[{"href":"https:\/\/secureus.se\/pl\/wp-json\/wp\/v2\/product\/156408","targetHints":{"allow":["GET"]}}],"collection":[{"href":"https:\/\/secureus.se\/pl\/wp-json\/wp\/v2\/product"}],"about":[{"href":"https:\/\/secureus.se\/pl\/wp-json\/wp\/v2\/types\/product"}],"wp:featuredmedia":[{"embeddable":true,"href":"https:\/\/secureus.se\/pl\/wp-json\/wp\/v2\/media\/156406"}],"wp:attachment":[{"href":"https:\/\/secureus.se\/pl\/wp-json\/wp\/v2\/media?parent=156408"}],"wp:term":[{"taxonomy":"product_brand","embeddable":true,"href":"https:\/\/secureus.se\/pl\/wp-json\/wp\/v2\/product_brand?post=156408"},{"taxonomy":"product_cat","embeddable":true,"href":"https:\/\/secureus.se\/pl\/wp-json\/wp\/v2\/product_cat?post=156408"},{"taxonomy":"product_tag","embeddable":true,"href":"https:\/\/secureus.se\/pl\/wp-json\/wp\/v2\/product_tag?post=156408"}],"curies":[{"name":"wp","href":"https:\/\/api.w.org\/{rel}","templated":true}]}}