{"id":156415,"date":"2025-09-11T15:41:33","date_gmt":"2025-09-11T13:41:33","guid":{"rendered":"https:\/\/secureus.se\/evolis-lps029naa-1-0mil-generic-holo-patch-ribbon-600-prints\/"},"modified":"2026-05-06T09:46:37","modified_gmt":"2026-05-06T07:46:37","slug":"evolis-lps029naa-1-0mil-generic-holo-patch-ribbon-600-prints","status":"publish","type":"product","link":"https:\/\/secureus.se\/pl\/evolis-lps029naa-1-0mil-generic-holo-patch-ribbon-600-prints\/","title":{"rendered":"Ta\u015bma holograficzna Evolis LPS029NAA 1,0 mil (600 wydruk\u00f3w)"},"content":{"rendered":"<h1>Wst\u0105\u017cka<br \/>\n  Evolis - LPS029NAA, Generic (600 wydruk\u00f3w)<\/h1>\n<p>Ta\u015bma Evolis \u2013 LPS029NAA, generyczna (600 wydruk\u00f3w) jest<br \/>\n  folia zabezpieczaj\u0105ca powierzchni\u0119 karty przed zarysowaniami, wilgoci\u0105 i codziennym zu\u017cyciem<br \/>\n  zu\u017cycie.<\/p>\n<p>Dobry wyb\u00f3r, gdy chcesz wyd\u0142u\u017cy\u0107 \u017cywotno\u015b\u0107 swoich kart, poprawi\u0107<br \/>\n  trwa\u0142o\u015b\u0107 i uzyskaj bardziej profesjonalny efekt ko\u0144cowy.<\/p>\n<ul>\n<li>Wydajno\u015b\u0107: do 600 wydruk\u00f3w na rolk\u0119<\/li>\n<li>Zapewnia dodatkowe bezpiecze\u0144stwo wizualne dzi\u0119ki efektowi holograficznemu<\/li>\n<li>Numer artyku\u0142u: LPS029NAA<\/li>\n<\/ul>\n<p><strong>Kompatybilny z Evolis Primacy i Primacy 2.<\/strong><\/p>\n<p><strong>Waga produktu:<\/strong> 0,40 kg<\/p>","protected":false},"excerpt":{"rendered":"<p>F\u00e4rgband Evolis &#8211; LPS029NAA, generisk (600 utskrifter) F\u00e4rgband Evolis &#8211; LPS029NAA, generisk (600 utskrifter) \u00e4r en overlayfilm som skyddar kortets yta mot repor, fukt och dagligt slitage. Ett bra val<\/p>","protected":false},"featured_media":156414,"template":"","meta":{"_acf_changed":false},"product_brand":[],"product_cat":[4858,4859],"product_tag":[4863],"class_list":{"0":"post-156415","1":"product","2":"type-product","3":"status-publish","4":"has-post-thumbnail","6":"product_cat-primacy","7":"product_cat-primacy-2","8":"product_tag-pf","9":"pa_brands-evolis","10":"tm-no-options","12":"first","13":"instock","14":"sale","15":"taxable","16":"shipping-taxable","17":"purchasable","18":"product-type-simple"},"acf":[],"_links":{"self":[{"href":"https:\/\/secureus.se\/pl\/wp-json\/wp\/v2\/product\/156415","targetHints":{"allow":["GET"]}}],"collection":[{"href":"https:\/\/secureus.se\/pl\/wp-json\/wp\/v2\/product"}],"about":[{"href":"https:\/\/secureus.se\/pl\/wp-json\/wp\/v2\/types\/product"}],"wp:featuredmedia":[{"embeddable":true,"href":"https:\/\/secureus.se\/pl\/wp-json\/wp\/v2\/media\/156414"}],"wp:attachment":[{"href":"https:\/\/secureus.se\/pl\/wp-json\/wp\/v2\/media?parent=156415"}],"wp:term":[{"taxonomy":"product_brand","embeddable":true,"href":"https:\/\/secureus.se\/pl\/wp-json\/wp\/v2\/product_brand?post=156415"},{"taxonomy":"product_cat","embeddable":true,"href":"https:\/\/secureus.se\/pl\/wp-json\/wp\/v2\/product_cat?post=156415"},{"taxonomy":"product_tag","embeddable":true,"href":"https:\/\/secureus.se\/pl\/wp-json\/wp\/v2\/product_tag?post=156415"}],"curies":[{"name":"wp","href":"https:\/\/api.w.org\/{rel}","templated":true}]}}