{"id":156418,"date":"2025-09-11T15:41:37","date_gmt":"2025-09-11T13:41:37","guid":{"rendered":"https:\/\/secureus.se\/evolis-rva022naa-globe-hologram-overlay-ribbon-400-prints\/"},"modified":"2026-04-23T12:38:47","modified_gmt":"2026-04-23T10:38:47","slug":"evolis-rva022naa-globe-hologram-overlay-ribbon-400-prints","status":"publish","type":"product","link":"https:\/\/secureus.se\/pl\/evolis-rva022naa-globe-hologram-overlay-ribbon-400-prints\/","title":{"rendered":"Ta\u015bma Evolis \u2013 RVA022NAA, hologram Globe (400 wydruk\u00f3w)"},"content":{"rendered":"<h1>Wst\u0105\u017cka<br \/>\n  Evolis - RVA022NAA, Hologram globusa (400 wydruk\u00f3w)<\/h1>\n<p>Ta\u015bma Evolis \u2013 RVA022NAA, hologram Globe (400 wydruk\u00f3w) to<br \/>\n  folia laminuj\u0105ca, kt\u00f3ra zapewnia dodatkow\u0105 warstw\u0119 ochrony kart plastikowych i pomaga<br \/>\n  aby zmniejszy\u0107 zarysowania, blakni\u0119cie i normalne zu\u017cycie.<\/p>\n<p>Dobry wyb\u00f3r, gdy chcesz wyd\u0142u\u017cy\u0107 \u017cywotno\u015b\u0107 swoich kart, poprawi\u0107<br \/>\n  trwa\u0142o\u015b\u0107 i uzyskaj bardziej profesjonalny efekt ko\u0144cowy.<\/p>\n<ul>\n<li>Wydajno\u015b\u0107: do 400 wydruk\u00f3w na rolk\u0119<\/li>\n<li>Zapewnia dodatkowe bezpiecze\u0144stwo wizualne dzi\u0119ki efektowi holograficznemu<\/li>\n<li>Numer artyku\u0142u: RVA022NAA<\/li>\n<\/ul>\n<p><strong>Kompatybilny z Evolis Primacy i Evolis<br \/>\n  Zeniusz.<\/strong><\/p>\n<p><strong>Waga produktu:<\/strong> 0,02 kg<\/p>","protected":false},"excerpt":{"rendered":"<p>F\u00e4rgband Evolis &#8211; RVA022NAA, Globe hologram (400 utskrifter) F\u00e4rgband Evolis &#8211; RVA022NAA, Globe hologram (400 utskrifter) \u00e4r en lamineringsfilm som ger ett extra skyddslager till plastkort och hj\u00e4lper till att<\/p>","protected":false},"featured_media":156416,"template":"","meta":{"_acf_changed":false},"product_brand":[],"product_cat":[4858,4862],"product_tag":[4863],"class_list":{"0":"post-156418","1":"product","2":"type-product","3":"status-publish","4":"has-post-thumbnail","6":"product_cat-primacy","7":"product_cat-zenius","8":"product_tag-pf","9":"pa_brands-evolis","10":"tm-no-options","12":"first","13":"instock","14":"sale","15":"taxable","16":"shipping-taxable","17":"purchasable","18":"product-type-simple"},"acf":[],"_links":{"self":[{"href":"https:\/\/secureus.se\/pl\/wp-json\/wp\/v2\/product\/156418","targetHints":{"allow":["GET"]}}],"collection":[{"href":"https:\/\/secureus.se\/pl\/wp-json\/wp\/v2\/product"}],"about":[{"href":"https:\/\/secureus.se\/pl\/wp-json\/wp\/v2\/types\/product"}],"wp:featuredmedia":[{"embeddable":true,"href":"https:\/\/secureus.se\/pl\/wp-json\/wp\/v2\/media\/156416"}],"wp:attachment":[{"href":"https:\/\/secureus.se\/pl\/wp-json\/wp\/v2\/media?parent=156418"}],"wp:term":[{"taxonomy":"product_brand","embeddable":true,"href":"https:\/\/secureus.se\/pl\/wp-json\/wp\/v2\/product_brand?post=156418"},{"taxonomy":"product_cat","embeddable":true,"href":"https:\/\/secureus.se\/pl\/wp-json\/wp\/v2\/product_cat?post=156418"},{"taxonomy":"product_tag","embeddable":true,"href":"https:\/\/secureus.se\/pl\/wp-json\/wp\/v2\/product_tag?post=156418"}],"curies":[{"name":"wp","href":"https:\/\/api.w.org\/{rel}","templated":true}]}}