{"id":156426,"date":"2025-09-11T15:41:39","date_gmt":"2025-09-11T13:41:39","guid":{"rendered":"https:\/\/secureus.se\/evolis-rct016naa-gold-monochrome-ribbon-1000-prints\/"},"modified":"2026-03-26T10:02:18","modified_gmt":"2026-03-26T09:02:18","slug":"evolis-rct016naa-gold-monochrome-ribbon-1000-prints","status":"publish","type":"product","link":"https:\/\/secureus.se\/pl\/evolis-rct016naa-gold-monochrome-ribbon-1000-prints\/","title":{"rendered":"Z\u0142ota wst\u0105\u017cka monochromatyczna Evolis RCT016NAA (1000 wydruk\u00f3w)"},"content":{"rendered":"<p>Z\u0142ota, monochromatyczna ta\u015bma Evolis RCT016NAA pozwala na uzyskanie do 1000 wyj\u0105tkowych wydruk\u00f3w na rolce. Pozw\u00f3l swoim klientom doda\u0107 do swoich identyfikator\u00f3w wyra\u017any, ostry tekst i szczeg\u00f3\u0142ow\u0105 grafik\u0119 w profesjonalnym, z\u0142otym wyko\u0144czeniu.<\/p>\n<ul>\n<li>1000 wydruk\u00f3w na rolk\u0119<\/li>\n<li>Z\u0142ota monochromatyczna wst\u0105\u017cka<\/li>\n<li>Numer cz\u0119\u015bci producenta: RCT016NAA<\/li>\n<\/ul>\n<p><strong>Przed z\u0142o\u017ceniem zam\u00f3wienia prosimy o sprawdzenie, czy ta ta\u015bma jest odpowiednia do Pa\u0144stwa drukarki. Ta ta\u015bma jest kompatybilna z drukarkami kart Evolis Primacy i Evolis Zenius.<\/strong><\/p>\n<p>\n <strong><br \/>\n Waga produktu:<br \/>\n 0,20 kg<br \/>\n <\/strong>\n <\/p>","protected":false},"excerpt":{"rendered":"<p>The Evolis RCT016NAA gold monochrome ribbon produces\u00a0up to 1,000 outstanding prints per roll. Let your customers add crisp, sharp text and detailed single-line art to their ID cards in a<\/p>","protected":false},"featured_media":156422,"template":"","meta":{"_acf_changed":false},"product_brand":[],"product_cat":[4858,4862],"product_tag":[4863],"class_list":{"0":"post-156426","1":"product","2":"type-product","3":"status-publish","4":"has-post-thumbnail","6":"product_cat-primacy","7":"product_cat-zenius","8":"product_tag-pf","9":"pa_brands-evolis","10":"tm-no-options","12":"first","13":"instock","14":"sale","15":"taxable","16":"shipping-taxable","17":"purchasable","18":"product-type-simple"},"acf":[],"_links":{"self":[{"href":"https:\/\/secureus.se\/pl\/wp-json\/wp\/v2\/product\/156426","targetHints":{"allow":["GET"]}}],"collection":[{"href":"https:\/\/secureus.se\/pl\/wp-json\/wp\/v2\/product"}],"about":[{"href":"https:\/\/secureus.se\/pl\/wp-json\/wp\/v2\/types\/product"}],"wp:featuredmedia":[{"embeddable":true,"href":"https:\/\/secureus.se\/pl\/wp-json\/wp\/v2\/media\/156422"}],"wp:attachment":[{"href":"https:\/\/secureus.se\/pl\/wp-json\/wp\/v2\/media?parent=156426"}],"wp:term":[{"taxonomy":"product_brand","embeddable":true,"href":"https:\/\/secureus.se\/pl\/wp-json\/wp\/v2\/product_brand?post=156426"},{"taxonomy":"product_cat","embeddable":true,"href":"https:\/\/secureus.se\/pl\/wp-json\/wp\/v2\/product_cat?post=156426"},{"taxonomy":"product_tag","embeddable":true,"href":"https:\/\/secureus.se\/pl\/wp-json\/wp\/v2\/product_tag?post=156426"}],"curies":[{"name":"wp","href":"https:\/\/api.w.org\/{rel}","templated":true}]}}