{"id":156431,"date":"2025-09-11T15:41:40","date_gmt":"2025-09-11T13:41:40","guid":{"rendered":"https:\/\/secureus.se\/evolis-rtcl009naa-retransfer-film-500-prints\/"},"modified":"2026-04-08T17:00:39","modified_gmt":"2026-04-08T15:00:39","slug":"evolis-rtcl009naa-retransfer-film-500-prints","status":"publish","type":"product","link":"https:\/\/secureus.se\/pl\/evolis-rtcl009naa-retransfer-film-500-prints\/","title":{"rendered":"Retransferfilm Evolis &#8211;\n  RTCL009NAA (500 utskrifter)"},"content":{"rendered":"<h1>Retransferfilm<br \/>\n  Evolis &#8211; RTCL009NAA (500 utskrifter)<\/h1>\n<p>Retransferfilm Evolis &#8211; RTCL009NAA (500 utskrifter) \u00e4r en<br \/>\n  retransferfilm som anv\u00e4nds f\u00f6r att ge plastkort en j\u00e4mn, slitstark och<br \/>\n  professionell yta. Motivet skrivs p\u00e5 filmen och \u00f6verf\u00f6rs sedan till kortet,<br \/>\n  vilket ger h\u00f6g detaljrikedom och kant-till-kant-utskrift.<\/p>\n<p>Dobry wyb\u00f3r, gdy chcesz wyd\u0142u\u017cy\u0107 \u017cywotno\u015b\u0107 swoich kart, poprawi\u0107<br \/>\n  trwa\u0142o\u015b\u0107 i uzyskaj bardziej profesjonalny efekt ko\u0144cowy.<\/p>\n<ul>\n<li>Kapacitet: upp till 500 utskrifter per rulle<\/li>\n<li>Artikelnummer: RTCL009NAA<\/li>\n<\/ul>\n<p><strong>Kompatibel med Evolis<br \/>\n  Avansia.<\/strong><\/p>\n<p><strong>Waga produktu:<\/strong> 0,15 kg<\/p>","protected":false},"excerpt":{"rendered":"<p>Retransferfilm Evolis &#8211; RTCL009NAA (500 utskrifter) Retransferfilm Evolis &#8211; RTCL009NAA (500 utskrifter) \u00e4r en retransferfilm som anv\u00e4nds f\u00f6r att ge plastkort en j\u00e4mn, slitstark och professionell yta. Motivet skrivs p\u00e5<\/p>","protected":false},"featured_media":156428,"template":"","meta":{"_acf_changed":false},"product_brand":[],"product_cat":[4855],"product_tag":[4863],"class_list":{"0":"post-156431","1":"product","2":"type-product","3":"status-publish","4":"has-post-thumbnail","6":"product_cat-avansia","7":"product_tag-pf","8":"pa_brands-evolis","9":"tm-no-options","11":"first","12":"instock","13":"sale","14":"taxable","15":"shipping-taxable","16":"purchasable","17":"product-type-simple"},"acf":[],"_links":{"self":[{"href":"https:\/\/secureus.se\/pl\/wp-json\/wp\/v2\/product\/156431","targetHints":{"allow":["GET"]}}],"collection":[{"href":"https:\/\/secureus.se\/pl\/wp-json\/wp\/v2\/product"}],"about":[{"href":"https:\/\/secureus.se\/pl\/wp-json\/wp\/v2\/types\/product"}],"wp:featuredmedia":[{"embeddable":true,"href":"https:\/\/secureus.se\/pl\/wp-json\/wp\/v2\/media\/156428"}],"wp:attachment":[{"href":"https:\/\/secureus.se\/pl\/wp-json\/wp\/v2\/media?parent=156431"}],"wp:term":[{"taxonomy":"product_brand","embeddable":true,"href":"https:\/\/secureus.se\/pl\/wp-json\/wp\/v2\/product_brand?post=156431"},{"taxonomy":"product_cat","embeddable":true,"href":"https:\/\/secureus.se\/pl\/wp-json\/wp\/v2\/product_cat?post=156431"},{"taxonomy":"product_tag","embeddable":true,"href":"https:\/\/secureus.se\/pl\/wp-json\/wp\/v2\/product_tag?post=156431"}],"curies":[{"name":"wp","href":"https:\/\/api.w.org\/{rel}","templated":true}]}}