{"id":156436,"date":"2025-09-11T15:41:34","date_gmt":"2025-09-11T13:41:34","guid":{"rendered":"https:\/\/secureus.se\/evolis-rct018naa-scratch-off-ribbon-1000-prints\/"},"modified":"2026-04-08T16:53:47","modified_gmt":"2026-04-08T14:53:47","slug":"evolis-rct018naa-scratch-off-ribbon-1000-prints","status":"publish","type":"product","link":"https:\/\/secureus.se\/pl\/evolis-rct018naa-scratch-off-ribbon-1000-prints\/","title":{"rendered":"Ta\u015bma zdrapkowa Evolis \u2013 RCT018NAA (1000 wydruk\u00f3w)"},"content":{"rendered":"<h1>Scratch-off<br \/>\n  f\u00e4rgband Evolis &#8211; RCT018NAA (1000 utskrifter)<\/h1>\n<p>Scratch-off f\u00e4rgband Evolis &#8211; RCT018NAA (1000 utskrifter) \u00e4r ett<br \/>\n  ta\u015bma zdrapkowa u\u017cywana do ukrywania kod\u00f3w, informacji o kartach podarunkowych i<br \/>\n  inne poufne informacje na kartach plastikowych. Powierzchni\u0119 mo\u017cna \u0142atwo zarysowa\u0107<br \/>\n  u\u017cytkownika ko\u0144cowego, je\u015bli to konieczne.<\/p>\n<p>Szczeg\u00f3lnie nadaje si\u0119 do kart podarunkowych, kupon\u00f3w i kart, w kt\u00f3rych pewne<br \/>\n  Informacje powinny by\u0107 ukryte a\u017c do momentu ich wykorzystania.<\/p>\n<ul>\n<li>Pojemno\u015b\u0107: do 1000 wydruk\u00f3w<\/li>\n<li>Artikelnummer: RCT018NAA<\/li>\n<\/ul>\n<p><strong>Kompatybilny z Evolis Primacy i Zenius.<\/strong><\/p>\n<p><strong>Waga produktu:<\/strong> 0,40 kg<\/p>","protected":false},"excerpt":{"rendered":"<p>Scratch-off f\u00e4rgband Evolis &#8211; RCT018NAA (1000 utskrifter) Scratch-off f\u00e4rgband Evolis &#8211; RCT018NAA (1000 utskrifter) \u00e4r ett scratch-off-band som anv\u00e4nds f\u00f6r att d\u00f6lja koder, presentkortsinformation och annan konfidentiell information p\u00e5 plastkort.<\/p>","protected":false},"featured_media":156433,"template":"","meta":{"_acf_changed":false},"product_brand":[],"product_cat":[4858,4862],"product_tag":[4863],"class_list":{"0":"post-156436","1":"product","2":"type-product","3":"status-publish","4":"has-post-thumbnail","6":"product_cat-primacy","7":"product_cat-zenius","8":"product_tag-pf","9":"pa_brands-evolis","10":"tm-no-options","12":"first","13":"instock","14":"sale","15":"taxable","16":"shipping-taxable","17":"purchasable","18":"product-type-simple"},"acf":[],"_links":{"self":[{"href":"https:\/\/secureus.se\/pl\/wp-json\/wp\/v2\/product\/156436","targetHints":{"allow":["GET"]}}],"collection":[{"href":"https:\/\/secureus.se\/pl\/wp-json\/wp\/v2\/product"}],"about":[{"href":"https:\/\/secureus.se\/pl\/wp-json\/wp\/v2\/types\/product"}],"wp:featuredmedia":[{"embeddable":true,"href":"https:\/\/secureus.se\/pl\/wp-json\/wp\/v2\/media\/156433"}],"wp:attachment":[{"href":"https:\/\/secureus.se\/pl\/wp-json\/wp\/v2\/media?parent=156436"}],"wp:term":[{"taxonomy":"product_brand","embeddable":true,"href":"https:\/\/secureus.se\/pl\/wp-json\/wp\/v2\/product_brand?post=156436"},{"taxonomy":"product_cat","embeddable":true,"href":"https:\/\/secureus.se\/pl\/wp-json\/wp\/v2\/product_cat?post=156436"},{"taxonomy":"product_tag","embeddable":true,"href":"https:\/\/secureus.se\/pl\/wp-json\/wp\/v2\/product_tag?post=156436"}],"curies":[{"name":"wp","href":"https:\/\/api.w.org\/{rel}","templated":true}]}}