{"id":156443,"date":"2025-09-11T15:41:28","date_gmt":"2025-09-11T13:41:28","guid":{"rendered":"https:\/\/secureus.se\/evolis-rct223naaa-black-monochrome-ribbon-2000-prints\/"},"modified":"2026-05-06T09:48:22","modified_gmt":"2026-05-06T07:48:22","slug":"evolis-rct223naaa-black-monochrome-ribbon-2000-prints","status":"publish","type":"product","link":"https:\/\/secureus.se\/pl\/evolis-rct223naaa-black-monochrome-ribbon-2000-prints\/","title":{"rendered":"Evolis RCT223NAAA svart\n  monokromt f\u00e4rgband (2000 utskrifter)"},"content":{"rendered":"<h1>Wst\u0105\u017cka<br \/>\n  Evolis - RCT223NAAA, czarny monochromatyczny (2000 wydruk\u00f3w)<\/h1>\n<p>Ta\u015bma Evolis \u2013 RCT223NAAA, czarna monochromatyczna (2000 wydruk\u00f3w) jest<br \/>\n  czarna, monochromatyczna wst\u0105\u017cka przeznaczona do czytelnego tekstu i prostej grafiki liniowej<br \/>\n  i czytelne kody kreskowe na kartach plastikowych.<\/p>\n<p>Nadaje si\u0119 do dowod\u00f3w osobistych, kart dost\u0119pu, kart cz\u0142onkowskich i innych<br \/>\n  karty plastikowe, gdzie liczy si\u0119 wysoka jako\u015b\u0107 druku i niezawodno\u015b\u0107<br \/>\n  wa\u017cny.<\/p>\n<ul>\n<li>Pojemno\u015b\u0107: do 2000 wydruk\u00f3w<\/li>\n<li>Typ opaski: Czarny monochromatyczny<\/li>\n<li>Numer artyku\u0142u: RCT223NAAA<\/li>\n<\/ul>\n<p><strong>Kompatybilny z kartami Evolis Primacy 2 i Zenius 2<br \/>\n  tylko drukarki.<\/strong><\/p>\n<p><strong>Waga produktu:<\/strong> 0,20 kg<\/p>","protected":false},"excerpt":{"rendered":"<p>F\u00e4rgband Evolis &#8211; RCT223NAAA, svart monokrom (2000 utskrifter) F\u00e4rgband Evolis &#8211; RCT223NAAA, svart monokrom (2000 utskrifter) \u00e4r ett svart monokromt f\u00e4rgband som passar f\u00f6r tydlig text, enkla linjegrafiker och l\u00e4sbara<\/p>","protected":false},"featured_media":156442,"template":"","meta":{"_acf_changed":false},"product_brand":[],"product_cat":[4859],"product_tag":[4863],"class_list":{"0":"post-156443","1":"product","2":"type-product","3":"status-publish","4":"has-post-thumbnail","6":"product_cat-primacy-2","7":"product_tag-pf","8":"pa_brands-evolis","9":"tm-no-options","11":"first","12":"instock","13":"sale","14":"taxable","15":"shipping-taxable","16":"purchasable","17":"product-type-simple"},"acf":[],"_links":{"self":[{"href":"https:\/\/secureus.se\/pl\/wp-json\/wp\/v2\/product\/156443","targetHints":{"allow":["GET"]}}],"collection":[{"href":"https:\/\/secureus.se\/pl\/wp-json\/wp\/v2\/product"}],"about":[{"href":"https:\/\/secureus.se\/pl\/wp-json\/wp\/v2\/types\/product"}],"wp:featuredmedia":[{"embeddable":true,"href":"https:\/\/secureus.se\/pl\/wp-json\/wp\/v2\/media\/156442"}],"wp:attachment":[{"href":"https:\/\/secureus.se\/pl\/wp-json\/wp\/v2\/media?parent=156443"}],"wp:term":[{"taxonomy":"product_brand","embeddable":true,"href":"https:\/\/secureus.se\/pl\/wp-json\/wp\/v2\/product_brand?post=156443"},{"taxonomy":"product_cat","embeddable":true,"href":"https:\/\/secureus.se\/pl\/wp-json\/wp\/v2\/product_cat?post=156443"},{"taxonomy":"product_tag","embeddable":true,"href":"https:\/\/secureus.se\/pl\/wp-json\/wp\/v2\/product_tag?post=156443"}],"curies":[{"name":"wp","href":"https:\/\/api.w.org\/{rel}","templated":true}]}}