{"id":156451,"date":"2025-09-11T15:41:35","date_gmt":"2025-09-11T13:41:35","guid":{"rendered":"https:\/\/secureus.se\/evolis-lva036naa-continuous-varnish-holo-ribbon-1200-prints\/"},"modified":"2026-04-23T12:39:18","modified_gmt":"2026-04-23T10:39:18","slug":"evolis-lva036naa-continuous-varnish-holo-ribbon-1200-prints","status":"publish","type":"product","link":"https:\/\/secureus.se\/pl\/evolis-lva036naa-continuous-varnish-holo-ribbon-1200-prints\/","title":{"rendered":"Ta\u015bma Evolis \u2013 LVA036NAA, lakier holograficzny ci\u0105g\u0142y (1200 odbitek)"},"content":{"rendered":"<h1>Wst\u0105\u017cka<br \/>\n  Evolis \u2013 LVA036NAA, lakier holograficzny ci\u0105g\u0142y (1200<br \/>\n  odbitki)<\/h1>\n<p>Ta\u015bma Evolis \u2013 LVA036NAA, lakier holograficzny ci\u0105g\u0142y (1200<br \/>\n  (drukuje) to ta\u015bma KO z czarnym panelem i warstw\u0105 ochronn\u0105. Jest to<br \/>\n  dobry wyb\u00f3r, gdy potrzebujesz wyra\u017anego tekstu, kod\u00f3w kreskowych i dodatkowej ochrony na karcie<br \/>\n  powierzchnia.<\/p>\n<p>Nadaje si\u0119 do dowod\u00f3w osobistych, kart dost\u0119pu, kart cz\u0142onkowskich i innych<br \/>\n  karty plastikowe, gdzie wa\u017cna jest wysoka jako\u015b\u0107 druku i niezawodno\u015b\u0107.<\/p>\n<ul>\n<li>Pojemno\u015b\u0107: do 1200 wydruk\u00f3w<\/li>\n<li>Typ zespo\u0142u: KO<\/li>\n<li>Zapewnia dodatkowe bezpiecze\u0144stwo wizualne dzi\u0119ki efektowi holograficznemu<\/li>\n<li>Numer artyku\u0142u: LVA036NAA<\/li>\n<\/ul>\n<p><strong>Kompatybilny z Evolis Primacy, Primacy 2 i<br \/>\n  Osi\u0105gni\u0119cie.<\/strong><\/p>\n<p><strong>Waga produktu:<\/strong> 0,20 kg<\/p>","protected":false},"excerpt":{"rendered":"<p>F\u00e4rgband Evolis &#8211; LVA036NAA, kontinuerlig holografisk lack (1200 utskrifter) F\u00e4rgband Evolis &#8211; LVA036NAA, kontinuerlig holografisk lack (1200 utskrifter) \u00e4r ett KO-band med svart panel och skyddande overlay. Det \u00e4r ett<\/p>","protected":false},"featured_media":156445,"template":"","meta":{"_acf_changed":false},"product_brand":[],"product_cat":[4855,4858,4859],"product_tag":[4863],"class_list":{"0":"post-156451","1":"product","2":"type-product","3":"status-publish","4":"has-post-thumbnail","6":"product_cat-avansia","7":"product_cat-primacy","8":"product_cat-primacy-2","9":"product_tag-pf","10":"pa_brands-evolis","11":"tm-no-options","13":"first","14":"outofstock","15":"sale","16":"taxable","17":"shipping-taxable","18":"purchasable","19":"product-type-simple"},"acf":[],"_links":{"self":[{"href":"https:\/\/secureus.se\/pl\/wp-json\/wp\/v2\/product\/156451","targetHints":{"allow":["GET"]}}],"collection":[{"href":"https:\/\/secureus.se\/pl\/wp-json\/wp\/v2\/product"}],"about":[{"href":"https:\/\/secureus.se\/pl\/wp-json\/wp\/v2\/types\/product"}],"wp:featuredmedia":[{"embeddable":true,"href":"https:\/\/secureus.se\/pl\/wp-json\/wp\/v2\/media\/156445"}],"wp:attachment":[{"href":"https:\/\/secureus.se\/pl\/wp-json\/wp\/v2\/media?parent=156451"}],"wp:term":[{"taxonomy":"product_brand","embeddable":true,"href":"https:\/\/secureus.se\/pl\/wp-json\/wp\/v2\/product_brand?post=156451"},{"taxonomy":"product_cat","embeddable":true,"href":"https:\/\/secureus.se\/pl\/wp-json\/wp\/v2\/product_cat?post=156451"},{"taxonomy":"product_tag","embeddable":true,"href":"https:\/\/secureus.se\/pl\/wp-json\/wp\/v2\/product_tag?post=156451"}],"curies":[{"name":"wp","href":"https:\/\/api.w.org\/{rel}","templated":true}]}}