{"id":156453,"date":"2025-09-11T15:41:28","date_gmt":"2025-09-11T13:41:28","guid":{"rendered":"https:\/\/secureus.se\/evolis-r4f227naaa-so-ko-silver-overlay-black-overlay-250-prints\/"},"modified":"2026-04-08T16:57:58","modified_gmt":"2026-04-08T14:57:58","slug":"evolis-r4f227naaa-so-ko-silver-overlay-black-overlay-250-prints","status":"publish","type":"product","link":"https:\/\/secureus.se\/pl\/evolis-r4f227naaa-so-ko-silver-overlay-black-overlay-250-prints\/","title":{"rendered":"Evolis \u2013 R4F227NAAA (250 odbitek)"},"content":{"rendered":"<h1>Evolis<br \/>\n  \u2013 R4F227NAAA (250 odbitek)<\/h1>\n<p>Evolis \u2013 R4F227NAAA (250 odbitek) to specjalna srebrna wst\u0105\u017cka<br \/>\n  i czarny do personalizacji ciemnych, wst\u0119pnie zadrukowanych kart. Zapewnia wyra\u017any<br \/>\n  kontrast i profesjonalny efekt.<\/p>\n<p>Nadaje si\u0119 do dowod\u00f3w osobistych, kart dost\u0119pu, kart cz\u0142onkowskich i innych<br \/>\n  karty plastikowe, gdzie liczy si\u0119 wysoka jako\u015b\u0107 druku i niezawodno\u015b\u0107<br \/>\n  wa\u017cny.<\/p>\n<ul>\n<li>Pojemno\u015b\u0107: do 250 wydruk\u00f3w<\/li>\n<li>Typ zespo\u0142u: SO-KO<\/li>\n<li>Nadaje si\u0119 do dwustronnego druku kart<\/li>\n<li>Numer artyku\u0142u: R4F227NAAA<\/li>\n<\/ul>\n<p><strong>Kompatybilny z drukark\u0105 kart Evolis Primacy 2<br \/>\n  tylko.<\/strong><\/p>\n<p><strong>Waga produktu:<\/strong> 0,20 kg<\/p>","protected":false},"excerpt":{"rendered":"<p>Evolis &#8211; R4F227NAAA (250 utskrifter) Evolis &#8211; R4F227NAAA (250 utskrifter) \u00e4r ett specialband i silver och svart f\u00f6r personalisering av m\u00f6rka f\u00f6rtryckta kort. Det ger en tydlig kontrast och ett<\/p>","protected":false},"featured_media":156452,"template":"","meta":{"_acf_changed":false},"product_brand":[],"product_cat":[4859],"product_tag":[4863],"class_list":{"0":"post-156453","1":"product","2":"type-product","3":"status-publish","4":"has-post-thumbnail","6":"product_cat-primacy-2","7":"product_tag-pf","8":"pa_brands-evolis","9":"tm-no-options","11":"first","12":"instock","13":"sale","14":"taxable","15":"shipping-taxable","16":"purchasable","17":"product-type-simple"},"acf":[],"_links":{"self":[{"href":"https:\/\/secureus.se\/pl\/wp-json\/wp\/v2\/product\/156453","targetHints":{"allow":["GET"]}}],"collection":[{"href":"https:\/\/secureus.se\/pl\/wp-json\/wp\/v2\/product"}],"about":[{"href":"https:\/\/secureus.se\/pl\/wp-json\/wp\/v2\/types\/product"}],"wp:featuredmedia":[{"embeddable":true,"href":"https:\/\/secureus.se\/pl\/wp-json\/wp\/v2\/media\/156452"}],"wp:attachment":[{"href":"https:\/\/secureus.se\/pl\/wp-json\/wp\/v2\/media?parent=156453"}],"wp:term":[{"taxonomy":"product_brand","embeddable":true,"href":"https:\/\/secureus.se\/pl\/wp-json\/wp\/v2\/product_brand?post=156453"},{"taxonomy":"product_cat","embeddable":true,"href":"https:\/\/secureus.se\/pl\/wp-json\/wp\/v2\/product_cat?post=156453"},{"taxonomy":"product_tag","embeddable":true,"href":"https:\/\/secureus.se\/pl\/wp-json\/wp\/v2\/product_tag?post=156453"}],"curies":[{"name":"wp","href":"https:\/\/api.w.org\/{rel}","templated":true}]}}