{"id":156467,"date":"2025-09-11T15:41:28","date_gmt":"2025-09-11T13:41:28","guid":{"rendered":"https:\/\/secureus.se\/evolis-r2f210naaa-ko-black-ribbon-with-overlay-600-prints\/"},"modified":"2026-03-26T09:55:14","modified_gmt":"2026-03-26T08:55:14","slug":"evolis-r2f210naaa-ko-black-ribbon-with-overlay-600-prints","status":"publish","type":"product","link":"https:\/\/secureus.se\/pl\/evolis-r2f210naaa-ko-black-ribbon-with-overlay-600-prints\/","title":{"rendered":"Evolis R2F210NAAA KO Czarna wst\u0105\u017cka z nak\u0142adk\u0105 (600 wydruk\u00f3w)"},"content":{"rendered":"<p>Czarna ta\u015bma Evolis R2F210NAAA KO z nak\u0142adk\u0105 zosta\u0142a specjalnie zaprojektowana, aby zapewni\u0107 trwa\u0142o\u015b\u0107 monochromatycznej personalizacji. Drukuj lub personalizuj istniej\u0105ce karty wyra\u017anym czarnym tekstem i chro\u0144 karty przed zu\u017cyciem, rozdarciem i uszkodzeniami dzi\u0119ki przezroczystej nak\u0142adce.<\/p>\n<ul>\n<li>600 wydruk\u00f3w na rolk\u0119<\/li>\n<li>Czarna, monochromatyczna wst\u0105\u017cka z przezroczyst\u0105 nak\u0142adk\u0105<\/li>\n<li>Numer cz\u0119\u015bci producenta: R2F210NAAA<\/li>\n<\/ul>\n<p><strong>Przed z\u0142o\u017ceniem zam\u00f3wienia prosimy o sprawdzenie, czy ta ta\u015bma jest odpowiednia do Pa\u0144stwa drukarki. Ta ta\u015bma jest kompatybilna TYLKO z drukarkami kart Evolis Primacy 2 i Zenius 2.<\/strong><\/p>\n<p>\n <strong><br \/>\n Waga produktu:<br \/>\n 0,20 kg<br \/>\n <\/strong>\n <\/p>","protected":false},"excerpt":{"rendered":"<p>The Evolis R2F210NAAA KO black ribbon with overlay has been specifically engineered to bring durability to monochrome personalisation. Print or personalise existing cards with sharp black text and protect cards<\/p>","protected":false},"featured_media":156465,"template":"","meta":{"_acf_changed":false},"product_brand":[],"product_cat":[4859],"product_tag":[4863],"class_list":{"0":"post-156467","1":"product","2":"type-product","3":"status-publish","4":"has-post-thumbnail","6":"product_cat-primacy-2","7":"product_tag-pf","8":"pa_brands-evolis","9":"tm-no-options","11":"first","12":"instock","13":"sale","14":"taxable","15":"shipping-taxable","16":"purchasable","17":"product-type-simple"},"acf":[],"_links":{"self":[{"href":"https:\/\/secureus.se\/pl\/wp-json\/wp\/v2\/product\/156467","targetHints":{"allow":["GET"]}}],"collection":[{"href":"https:\/\/secureus.se\/pl\/wp-json\/wp\/v2\/product"}],"about":[{"href":"https:\/\/secureus.se\/pl\/wp-json\/wp\/v2\/types\/product"}],"wp:featuredmedia":[{"embeddable":true,"href":"https:\/\/secureus.se\/pl\/wp-json\/wp\/v2\/media\/156465"}],"wp:attachment":[{"href":"https:\/\/secureus.se\/pl\/wp-json\/wp\/v2\/media?parent=156467"}],"wp:term":[{"taxonomy":"product_brand","embeddable":true,"href":"https:\/\/secureus.se\/pl\/wp-json\/wp\/v2\/product_brand?post=156467"},{"taxonomy":"product_cat","embeddable":true,"href":"https:\/\/secureus.se\/pl\/wp-json\/wp\/v2\/product_cat?post=156467"},{"taxonomy":"product_tag","embeddable":true,"href":"https:\/\/secureus.se\/pl\/wp-json\/wp\/v2\/product_tag?post=156467"}],"curies":[{"name":"wp","href":"https:\/\/api.w.org\/{rel}","templated":true}]}}