{"id":156473,"date":"2025-09-11T15:41:29","date_gmt":"2025-09-11T13:41:29","guid":{"rendered":"https:\/\/secureus.se\/evolis-n7h206naaa-easy4pro-ymcko-ko-half-panel-colour-ribbon-250-prints\/"},"modified":"2026-04-23T12:32:53","modified_gmt":"2026-04-23T10:32:53","slug":"evolis-n7h206naaa-easy4pro-ymcko-ko-half-panel-colour-ribbon-250-prints","status":"publish","type":"product","link":"https:\/\/secureus.se\/pl\/evolis-n7h206naaa-easy4pro-ymcko-ko-half-panel-colour-ribbon-250-prints\/","title":{"rendered":"Ribbon Evolis Easy4Pro YMCKO-KO \u2013 N7H206NAAA, half panel (250 prints)"},"content":{"rendered":"<h1>Wst\u0105\u017cka<br \/>\n  Evolis Easy4Pro YMCKO-KO &#8211; N7H206NAAA, halvpanel (250<br \/>\n  odbitki)<\/h1>\n<p>F\u00e4rgband Evolis Easy4Pro YMCKO-KO &#8211; N7H206NAAA, halvpanel (250<br \/>\n  utskrifter) \u00e4r ett f\u00e4rgband f\u00f6r utskrift av plastkort med skarpa f\u00e4rger,<br \/>\n  tydlig text och bra detalj\u00e5tergivning. Bandtypen YMCKO-KO ger r\u00e4tt<br \/>\n  kombination av f\u00e4rgpaneler och skyddande overlay f\u00f6r professionella<br \/>\n  drukowanie kart.<\/p>\n<p>Passar bra f\u00f6r ID-kort, passerkort, medlemskort och andra plastkort<br \/>\n  d\u00e4r h\u00f6g utskriftskvalitet och tillf\u00f6rlitlighet \u00e4r viktigt.<\/p>\n<ul>\n<li>Pojemno\u015b\u0107: do 250 wydruk\u00f3w<\/li>\n<li>Typ wst\u0105\u017cki: YMCKO-KO<\/li>\n<li>Artikelnummer: N7H206NAAA<\/li>\n<\/ul>\n<p><strong>Kompatybilny z drukark\u0105 kart Evolis Primacy 2<br \/>\n  tylko.<\/strong><\/p>\n<p><strong>Waga produktu:<\/strong> 0,20 kg<\/p>","protected":false},"excerpt":{"rendered":"<p>F\u00e4rgband Evolis Easy4Pro YMCKO-KO &#8211; N7H206NAAA, halvpanel (250 utskrifter) F\u00e4rgband Evolis Easy4Pro YMCKO-KO &#8211; N7H206NAAA, halvpanel (250 utskrifter) \u00e4r ett f\u00e4rgband f\u00f6r utskrift av plastkort med skarpa f\u00e4rger, tydlig text<\/p>","protected":false},"featured_media":156472,"template":"","meta":{"_acf_changed":false},"product_brand":[],"product_cat":[4856,4859],"product_tag":[4863],"class_list":{"0":"post-156473","1":"product","2":"type-product","3":"status-publish","4":"has-post-thumbnail","6":"product_cat-easy4-pro","7":"product_cat-primacy-2","8":"product_tag-pf","9":"pa_brands-evolis","10":"tm-no-options","12":"first","13":"outofstock","14":"sale","15":"taxable","16":"shipping-taxable","17":"purchasable","18":"product-type-simple"},"acf":[],"_links":{"self":[{"href":"https:\/\/secureus.se\/pl\/wp-json\/wp\/v2\/product\/156473","targetHints":{"allow":["GET"]}}],"collection":[{"href":"https:\/\/secureus.se\/pl\/wp-json\/wp\/v2\/product"}],"about":[{"href":"https:\/\/secureus.se\/pl\/wp-json\/wp\/v2\/types\/product"}],"wp:featuredmedia":[{"embeddable":true,"href":"https:\/\/secureus.se\/pl\/wp-json\/wp\/v2\/media\/156472"}],"wp:attachment":[{"href":"https:\/\/secureus.se\/pl\/wp-json\/wp\/v2\/media?parent=156473"}],"wp:term":[{"taxonomy":"product_brand","embeddable":true,"href":"https:\/\/secureus.se\/pl\/wp-json\/wp\/v2\/product_brand?post=156473"},{"taxonomy":"product_cat","embeddable":true,"href":"https:\/\/secureus.se\/pl\/wp-json\/wp\/v2\/product_cat?post=156473"},{"taxonomy":"product_tag","embeddable":true,"href":"https:\/\/secureus.se\/pl\/wp-json\/wp\/v2\/product_tag?post=156473"}],"curies":[{"name":"wp","href":"https:\/\/api.w.org\/{rel}","templated":true}]}}