{"id":156554,"date":"2025-09-11T16:15:43","date_gmt":"2025-09-11T14:15:43","guid":{"rendered":"https:\/\/secureus.se\/magicard-prima-463-0-6mil-clear-patch-laminate-with-chip-patch-600-prints\/"},"modified":"2025-10-21T12:23:34","modified_gmt":"2025-10-21T10:23:34","slug":"magicard-prima-463-0-6mil-clear-patch-laminate-with-chip-patch-600-prints","status":"publish","type":"product","link":"https:\/\/secureus.se\/pl\/magicard-prima-463-0-6mil-clear-patch-laminate-with-chip-patch-600-prints\/","title":{"rendered":"Magicard Prima 463 0,6 mil Laminat przezroczysty z \u0142atkami i chipem (600 wydruk\u00f3w)"},"content":{"rendered":"<p>Przezroczysty laminat Magicard Prima 463 zapewnia dodatkow\u0105 warstw\u0119 ochronn\u0105 kartom klienta, zwi\u0119kszaj\u0105c ich odporno\u015b\u0107 na zarysowania, blakni\u0119cie i codzienne \u015bcieranie. Laminat Prima 463 o grubo\u015bci 0,6 mila posiada wyci\u0119ty inteligentny chip, kt\u00f3ry gwarantuje prawid\u0142owe dzia\u0142anie chipa RFID na kartach inteligentnych klienta.<\/p>\n<ul>\n<li>600 wydruk\u00f3w na rolk\u0119<\/li>\n<li>Laminat z przezroczystymi \u0142atkami o grubo\u015bci 0,6 mila i \u0142atk\u0105 odpryskow\u0105<\/li>\n<li>Numer cz\u0119\u015bci producenta \u2013 PRIMA463<\/li>\n<\/ul>\n<p><strong>Kompatybilny z drukark\u0105 kart Magicard Prima 4.<\/strong><\/p>\n<p><strong><br \/>\nWaga produktu:<br \/>\n0,29 kg<br \/>\n<\/strong><\/p>","protected":false},"excerpt":{"rendered":"<p>The Magicard Prima 463 clear patch laminate adds a layer of protection to your customer cards to increase\u00a0durability again scratching, fading and everyday abrasions. In 0.6 mil thickness, the Prima<\/p>","protected":false},"featured_media":156548,"template":"","meta":{"_acf_changed":false},"product_brand":[],"product_cat":[4838,3216],"product_tag":[4863],"class_list":{"0":"post-156554","1":"product","2":"type-product","3":"status-publish","4":"has-post-thumbnail","6":"product_cat-magicard-prima-band","7":"product_cat-magicard-fargband-retransfer","8":"product_tag-pf","9":"pa_brands-magicard","10":"tm-has-options","12":"first","13":"outofstock","14":"sale","15":"taxable","16":"shipping-taxable","17":"purchasable","18":"product-type-simple"},"acf":[],"_links":{"self":[{"href":"https:\/\/secureus.se\/pl\/wp-json\/wp\/v2\/product\/156554","targetHints":{"allow":["GET"]}}],"collection":[{"href":"https:\/\/secureus.se\/pl\/wp-json\/wp\/v2\/product"}],"about":[{"href":"https:\/\/secureus.se\/pl\/wp-json\/wp\/v2\/types\/product"}],"wp:featuredmedia":[{"embeddable":true,"href":"https:\/\/secureus.se\/pl\/wp-json\/wp\/v2\/media\/156548"}],"wp:attachment":[{"href":"https:\/\/secureus.se\/pl\/wp-json\/wp\/v2\/media?parent=156554"}],"wp:term":[{"taxonomy":"product_brand","embeddable":true,"href":"https:\/\/secureus.se\/pl\/wp-json\/wp\/v2\/product_brand?post=156554"},{"taxonomy":"product_cat","embeddable":true,"href":"https:\/\/secureus.se\/pl\/wp-json\/wp\/v2\/product_cat?post=156554"},{"taxonomy":"product_tag","embeddable":true,"href":"https:\/\/secureus.se\/pl\/wp-json\/wp\/v2\/product_tag?post=156554"}],"curies":[{"name":"wp","href":"https:\/\/api.w.org\/{rel}","templated":true}]}}