{"id":156570,"date":"2025-09-11T16:15:43","date_gmt":"2025-09-11T14:15:43","guid":{"rendered":"https:\/\/secureus.se\/magicard-461-snowflake-overlay-film-1000-prints\/"},"modified":"2026-03-26T10:01:11","modified_gmt":"2026-03-26T09:01:11","slug":"magicard-461-snowflake-overlay-film-1000-prints","status":"publish","type":"product","link":"https:\/\/secureus.se\/pl\/magicard-461-snowflake-overlay-film-1000-prints\/","title":{"rendered":"Magicard 461 Snowflake Overlay Film (1000 wydruk\u00f3w)"},"content":{"rendered":"<p>Magicard 461 to laminat w kszta\u0142cie p\u0142atka \u015bniegu, przeznaczony do u\u017cytku z Magicard Prima 4 z modu\u0142em laminuj\u0105cym. Laminat ten pomaga zapobiega\u0107 fa\u0142szerstwom i chroni wydrukowane karty plastikowe przed codziennymi otarciami i migracj\u0105 barwnik\u00f3w.<\/p>\n<ul>\n<li>\n<p>1000 wydruk\u00f3w<\/p>\n<\/li>\n<li>\n<p>Nak\u0142adka z wzorem p\u0142atka \u015bniegu<\/p>\n<\/li>\n<li>\n<p>Kompatybilny z drukark\u0105 kart Magicard Prima z modu\u0142em laminuj\u0105cym<\/p>\n<\/li>\n<\/ul>\n<p>\n <strong><br \/>\n Waga produktu:<br \/>\n 0,29 kg<br \/>\n <\/strong>\n <\/p>","protected":false},"excerpt":{"rendered":"<p>The Magicard 461 is a snowflake designed laminate that\u2019s made for use with the Magicard Prima 4 with the lamination module. This laminate helps deter counterfeiting and protect printed plastic<\/p>","protected":false},"featured_media":156569,"template":"","meta":{"_acf_changed":false},"product_brand":[],"product_cat":[4838,3216],"product_tag":[4863],"class_list":{"0":"post-156570","1":"product","2":"type-product","3":"status-publish","4":"has-post-thumbnail","6":"product_cat-magicard-prima-band","7":"product_cat-magicard-fargband-retransfer","8":"product_tag-pf","9":"pa_brands-magicard","10":"tm-has-options","12":"first","13":"outofstock","14":"sale","15":"taxable","16":"shipping-taxable","17":"purchasable","18":"product-type-simple"},"acf":[],"_links":{"self":[{"href":"https:\/\/secureus.se\/pl\/wp-json\/wp\/v2\/product\/156570","targetHints":{"allow":["GET"]}}],"collection":[{"href":"https:\/\/secureus.se\/pl\/wp-json\/wp\/v2\/product"}],"about":[{"href":"https:\/\/secureus.se\/pl\/wp-json\/wp\/v2\/types\/product"}],"wp:featuredmedia":[{"embeddable":true,"href":"https:\/\/secureus.se\/pl\/wp-json\/wp\/v2\/media\/156569"}],"wp:attachment":[{"href":"https:\/\/secureus.se\/pl\/wp-json\/wp\/v2\/media?parent=156570"}],"wp:term":[{"taxonomy":"product_brand","embeddable":true,"href":"https:\/\/secureus.se\/pl\/wp-json\/wp\/v2\/product_brand?post=156570"},{"taxonomy":"product_cat","embeddable":true,"href":"https:\/\/secureus.se\/pl\/wp-json\/wp\/v2\/product_cat?post=156570"},{"taxonomy":"product_tag","embeddable":true,"href":"https:\/\/secureus.se\/pl\/wp-json\/wp\/v2\/product_tag?post=156570"}],"curies":[{"name":"wp","href":"https:\/\/api.w.org\/{rel}","templated":true}]}}