{"id":156592,"date":"2025-09-11T16:15:45","date_gmt":"2025-09-11T14:15:45","guid":{"rendered":"https:\/\/secureus.se\/magicard-mc600ko-black-monochrome-ribbon-600-prints\/"},"modified":"2025-10-21T12:23:29","modified_gmt":"2025-10-21T10:23:29","slug":"magicard-mc600ko-black-monochrome-ribbon-600-prints","status":"publish","type":"product","link":"https:\/\/secureus.se\/pl\/magicard-mc600ko-black-monochrome-ribbon-600-prints\/","title":{"rendered":"Magicard MC600KO Czarna ta\u015bma monochromatyczna (600 wydruk\u00f3w)"},"content":{"rendered":"<p>Czarna ta\u015bma Magicard MC600KO to folia przeznaczona do drukarek Magicard 300 ID, tworz\u0105ca wyra\u017any, szczeg\u00f3\u0142owy tekst i dok\u0142adne kody kreskowe, kt\u00f3re s\u0105 idealne do monochromatycznych kart identyfikacyjnych. Produkuj\u0105c do 600 wydruk\u00f3w na rolce, ta\u015bma ta posiada r\u00f3wnie\u017c przezroczysty panel nak\u0142adkowy, kt\u00f3ry dodaje warstw\u0119 ochronn\u0105 przed zarysowaniami, blakni\u0119ciem i codziennymi otarciami.<\/p>\n<ul>\n<li>600 pe\u0142nokolorowych wydruk\u00f3w na rolce<\/li>\n<li>Wst\u0105\u017cka KO (czarna i nak\u0142adana)<\/li>\n<li>Numer cz\u0119\u015bci producenta: MC600KO\/3<\/li>\n<\/ul>\n<p><strong>Kompatybilny z drukark\u0105 kart Magicard 300.<\/strong><\/p>\n<p><strong><br \/>\nWaga produktu:<br \/>\n0,20 kg<br \/>\n<\/strong><\/p>","protected":false},"excerpt":{"rendered":"<p>The Magicard MC600KO black ribbon is film specific to the Magicard 300 ID card printer, creating crisp, detailed text and accurate barcodes that are perfect for monochrome ID cards. Producing<\/p>","protected":false},"featured_media":156587,"template":"","meta":{"_acf_changed":false},"product_brand":[],"product_cat":[4829,3216],"product_tag":[4863],"class_list":{"0":"post-156592","1":"product","2":"type-product","3":"status-publish","4":"has-post-thumbnail","6":"product_cat-magicard-300-band","7":"product_cat-magicard-fargband-retransfer","8":"product_tag-pf","9":"pa_brands-magicard","10":"tm-has-options","12":"first","13":"instock","14":"sale","15":"taxable","16":"shipping-taxable","17":"purchasable","18":"product-type-simple"},"acf":[],"_links":{"self":[{"href":"https:\/\/secureus.se\/pl\/wp-json\/wp\/v2\/product\/156592","targetHints":{"allow":["GET"]}}],"collection":[{"href":"https:\/\/secureus.se\/pl\/wp-json\/wp\/v2\/product"}],"about":[{"href":"https:\/\/secureus.se\/pl\/wp-json\/wp\/v2\/types\/product"}],"wp:featuredmedia":[{"embeddable":true,"href":"https:\/\/secureus.se\/pl\/wp-json\/wp\/v2\/media\/156587"}],"wp:attachment":[{"href":"https:\/\/secureus.se\/pl\/wp-json\/wp\/v2\/media?parent=156592"}],"wp:term":[{"taxonomy":"product_brand","embeddable":true,"href":"https:\/\/secureus.se\/pl\/wp-json\/wp\/v2\/product_brand?post=156592"},{"taxonomy":"product_cat","embeddable":true,"href":"https:\/\/secureus.se\/pl\/wp-json\/wp\/v2\/product_cat?post=156592"},{"taxonomy":"product_tag","embeddable":true,"href":"https:\/\/secureus.se\/pl\/wp-json\/wp\/v2\/product_tag?post=156592"}],"curies":[{"name":"wp","href":"https:\/\/api.w.org\/{rel}","templated":true}]}}