{"id":156630,"date":"2025-09-11T16:35:46","date_gmt":"2025-09-11T14:35:46","guid":{"rendered":"https:\/\/secureus.se\/fargo-84511-ymck-colour-ribbon-500-prints\/"},"modified":"2026-03-26T09:57:43","modified_gmt":"2026-03-26T08:57:43","slug":"fargo-84511-ymck-colour-ribbon-500-prints","status":"publish","type":"product","link":"https:\/\/secureus.se\/pl\/fargo-84511-ymck-colour-ribbon-500-prints\/","title":{"rendered":"Fargo 84511 YMCK kolorowa wst\u0105\u017cka (500 wydruk\u00f3w)"},"content":{"rendered":"<p>Fargo 84511 to kolorowa ta\u015bma YMCK z czterema panelami kolorowymi, w tym czarnym panelem monochromatycznym, kt\u00f3ry umo\u017cliwia drukowanie czarnego tekstu i\/lub kod\u00f3w kreskowych. Ta\u015bma ta powinna by\u0107 stosowana z foliami retransferowymi Fargo 84500 lub 84501.<\/p>\n<ul>\n<li>\n<p>500 wydruk\u00f3w<\/p>\n<\/li>\n<li>\n<p>Ta\u015bma YMCK (panele \u017c\u00f3\u0142te, magenta, cyjan i czarne)<\/p>\n<\/li>\n<li>\n<p>Kompatybilny z drukark\u0105 kart Fargo HDP5600 i HDP5000e<\/p>\n<\/li>\n<li>\n<p>*Kompatybilny z aktualizacj\u0105 oprogramowania uk\u0142adowego<\/p>\n<\/li>\n<\/ul>\n<p>\n <strong><br \/>\n Waga produktu:<br \/>\n 0,20 kg<br \/>\n <\/strong>\n <\/p>","protected":false},"excerpt":{"rendered":"<p>Fargo 84511 to kolorowa ta\u015bma YMCK z czterema panelami kolor\u00f3w, w tym czarnym panelem monochromatycznym, kt\u00f3ry u\u0142atwia drukowanie czarnego tekstu i\/lub kod\u00f3w kreskowych. Ta ta\u015bma powinna by\u0107<\/p>","protected":false},"featured_media":156627,"template":"","meta":{"_acf_changed":false},"product_brand":[],"product_cat":[4846,4850,4851],"product_tag":[4863],"class_list":{"0":"post-156630","1":"product","2":"type-product","3":"status-publish","4":"has-post-thumbnail","6":"product_cat-dtc4500-band","7":"product_cat-hdp5000-band","8":"product_cat-hdp5000e-band","9":"product_tag-pf","10":"pa_brands-fargo","11":"tm-no-options","13":"first","14":"instock","15":"sale","16":"taxable","17":"shipping-taxable","18":"purchasable","19":"product-type-simple"},"acf":[],"_links":{"self":[{"href":"https:\/\/secureus.se\/pl\/wp-json\/wp\/v2\/product\/156630","targetHints":{"allow":["GET"]}}],"collection":[{"href":"https:\/\/secureus.se\/pl\/wp-json\/wp\/v2\/product"}],"about":[{"href":"https:\/\/secureus.se\/pl\/wp-json\/wp\/v2\/types\/product"}],"wp:featuredmedia":[{"embeddable":true,"href":"https:\/\/secureus.se\/pl\/wp-json\/wp\/v2\/media\/156627"}],"wp:attachment":[{"href":"https:\/\/secureus.se\/pl\/wp-json\/wp\/v2\/media?parent=156630"}],"wp:term":[{"taxonomy":"product_brand","embeddable":true,"href":"https:\/\/secureus.se\/pl\/wp-json\/wp\/v2\/product_brand?post=156630"},{"taxonomy":"product_cat","embeddable":true,"href":"https:\/\/secureus.se\/pl\/wp-json\/wp\/v2\/product_cat?post=156630"},{"taxonomy":"product_tag","embeddable":true,"href":"https:\/\/secureus.se\/pl\/wp-json\/wp\/v2\/product_tag?post=156630"}],"curies":[{"name":"wp","href":"https:\/\/api.w.org\/{rel}","templated":true}]}}