{"id":156632,"date":"2025-09-11T16:35:42","date_gmt":"2025-09-11T14:35:42","guid":{"rendered":"https:\/\/secureus.se\/fargo-45710-ymckok-ribbon-500-prints\/"},"modified":"2026-04-08T17:02:29","modified_gmt":"2026-04-08T15:02:29","slug":"fargo-45710-ymckok-ribbon-500-prints","status":"publish","type":"product","link":"https:\/\/secureus.se\/pl\/fargo-45710-ymckok-ribbon-500-prints\/","title":{"rendered":"Wst\u0105\u017cka Fargo YMCKOK \u2013 45710 (500 wydruk\u00f3w)"},"content":{"rendered":"<h1>Wst\u0105\u017cka<br \/>\n  Fargo YMCKOK &#8211; 45710 (500 utskrifter)<\/h1>\n<p>F\u00e4rgband Fargo YMCKOK &#8211; 45710 (500 utskrifter) \u00e4r ett f\u00e4rgband f\u00f6r<br \/>\n  drukowanie kart plastikowych o ostrych kolorach, wyra\u017anym tek\u015bcie i dobrej jako\u015bci<br \/>\n  reprodukcja szczeg\u00f3\u0142\u00f3w. Ta\u015bma YMCKOK zapewnia prawid\u0142ow\u0105 kombinacj\u0119 paneli kolor\u00f3w i<br \/>\n  Pow\u0142oka ochronna do profesjonalnego druku kart.<\/p>\n<p>Nadaje si\u0119 do dowod\u00f3w osobistych, kart dost\u0119pu, kart cz\u0142onkowskich i innych<br \/>\n  karty plastikowe, gdzie liczy si\u0119 wysoka jako\u015b\u0107 druku i niezawodno\u015b\u0107<br \/>\n  wa\u017cny.<\/p>\n<ul>\n<li>Pojemno\u015b\u0107: do 500 wydruk\u00f3w<\/li>\n<li>Typ zespo\u0142u: YMCKOK<\/li>\n<li>Nadaje si\u0119 do dwustronnego druku kart<\/li>\n<li>Artikelnummer: 45710<\/li>\n<\/ul>\n<p><strong>Kompatibel med Fargo DTC5500LMX och<br \/>\n  DTC4500.<\/strong><\/p>\n<p><strong>Waga produktu:<\/strong> 0,20 kg<\/p>","protected":false},"excerpt":{"rendered":"<p>F\u00e4rgband Fargo YMCKOK &#8211; 45710 (500 utskrifter) F\u00e4rgband Fargo YMCKOK &#8211; 45710 (500 utskrifter) \u00e4r ett f\u00e4rgband f\u00f6r utskrift av plastkort med skarpa f\u00e4rger, tydlig text och bra detalj\u00e5tergivning. Bandtypen<\/p>","protected":false},"featured_media":156631,"template":"","meta":{"_acf_changed":false},"product_brand":[],"product_cat":[4846],"product_tag":[4863],"class_list":{"0":"post-156632","1":"product","2":"type-product","3":"status-publish","4":"has-post-thumbnail","6":"product_cat-dtc4500-band","7":"product_tag-pf","8":"pa_brands-fargo","9":"tm-no-options","11":"first","12":"outofstock","13":"sale","14":"taxable","15":"shipping-taxable","16":"purchasable","17":"product-type-simple"},"acf":[],"_links":{"self":[{"href":"https:\/\/secureus.se\/pl\/wp-json\/wp\/v2\/product\/156632","targetHints":{"allow":["GET"]}}],"collection":[{"href":"https:\/\/secureus.se\/pl\/wp-json\/wp\/v2\/product"}],"about":[{"href":"https:\/\/secureus.se\/pl\/wp-json\/wp\/v2\/types\/product"}],"wp:featuredmedia":[{"embeddable":true,"href":"https:\/\/secureus.se\/pl\/wp-json\/wp\/v2\/media\/156631"}],"wp:attachment":[{"href":"https:\/\/secureus.se\/pl\/wp-json\/wp\/v2\/media?parent=156632"}],"wp:term":[{"taxonomy":"product_brand","embeddable":true,"href":"https:\/\/secureus.se\/pl\/wp-json\/wp\/v2\/product_brand?post=156632"},{"taxonomy":"product_cat","embeddable":true,"href":"https:\/\/secureus.se\/pl\/wp-json\/wp\/v2\/product_cat?post=156632"},{"taxonomy":"product_tag","embeddable":true,"href":"https:\/\/secureus.se\/pl\/wp-json\/wp\/v2\/product_tag?post=156632"}],"curies":[{"name":"wp","href":"https:\/\/api.w.org\/{rel}","templated":true}]}}