{"id":156634,"date":"2025-09-11T16:35:46","date_gmt":"2025-09-11T14:35:46","guid":{"rendered":"https:\/\/secureus.se\/fargo-45440-ymcko-ribbon-100-prints\/"},"modified":"2026-03-26T09:57:30","modified_gmt":"2026-03-26T08:57:30","slug":"fargo-45440-ymcko-ribbon-100-prints","status":"publish","type":"product","link":"https:\/\/secureus.se\/pl\/fargo-45440-ymcko-ribbon-100-prints\/","title":{"rendered":"Wst\u0105\u017cka Fargo 45440 YMCKO (100 wydruk\u00f3w)"},"content":{"rendered":"<p>Ta\u015bma Fargo 45440 YMCKO pozwala na druk wysokiej jako\u015bci, pe\u0142nokolorowych kart identyfikacyjnych. Panele kolorowe YMC zapewniaj\u0105 szczeg\u00f3\u0142owe i jasne obrazy o fotograficznej rozdzielczo\u015bci, a \u017cywica w kolorze g\u0142\u0119bokiej czerni idealnie nadaje si\u0119 do druku ostrego, czarnego tekstu i precyzyjnych kod\u00f3w kreskowych. Przezroczysta pow\u0142oka zapewnia dodatkow\u0105 warstw\u0119 ochronn\u0105, zapobiegaj\u0105c blakni\u0119ciu kart i codziennym otarciom.<\/p>\n<ul>\n<li>100 wydruk\u00f3w na rolk\u0119<\/li>\n<li>Wst\u0105\u017cka YMCKO (panele \u017c\u00f3\u0142ty, magenta, cyjan, czarny i nak\u0142adany)<\/li>\n<li>Numer cz\u0119\u015bci producenta: 45440<\/li>\n<\/ul>\n<p><strong>Kompatybilny z drukark\u0105 kart Fargo C50.<\/strong><\/p>\n<p>\n <strong><br \/>\n Waga produktu:<br \/>\n 0,05 kg<br \/>\n <\/strong>\n <\/p>","protected":false},"excerpt":{"rendered":"<p>Ta\u015bma Fargo 45440 YMCKO pozwala na druk wysokiej jako\u015bci, pe\u0142nokolorowych kart identyfikacyjnych. Panele kolorowe YMC tworz\u0105 szczeg\u00f3\u0142owe i jasne obrazy o rozdzielczo\u015bci fotograficznej, a \u017cywica w kolorze czarnym idealnie nadaje si\u0119 do ostrych, czarnych kart.<\/p>","protected":false},"featured_media":156633,"template":"","meta":{"_acf_changed":false},"product_brand":[],"product_cat":[4849],"product_tag":[4863],"class_list":{"0":"post-156634","1":"product","2":"type-product","3":"status-publish","4":"has-post-thumbnail","6":"product_cat-c50-band","7":"product_tag-pf","8":"pa_brands-fargo","9":"tm-no-options","11":"first","12":"instock","13":"sale","14":"taxable","15":"shipping-taxable","16":"purchasable","17":"product-type-simple"},"acf":[],"_links":{"self":[{"href":"https:\/\/secureus.se\/pl\/wp-json\/wp\/v2\/product\/156634","targetHints":{"allow":["GET"]}}],"collection":[{"href":"https:\/\/secureus.se\/pl\/wp-json\/wp\/v2\/product"}],"about":[{"href":"https:\/\/secureus.se\/pl\/wp-json\/wp\/v2\/types\/product"}],"wp:featuredmedia":[{"embeddable":true,"href":"https:\/\/secureus.se\/pl\/wp-json\/wp\/v2\/media\/156633"}],"wp:attachment":[{"href":"https:\/\/secureus.se\/pl\/wp-json\/wp\/v2\/media?parent=156634"}],"wp:term":[{"taxonomy":"product_brand","embeddable":true,"href":"https:\/\/secureus.se\/pl\/wp-json\/wp\/v2\/product_brand?post=156634"},{"taxonomy":"product_cat","embeddable":true,"href":"https:\/\/secureus.se\/pl\/wp-json\/wp\/v2\/product_cat?post=156634"},{"taxonomy":"product_tag","embeddable":true,"href":"https:\/\/secureus.se\/pl\/wp-json\/wp\/v2\/product_tag?post=156634"}],"curies":[{"name":"wp","href":"https:\/\/api.w.org\/{rel}","templated":true}]}}